{"id":10653,"date":"2025-06-29T13:27:08","date_gmt":"2025-06-29T11:27:08","guid":{"rendered":"https:\/\/uj.adatbank.ro\/lexikon\/termek\/jakab-istvan-3\/"},"modified":"2025-06-29T13:27:08","modified_gmt":"2025-06-29T11:27:08","slug":"jakab-istvan-3","status":"publish","type":"product","link":"https:\/\/uj.adatbank.ro\/lexikon\/termek\/jakab-istvan-3\/","title":{"rendered":"JAKAB Istv\u00e1n"},"content":{"rendered":"<p>Sz\u00e1szbeszterce, 1925., \u2020 ? : mesemond\u00f3, sz\u00e9n\u00e9get\u0151 munk\u00e1s. \u2013 G\u00f6rg\u00e9ny\u00fcvegcs\u0171ri, cig\u00e1ny sz\u00e1rmaz\u00e1s\u00fa, lak\u00f3s. Gyermekk\u00e9nt v\u00e1ndorolt a sz\u00fcleivel, volt kov\u00e1csinas, suszterinas, ed\u00e9nyekkel, lovakkal kereskedett. Katona \u00e9s hadifogoly t\u00f6bb mint n\u00e9gy \u00e9vig. Hazat\u00e9r\u00e9se ut\u00e1n megn\u0151s\u00fclt \u00e9s feles\u00e9ge sz\u00e9n\u00e9get\u0151 csal\u00e1dja hat\u00e1s\u00e1ra sz\u00e9n\u00e9get\u0151 lett, de mindig iparos mester szeretett volna lenni. A G\u00f6rg\u00e9nyi-havasokban dolgozott \u00e9s k\u00f6zel h\u00fasz \u00e9vig volt elismert mesemond\u00f3. A csal\u00e1dj\u00e1ban a sz\u00f3beli m\u0171v\u00e9szet m\u00e9g elevenen \u00e9lt, \u00edgy a gyermekkor\u00e1ban hallott mes\u00e9ket adta tov\u00e1bb. A mes\u00e9l\u00e9sben \u00f6nmag\u00e1r\u00f3l is vallott. \u2013 <strong>F. m.:<\/strong> A mesemond\u00f3 Jakab Istv\u00e1n (a mes\u00e9ket gy\u0171jt\u00f6tte \u00e9s lejegyezte, bev. tanulm\u00e1ny, jegyz. Nagy Olga, V\u00f6\u0151 Gabriella; Buc., 1974). <br \/><strong>Irod.:<\/strong> Nagy Olga, V\u00f6\u0151 Gabriella: J. I., a havasi mesemond\u00f3 (K\u00f6nyvt\u00e1ri Szemle, 1. sz., 1973)<\/br><\/p>\n","protected":false},"excerpt":{"rendered":"<p>Sz\u00e1szbeszterce, 1925., \u2020 ? : mesemond\u00f3, sz\u00e9n\u00e9get\u0151 munk\u00e1s. \u2013 G\u00f6rg\u00e9ny\u00fcvegcs\u0171ri, cig\u00e1ny sz\u00e1rmaz\u00e1s\u00fa, lak\u00f3s. Gyermekk\u00e9nt v\u00e1ndorolt a sz\u00fcleivel, volt kov\u00e1csinas, suszterinas, ed\u00e9nyekkel, lovakkal kereskedett. Katona \u00e9s hadifogoly t\u00f6bb mint n\u00e9gy \u00e9vig. Hazat\u00e9r\u00e9se ut\u00e1n megn\u0151s\u00fclt \u00e9s feles\u00e9ge sz\u00e9n\u00e9get\u0151 csal\u00e1dja hat\u00e1s\u00e1ra sz\u00e9n\u00e9get\u0151 lett, de mindig iparos mester szeretett volna lenni. A G\u00f6rg\u00e9nyi-havasokban dolgozott \u00e9s k\u00f6zel h\u00fasz \u00e9vig volt [&hellip;]<\/p>\n","protected":false},"featured_media":0,"comment_status":"open","ping_status":"closed","template":"","meta":[],"product_brand":[],"product_cat":[137],"product_tag":[],"class_list":{"0":"post-10653","1":"product","2":"type-product","3":"status-publish","5":"product_cat-maros-megyei-eletrajzi-lexikon","7":"first","8":"instock","9":"shipping-taxable","10":"product-type-simple"},"_links":{"self":[{"href":"https:\/\/uj.adatbank.ro\/lexikon\/wp-json\/wp\/v2\/product\/10653","targetHints":{"allow":["GET"]}}],"collection":[{"href":"https:\/\/uj.adatbank.ro\/lexikon\/wp-json\/wp\/v2\/product"}],"about":[{"href":"https:\/\/uj.adatbank.ro\/lexikon\/wp-json\/wp\/v2\/types\/product"}],"replies":[{"embeddable":true,"href":"https:\/\/uj.adatbank.ro\/lexikon\/wp-json\/wp\/v2\/comments?post=10653"}],"wp:attachment":[{"href":"https:\/\/uj.adatbank.ro\/lexikon\/wp-json\/wp\/v2\/media?parent=10653"}],"wp:term":[{"taxonomy":"product_brand","embeddable":true,"href":"https:\/\/uj.adatbank.ro\/lexikon\/wp-json\/wp\/v2\/product_brand?post=10653"},{"taxonomy":"product_cat","embeddable":true,"href":"https:\/\/uj.adatbank.ro\/lexikon\/wp-json\/wp\/v2\/product_cat?post=10653"},{"taxonomy":"product_tag","embeddable":true,"href":"https:\/\/uj.adatbank.ro\/lexikon\/wp-json\/wp\/v2\/product_tag?post=10653"}],"curies":[{"name":"wp","href":"https:\/\/api.w.org\/{rel}","templated":true}]}}