{"id":10654,"date":"2025-06-29T13:27:09","date_gmt":"2025-06-29T11:27:09","guid":{"rendered":"https:\/\/uj.adatbank.ro\/lexikon\/termek\/jakab-istvan-jakab-stefan\/"},"modified":"2025-06-29T13:27:09","modified_gmt":"2025-06-29T11:27:09","slug":"jakab-istvan-jakab-stefan","status":"publish","type":"product","link":"https:\/\/uj.adatbank.ro\/lexikon\/termek\/jakab-istvan-jakab-stefan\/","title":{"rendered":"JAKAB Istv\u00e1n, Jakab \u015etefan"},"content":{"rendered":"<p>? \u2020\u00a0? : titk\u00e1r. \u2013 A MAT RMP Tartom\u00e1nyi bizotts\u00e1g\u00e1nak titk\u00e1ra (1955 k.), a P\u00e1rt Koll. tagja, a MMAT PB titk\u00e1ra (1960. jan. 2. \u2013), a PB tagja (1968. febr. 20.), tiszt\u00faj\u00edt\u00e1s ut\u00e1n a PB b\u00fcr\u00f3j\u00e1nak tagja, titk\u00e1r (1968. nov. 24.). <br \/><strong>Irod.:<\/strong> Bartos 2012; Cri\u015fan; Id\u0151t\u00e1r 4.<\/br><\/p>\n","protected":false},"excerpt":{"rendered":"<p>? \u2020\u00a0? : titk\u00e1r. \u2013 A MAT RMP Tartom\u00e1nyi bizotts\u00e1g\u00e1nak titk\u00e1ra (1955 k.), a P\u00e1rt Koll. tagja, a MMAT PB titk\u00e1ra (1960. jan. 2. \u2013), a PB tagja (1968. febr. 20.), tiszt\u00faj\u00edt\u00e1s ut\u00e1n a PB b\u00fcr\u00f3j\u00e1nak tagja, titk\u00e1r (1968. nov. 24.). Irod.: Bartos 2012; Cri\u015fan; Id\u0151t\u00e1r 4.<\/p>\n","protected":false},"featured_media":0,"comment_status":"open","ping_status":"closed","template":"","meta":[],"product_brand":[],"product_cat":[137],"product_tag":[],"class_list":{"0":"post-10654","1":"product","2":"type-product","3":"status-publish","5":"product_cat-maros-megyei-eletrajzi-lexikon","7":"first","8":"instock","9":"shipping-taxable","10":"product-type-simple"},"_links":{"self":[{"href":"https:\/\/uj.adatbank.ro\/lexikon\/wp-json\/wp\/v2\/product\/10654","targetHints":{"allow":["GET"]}}],"collection":[{"href":"https:\/\/uj.adatbank.ro\/lexikon\/wp-json\/wp\/v2\/product"}],"about":[{"href":"https:\/\/uj.adatbank.ro\/lexikon\/wp-json\/wp\/v2\/types\/product"}],"replies":[{"embeddable":true,"href":"https:\/\/uj.adatbank.ro\/lexikon\/wp-json\/wp\/v2\/comments?post=10654"}],"wp:attachment":[{"href":"https:\/\/uj.adatbank.ro\/lexikon\/wp-json\/wp\/v2\/media?parent=10654"}],"wp:term":[{"taxonomy":"product_brand","embeddable":true,"href":"https:\/\/uj.adatbank.ro\/lexikon\/wp-json\/wp\/v2\/product_brand?post=10654"},{"taxonomy":"product_cat","embeddable":true,"href":"https:\/\/uj.adatbank.ro\/lexikon\/wp-json\/wp\/v2\/product_cat?post=10654"},{"taxonomy":"product_tag","embeddable":true,"href":"https:\/\/uj.adatbank.ro\/lexikon\/wp-json\/wp\/v2\/product_tag?post=10654"}],"curies":[{"name":"wp","href":"https:\/\/api.w.org\/{rel}","templated":true}]}}