{"id":10657,"date":"2025-06-29T13:27:16","date_gmt":"2025-06-29T11:27:16","guid":{"rendered":"https:\/\/uj.adatbank.ro\/lexikon\/termek\/jakab-janos-homorodalmasi\/"},"modified":"2025-06-29T13:27:16","modified_gmt":"2025-06-29T11:27:16","slug":"jakab-janos-homorodalmasi","status":"publish","type":"product","link":"https:\/\/uj.adatbank.ro\/lexikon\/termek\/jakab-janos-homorodalmasi\/","title":{"rendered":"JAKAB J\u00e1nos, homor\u00f3dalm\u00e1si"},"content":{"rendered":"<p>? \u2020\u00a0?: \u00fcgyv\u00e9d. \u2013 Bolyai Farkas csal\u00e1di bar\u00e1tja. A fia J. Lajos orvos. \u2013 Kir\u00e1lyi t\u00e1blab\u00edr\u00f3, mv.-i \u00fcgyv\u00e9d, jogi szaktekint\u00e9ly. \u2013 <strong>F. m.:<\/strong> Stylionarium nonnulla stylorum curialium exempla = A t\u00f6rv\u00e9nykez\u00e9s rend\u00e9n el\u00e9 fordul\u00f3 stylusok magyar\u00e1zatj\u00e1r\u00f3l (Mv., 1835). <br \/><strong>Irod.:<\/strong> Kr\u00f3n. F\u00fcz. (1939. 4\/5); Szinnyei<\/br><\/p>\n","protected":false},"excerpt":{"rendered":"<p>? \u2020\u00a0?: \u00fcgyv\u00e9d. \u2013 Bolyai Farkas csal\u00e1di bar\u00e1tja. A fia J. Lajos orvos. \u2013 Kir\u00e1lyi t\u00e1blab\u00edr\u00f3, mv.-i \u00fcgyv\u00e9d, jogi szaktekint\u00e9ly. \u2013 F. m.: Stylionarium nonnulla stylorum curialium exempla = A t\u00f6rv\u00e9nykez\u00e9s rend\u00e9n el\u00e9 fordul\u00f3 stylusok magyar\u00e1zatj\u00e1r\u00f3l (Mv., 1835). Irod.: Kr\u00f3n. F\u00fcz. (1939. 4\/5); Szinnyei<\/p>\n","protected":false},"featured_media":0,"comment_status":"open","ping_status":"closed","template":"","meta":[],"product_brand":[],"product_cat":[137],"product_tag":[],"class_list":{"0":"post-10657","1":"product","2":"type-product","3":"status-publish","5":"product_cat-maros-megyei-eletrajzi-lexikon","7":"first","8":"instock","9":"shipping-taxable","10":"product-type-simple"},"_links":{"self":[{"href":"https:\/\/uj.adatbank.ro\/lexikon\/wp-json\/wp\/v2\/product\/10657","targetHints":{"allow":["GET"]}}],"collection":[{"href":"https:\/\/uj.adatbank.ro\/lexikon\/wp-json\/wp\/v2\/product"}],"about":[{"href":"https:\/\/uj.adatbank.ro\/lexikon\/wp-json\/wp\/v2\/types\/product"}],"replies":[{"embeddable":true,"href":"https:\/\/uj.adatbank.ro\/lexikon\/wp-json\/wp\/v2\/comments?post=10657"}],"wp:attachment":[{"href":"https:\/\/uj.adatbank.ro\/lexikon\/wp-json\/wp\/v2\/media?parent=10657"}],"wp:term":[{"taxonomy":"product_brand","embeddable":true,"href":"https:\/\/uj.adatbank.ro\/lexikon\/wp-json\/wp\/v2\/product_brand?post=10657"},{"taxonomy":"product_cat","embeddable":true,"href":"https:\/\/uj.adatbank.ro\/lexikon\/wp-json\/wp\/v2\/product_cat?post=10657"},{"taxonomy":"product_tag","embeddable":true,"href":"https:\/\/uj.adatbank.ro\/lexikon\/wp-json\/wp\/v2\/product_tag?post=10657"}],"curies":[{"name":"wp","href":"https:\/\/api.w.org\/{rel}","templated":true}]}}