{"id":10658,"date":"2025-06-29T13:27:18","date_gmt":"2025-06-29T11:27:18","guid":{"rendered":"https:\/\/uj.adatbank.ro\/lexikon\/termek\/jakab-jozsef\/"},"modified":"2025-06-29T13:27:18","modified_gmt":"2025-06-29T11:27:18","slug":"jakab-jozsef","status":"publish","type":"product","link":"https:\/\/uj.adatbank.ro\/lexikon\/termek\/jakab-jozsef\/","title":{"rendered":"JAKAB J\u00f3zsef"},"content":{"rendered":"<p>S\u00e1romberke, 1865., \u2020 Mv., 1928.: tan\u00edt\u00f3, igazgat\u00f3. \u2013 Iskol\u00e1it Nagyenyeden v\u00e9gezte. Mv.-en volt \u00e1llami iskolai tan\u00edt\u00f3, igazgat\u00f3 T\u0151bb mint n\u00e9gy \u00e9vtizeden kereszt\u00fcl fejtett ki pedag\u00f3giai munk\u00e1ss\u00e1got. Mint k\u00e1ntor k\u00e1pl\u00e1ni \u00e9s \u00e9nekvez\u00e9ri teend\u0151ket is v\u00e9gzett, t\u00f6bbsz\u00f6r r\u00e9szes\u00fclt elismer\u00e9sben, kit\u00fcntet\u00e9sben. <br \/><strong>Irod.:<\/strong> Sz\u00e9kelyf\u00f6ld \u00ed. k.<\/br><\/p>\n","protected":false},"excerpt":{"rendered":"<p>S\u00e1romberke, 1865., \u2020 Mv., 1928.: tan\u00edt\u00f3, igazgat\u00f3. \u2013 Iskol\u00e1it Nagyenyeden v\u00e9gezte. Mv.-en volt \u00e1llami iskolai tan\u00edt\u00f3, igazgat\u00f3 T\u0151bb mint n\u00e9gy \u00e9vtizeden kereszt\u00fcl fejtett ki pedag\u00f3giai munk\u00e1ss\u00e1got. Mint k\u00e1ntor k\u00e1pl\u00e1ni \u00e9s \u00e9nekvez\u00e9ri teend\u0151ket is v\u00e9gzett, t\u00f6bbsz\u00f6r r\u00e9szes\u00fclt elismer\u00e9sben, kit\u00fcntet\u00e9sben. Irod.: Sz\u00e9kelyf\u00f6ld \u00ed. k.<\/p>\n","protected":false},"featured_media":0,"comment_status":"open","ping_status":"closed","template":"","meta":[],"product_brand":[],"product_cat":[137],"product_tag":[],"class_list":{"0":"post-10658","1":"product","2":"type-product","3":"status-publish","5":"product_cat-maros-megyei-eletrajzi-lexikon","7":"first","8":"instock","9":"shipping-taxable","10":"product-type-simple"},"_links":{"self":[{"href":"https:\/\/uj.adatbank.ro\/lexikon\/wp-json\/wp\/v2\/product\/10658","targetHints":{"allow":["GET"]}}],"collection":[{"href":"https:\/\/uj.adatbank.ro\/lexikon\/wp-json\/wp\/v2\/product"}],"about":[{"href":"https:\/\/uj.adatbank.ro\/lexikon\/wp-json\/wp\/v2\/types\/product"}],"replies":[{"embeddable":true,"href":"https:\/\/uj.adatbank.ro\/lexikon\/wp-json\/wp\/v2\/comments?post=10658"}],"wp:attachment":[{"href":"https:\/\/uj.adatbank.ro\/lexikon\/wp-json\/wp\/v2\/media?parent=10658"}],"wp:term":[{"taxonomy":"product_brand","embeddable":true,"href":"https:\/\/uj.adatbank.ro\/lexikon\/wp-json\/wp\/v2\/product_brand?post=10658"},{"taxonomy":"product_cat","embeddable":true,"href":"https:\/\/uj.adatbank.ro\/lexikon\/wp-json\/wp\/v2\/product_cat?post=10658"},{"taxonomy":"product_tag","embeddable":true,"href":"https:\/\/uj.adatbank.ro\/lexikon\/wp-json\/wp\/v2\/product_tag?post=10658"}],"curies":[{"name":"wp","href":"https:\/\/api.w.org\/{rel}","templated":true}]}}