{"id":10661,"date":"2025-06-29T13:27:26","date_gmt":"2025-06-29T11:27:26","guid":{"rendered":"https:\/\/uj.adatbank.ro\/lexikon\/termek\/jakab-lajos\/"},"modified":"2025-06-29T13:27:26","modified_gmt":"2025-06-29T11:27:26","slug":"jakab-lajos","status":"publish","type":"product","link":"https:\/\/uj.adatbank.ro\/lexikon\/termek\/jakab-lajos\/","title":{"rendered":"JAKAB Lajos"},"content":{"rendered":"<p>? \u2020 ? : iskolamester. \u2013 S\u00e1romberk\u00e9n tan\u00edtott (1845\u201375). <br \/><strong>Irod.:<\/strong> S\u00e1romberke<\/br><\/p>\n","protected":false},"excerpt":{"rendered":"<p>? \u2020 ? : iskolamester. \u2013 S\u00e1romberk\u00e9n tan\u00edtott (1845\u201375). Irod.: S\u00e1romberke<\/p>\n","protected":false},"featured_media":0,"comment_status":"open","ping_status":"closed","template":"","meta":[],"product_brand":[],"product_cat":[137],"product_tag":[],"class_list":{"0":"post-10661","1":"product","2":"type-product","3":"status-publish","5":"product_cat-maros-megyei-eletrajzi-lexikon","7":"first","8":"instock","9":"shipping-taxable","10":"product-type-simple"},"_links":{"self":[{"href":"https:\/\/uj.adatbank.ro\/lexikon\/wp-json\/wp\/v2\/product\/10661","targetHints":{"allow":["GET"]}}],"collection":[{"href":"https:\/\/uj.adatbank.ro\/lexikon\/wp-json\/wp\/v2\/product"}],"about":[{"href":"https:\/\/uj.adatbank.ro\/lexikon\/wp-json\/wp\/v2\/types\/product"}],"replies":[{"embeddable":true,"href":"https:\/\/uj.adatbank.ro\/lexikon\/wp-json\/wp\/v2\/comments?post=10661"}],"wp:attachment":[{"href":"https:\/\/uj.adatbank.ro\/lexikon\/wp-json\/wp\/v2\/media?parent=10661"}],"wp:term":[{"taxonomy":"product_brand","embeddable":true,"href":"https:\/\/uj.adatbank.ro\/lexikon\/wp-json\/wp\/v2\/product_brand?post=10661"},{"taxonomy":"product_cat","embeddable":true,"href":"https:\/\/uj.adatbank.ro\/lexikon\/wp-json\/wp\/v2\/product_cat?post=10661"},{"taxonomy":"product_tag","embeddable":true,"href":"https:\/\/uj.adatbank.ro\/lexikon\/wp-json\/wp\/v2\/product_tag?post=10661"}],"curies":[{"name":"wp","href":"https:\/\/api.w.org\/{rel}","templated":true}]}}