{"id":10662,"date":"2025-06-29T13:27:28","date_gmt":"2025-06-29T11:27:28","guid":{"rendered":"https:\/\/uj.adatbank.ro\/lexikon\/termek\/jakab-lajos-2\/"},"modified":"2025-06-29T13:27:28","modified_gmt":"2025-06-29T11:27:28","slug":"jakab-lajos-2","status":"publish","type":"product","link":"https:\/\/uj.adatbank.ro\/lexikon\/termek\/jakab-lajos-2\/","title":{"rendered":"JAKAB Lajos"},"content":{"rendered":"<p>Mv., 1839., \u2020 Bp., 1890. m\u00e1rc. 23.: sz\u00edn\u00e9sz, rendez\u0151, igazgat\u00f3. \u2013Sz\u00ednip\u00e1ly\u00e1ra l\u00e9pett (1859. m\u00e1rc. 23.) Nagy Mih\u00e1lyn\u00e1l. Mint sz\u00edn\u00e9sz jelent\u00e9ktelen, de mint szervez\u0151 \u00e9s vezet\u0151 h\u00e1rom \u00e9vizeden \u00e1t igen tev\u00e9keny volt. Sz\u00e9kesfeh\u00e9rv\u00e1ron a B\u00e1nk b\u00e1nnal \u00fcnnepelte sz\u00edn\u00e9szked\u00e9se 23. \u00e9vfordul\u00f3j\u00e1t (1883). A sz\u00edn\u00e9szp\u00e1rtol\u00f3 egyes\u00fclet fenntart\u00e1sa \u00e9rdek\u00e9ben sikerrel m\u0171k\u00f6d\u00f6tt k\u00f6zre Aradon, Sz\u00e9kesfeh\u00e9rv\u00e1rt \u00e9s Sopronban, minden\u00fctt jav\u00edtva a helyzeten. Kopors\u00f3ja felett B\u00e9nyei Istv\u00e1n mondott besz\u00e9det. <br \/><strong>Irod.:<\/strong> MSZL; Sch\u00f6pflin<\/br><\/p>\n","protected":false},"excerpt":{"rendered":"<p>Mv., 1839., \u2020 Bp., 1890. m\u00e1rc. 23.: sz\u00edn\u00e9sz, rendez\u0151, igazgat\u00f3. \u2013Sz\u00ednip\u00e1ly\u00e1ra l\u00e9pett (1859. m\u00e1rc. 23.) Nagy Mih\u00e1lyn\u00e1l. Mint sz\u00edn\u00e9sz jelent\u00e9ktelen, de mint szervez\u0151 \u00e9s vezet\u0151 h\u00e1rom \u00e9vizeden \u00e1t igen tev\u00e9keny volt. Sz\u00e9kesfeh\u00e9rv\u00e1ron a B\u00e1nk b\u00e1nnal \u00fcnnepelte sz\u00edn\u00e9szked\u00e9se 23. \u00e9vfordul\u00f3j\u00e1t (1883). A sz\u00edn\u00e9szp\u00e1rtol\u00f3 egyes\u00fclet fenntart\u00e1sa \u00e9rdek\u00e9ben sikerrel m\u0171k\u00f6d\u00f6tt k\u00f6zre Aradon, Sz\u00e9kesfeh\u00e9rv\u00e1rt \u00e9s Sopronban, minden\u00fctt jav\u00edtva a [&hellip;]<\/p>\n","protected":false},"featured_media":0,"comment_status":"open","ping_status":"closed","template":"","meta":[],"product_brand":[],"product_cat":[137],"product_tag":[],"class_list":{"0":"post-10662","1":"product","2":"type-product","3":"status-publish","5":"product_cat-maros-megyei-eletrajzi-lexikon","7":"first","8":"instock","9":"shipping-taxable","10":"product-type-simple"},"_links":{"self":[{"href":"https:\/\/uj.adatbank.ro\/lexikon\/wp-json\/wp\/v2\/product\/10662","targetHints":{"allow":["GET"]}}],"collection":[{"href":"https:\/\/uj.adatbank.ro\/lexikon\/wp-json\/wp\/v2\/product"}],"about":[{"href":"https:\/\/uj.adatbank.ro\/lexikon\/wp-json\/wp\/v2\/types\/product"}],"replies":[{"embeddable":true,"href":"https:\/\/uj.adatbank.ro\/lexikon\/wp-json\/wp\/v2\/comments?post=10662"}],"wp:attachment":[{"href":"https:\/\/uj.adatbank.ro\/lexikon\/wp-json\/wp\/v2\/media?parent=10662"}],"wp:term":[{"taxonomy":"product_brand","embeddable":true,"href":"https:\/\/uj.adatbank.ro\/lexikon\/wp-json\/wp\/v2\/product_brand?post=10662"},{"taxonomy":"product_cat","embeddable":true,"href":"https:\/\/uj.adatbank.ro\/lexikon\/wp-json\/wp\/v2\/product_cat?post=10662"},{"taxonomy":"product_tag","embeddable":true,"href":"https:\/\/uj.adatbank.ro\/lexikon\/wp-json\/wp\/v2\/product_tag?post=10662"}],"curies":[{"name":"wp","href":"https:\/\/api.w.org\/{rel}","templated":true}]}}