{"id":10663,"date":"2025-06-29T13:27:30","date_gmt":"2025-06-29T11:27:30","guid":{"rendered":"https:\/\/uj.adatbank.ro\/lexikon\/termek\/jakab-lajos-3\/"},"modified":"2025-06-29T13:27:30","modified_gmt":"2025-06-29T11:27:30","slug":"jakab-lajos-3","status":"publish","type":"product","link":"https:\/\/uj.adatbank.ro\/lexikon\/termek\/jakab-lajos-3\/","title":{"rendered":"JAKAB Lajos"},"content":{"rendered":"<p>Szinye (Mo.), 1882. febr. 6., \u2020 ? : ref. lelk\u00e9sz. \u2013 Jakab S\u00e1ndor \u00e9s Barab\u00e1s Katalin fia. Feles\u00e9ge: mez\u0151b\u00e1ndi Szekeres K\u00e1rolina (1885. okt. 25. -?). Gyermekeik: D\u00e9nes, lelk\u00e9sz (1908), Istv\u00e1n (1909), S\u00e1ndor (1912), Lajos (1912), L\u00e1szl\u00f3 (1917), \u00c1rp\u00e1d (1925). \u2013 Ol\u00e1hdell\u0151 lelk\u00e9sze (1914. m\u00e1rc. 29. \u2013 1946), az \u0151 idej\u00e9n az egyh\u00e1zk\u00f6zs\u00e9g k\u00f6rlelk\u00e9szi k\u00f6zpontt\u00e1 v\u00e1lt. <br \/><strong>Irod.:<\/strong> Ol\u00e1hdell\u0151<\/br><\/p>\n","protected":false},"excerpt":{"rendered":"<p>Szinye (Mo.), 1882. febr. 6., \u2020 ? : ref. lelk\u00e9sz. \u2013 Jakab S\u00e1ndor \u00e9s Barab\u00e1s Katalin fia. Feles\u00e9ge: mez\u0151b\u00e1ndi Szekeres K\u00e1rolina (1885. okt. 25. -?). Gyermekeik: D\u00e9nes, lelk\u00e9sz (1908), Istv\u00e1n (1909), S\u00e1ndor (1912), Lajos (1912), L\u00e1szl\u00f3 (1917), \u00c1rp\u00e1d (1925). \u2013 Ol\u00e1hdell\u0151 lelk\u00e9sze (1914. m\u00e1rc. 29. \u2013 1946), az \u0151 idej\u00e9n az egyh\u00e1zk\u00f6zs\u00e9g k\u00f6rlelk\u00e9szi k\u00f6zpontt\u00e1 v\u00e1lt. [&hellip;]<\/p>\n","protected":false},"featured_media":0,"comment_status":"open","ping_status":"closed","template":"","meta":[],"product_brand":[],"product_cat":[137],"product_tag":[],"class_list":{"0":"post-10663","1":"product","2":"type-product","3":"status-publish","5":"product_cat-maros-megyei-eletrajzi-lexikon","7":"first","8":"instock","9":"shipping-taxable","10":"product-type-simple"},"_links":{"self":[{"href":"https:\/\/uj.adatbank.ro\/lexikon\/wp-json\/wp\/v2\/product\/10663","targetHints":{"allow":["GET"]}}],"collection":[{"href":"https:\/\/uj.adatbank.ro\/lexikon\/wp-json\/wp\/v2\/product"}],"about":[{"href":"https:\/\/uj.adatbank.ro\/lexikon\/wp-json\/wp\/v2\/types\/product"}],"replies":[{"embeddable":true,"href":"https:\/\/uj.adatbank.ro\/lexikon\/wp-json\/wp\/v2\/comments?post=10663"}],"wp:attachment":[{"href":"https:\/\/uj.adatbank.ro\/lexikon\/wp-json\/wp\/v2\/media?parent=10663"}],"wp:term":[{"taxonomy":"product_brand","embeddable":true,"href":"https:\/\/uj.adatbank.ro\/lexikon\/wp-json\/wp\/v2\/product_brand?post=10663"},{"taxonomy":"product_cat","embeddable":true,"href":"https:\/\/uj.adatbank.ro\/lexikon\/wp-json\/wp\/v2\/product_cat?post=10663"},{"taxonomy":"product_tag","embeddable":true,"href":"https:\/\/uj.adatbank.ro\/lexikon\/wp-json\/wp\/v2\/product_tag?post=10663"}],"curies":[{"name":"wp","href":"https:\/\/api.w.org\/{rel}","templated":true}]}}