{"id":10664,"date":"2025-06-29T13:27:32","date_gmt":"2025-06-29T11:27:32","guid":{"rendered":"https:\/\/uj.adatbank.ro\/lexikon\/termek\/jakab-lajos-bogozi-ludovicus-jacobus-de-bogoz\/"},"modified":"2025-06-29T13:27:32","modified_gmt":"2025-06-29T11:27:32","slug":"jakab-lajos-bogozi-ludovicus-jacobus-de-bogoz","status":"publish","type":"product","link":"https:\/\/uj.adatbank.ro\/lexikon\/termek\/jakab-lajos-bogozi-ludovicus-jacobus-de-bogoz\/","title":{"rendered":"JAKAB Lajos, b\u00f6g\u00f6zi, Ludovicus Jacobus, de B\u00f6g\u00f6z"},"content":{"rendered":"<p>Mv., 1800., \u2020 Mv., 1832. febr. 17.: consistor, orvosdoktor. \u2013 J. J\u00e1nos, kir. t\u00e1blab\u00edr\u00f3 \u00e9s Magyar\u00f3si Rebeka fia. \u2013 A mv.-i Ref. Koll.-ban tanult (1817), Bolyai J\u00e1nos oszt\u00e1lyt\u00e1rsa, Bolyai Farkas egyik legkedvesebb tan\u00edtv\u00e1nya volt. A b\u00e9csi Josephinumban, az orvosi akad. -\u00e1n folytatta tanulm\u00e1nyait (1830), orvosi k\u00e9pes\u00edt\u00e9st P\u00e1dov\u00e1ban szerzett, ahol orvosdoktorr\u00e1 avatt\u00e1k (1831). A Bolyaiak bar\u00e1tja, jelent\u0151s \u00f6sszeggel, 500 r\u00e9nes frt. -tal j\u00e1rult hozz\u00e1 Bolyai Farkas Tentamen c. f\u0151m\u0171v\u00e9nek kiad\u00e1s\u00e1hoz (ekkor Farkas professzori havi fizet\u00e9se 30 \u2013 35 r\u00e9nes frt. volt). Jelent\u0151s \u00f6sszeggel t\u00e1mogatta Bolyai J\u00e1nos tan\u00edttat\u00e1s\u00e1t is. Fiatalon t\u00fcd\u0151bajban h\u00fanyt el. <br \/><strong>Irod.:<\/strong> Bolyaiak nyom\u00e1ban; Gy\u00e1szjelent\u0151; Ol\u00e1h-G\u00e1l R\u00f3bert: A Bolyaiak bar\u00e1tja, B\u00f6g\u00f6zi J. L. orvosdoktor (Kr\u00f3nika, 2008. \u00e1pr. 4\u20136.); P\u00e1lmay J\u00f3zsef; Szab\u00f3\u2013Sz\u00f6gi<\/br><\/p>\n","protected":false},"excerpt":{"rendered":"<p>Mv., 1800., \u2020 Mv., 1832. febr. 17.: consistor, orvosdoktor. \u2013 J. J\u00e1nos, kir. t\u00e1blab\u00edr\u00f3 \u00e9s Magyar\u00f3si Rebeka fia. \u2013 A mv.-i Ref. Koll.-ban tanult (1817), Bolyai J\u00e1nos oszt\u00e1lyt\u00e1rsa, Bolyai Farkas egyik legkedvesebb tan\u00edtv\u00e1nya volt. A b\u00e9csi Josephinumban, az orvosi akad. -\u00e1n folytatta tanulm\u00e1nyait (1830), orvosi k\u00e9pes\u00edt\u00e9st P\u00e1dov\u00e1ban szerzett, ahol orvosdoktorr\u00e1 avatt\u00e1k (1831). A Bolyaiak bar\u00e1tja, [&hellip;]<\/p>\n","protected":false},"featured_media":0,"comment_status":"open","ping_status":"closed","template":"","meta":[],"product_brand":[],"product_cat":[137],"product_tag":[],"class_list":{"0":"post-10664","1":"product","2":"type-product","3":"status-publish","5":"product_cat-maros-megyei-eletrajzi-lexikon","7":"first","8":"instock","9":"shipping-taxable","10":"product-type-simple"},"_links":{"self":[{"href":"https:\/\/uj.adatbank.ro\/lexikon\/wp-json\/wp\/v2\/product\/10664","targetHints":{"allow":["GET"]}}],"collection":[{"href":"https:\/\/uj.adatbank.ro\/lexikon\/wp-json\/wp\/v2\/product"}],"about":[{"href":"https:\/\/uj.adatbank.ro\/lexikon\/wp-json\/wp\/v2\/types\/product"}],"replies":[{"embeddable":true,"href":"https:\/\/uj.adatbank.ro\/lexikon\/wp-json\/wp\/v2\/comments?post=10664"}],"wp:attachment":[{"href":"https:\/\/uj.adatbank.ro\/lexikon\/wp-json\/wp\/v2\/media?parent=10664"}],"wp:term":[{"taxonomy":"product_brand","embeddable":true,"href":"https:\/\/uj.adatbank.ro\/lexikon\/wp-json\/wp\/v2\/product_brand?post=10664"},{"taxonomy":"product_cat","embeddable":true,"href":"https:\/\/uj.adatbank.ro\/lexikon\/wp-json\/wp\/v2\/product_cat?post=10664"},{"taxonomy":"product_tag","embeddable":true,"href":"https:\/\/uj.adatbank.ro\/lexikon\/wp-json\/wp\/v2\/product_tag?post=10664"}],"curies":[{"name":"wp","href":"https:\/\/api.w.org\/{rel}","templated":true}]}}