{"id":10665,"date":"2025-06-29T13:27:35","date_gmt":"2025-06-29T11:27:35","guid":{"rendered":"https:\/\/uj.adatbank.ro\/lexikon\/termek\/jakab-lajos-szentgericei\/"},"modified":"2025-06-29T13:27:35","modified_gmt":"2025-06-29T11:27:35","slug":"jakab-lajos-szentgericei","status":"publish","type":"product","link":"https:\/\/uj.adatbank.ro\/lexikon\/termek\/jakab-lajos-szentgericei\/","title":{"rendered":"JAKAB Lajos, szentgericei"},"content":{"rendered":"<p>1808., \u2020\u00a0? : f\u0151jegyz\u0151. \u2013 <strong>F. m.:<\/strong> Antol\u00f3gi\u00e1ban: Pet\u0151fi eml\u00e9ksorok (Mv., s. a.). <br \/><strong>Irod.:<\/strong> Rugonfalvi Kiss<\/br><\/p>\n","protected":false},"excerpt":{"rendered":"<p>1808., \u2020\u00a0? : f\u0151jegyz\u0151. \u2013 F. m.: Antol\u00f3gi\u00e1ban: Pet\u0151fi eml\u00e9ksorok (Mv., s. a.). Irod.: Rugonfalvi Kiss<\/p>\n","protected":false},"featured_media":0,"comment_status":"open","ping_status":"closed","template":"","meta":[],"product_brand":[],"product_cat":[137],"product_tag":[],"class_list":{"0":"post-10665","1":"product","2":"type-product","3":"status-publish","5":"product_cat-maros-megyei-eletrajzi-lexikon","7":"first","8":"instock","9":"shipping-taxable","10":"product-type-simple"},"_links":{"self":[{"href":"https:\/\/uj.adatbank.ro\/lexikon\/wp-json\/wp\/v2\/product\/10665","targetHints":{"allow":["GET"]}}],"collection":[{"href":"https:\/\/uj.adatbank.ro\/lexikon\/wp-json\/wp\/v2\/product"}],"about":[{"href":"https:\/\/uj.adatbank.ro\/lexikon\/wp-json\/wp\/v2\/types\/product"}],"replies":[{"embeddable":true,"href":"https:\/\/uj.adatbank.ro\/lexikon\/wp-json\/wp\/v2\/comments?post=10665"}],"wp:attachment":[{"href":"https:\/\/uj.adatbank.ro\/lexikon\/wp-json\/wp\/v2\/media?parent=10665"}],"wp:term":[{"taxonomy":"product_brand","embeddable":true,"href":"https:\/\/uj.adatbank.ro\/lexikon\/wp-json\/wp\/v2\/product_brand?post=10665"},{"taxonomy":"product_cat","embeddable":true,"href":"https:\/\/uj.adatbank.ro\/lexikon\/wp-json\/wp\/v2\/product_cat?post=10665"},{"taxonomy":"product_tag","embeddable":true,"href":"https:\/\/uj.adatbank.ro\/lexikon\/wp-json\/wp\/v2\/product_tag?post=10665"}],"curies":[{"name":"wp","href":"https:\/\/api.w.org\/{rel}","templated":true}]}}