{"id":10668,"date":"2025-06-29T13:27:40","date_gmt":"2025-06-29T11:27:40","guid":{"rendered":"https:\/\/uj.adatbank.ro\/lexikon\/termek\/jakab-maria-dr\/"},"modified":"2025-06-29T13:27:40","modified_gmt":"2025-06-29T11:27:40","slug":"jakab-maria-dr","status":"publish","type":"product","link":"https:\/\/uj.adatbank.ro\/lexikon\/termek\/jakab-maria-dr\/","title":{"rendered":"JAKAB M\u00e1ria, dr."},"content":{"rendered":"<p>Mv., 1943., \u2020 Mv., 2021.: fog\u00e1sz. \u2013 F\u00e9rje: H\u00e9ritz Istv\u00e1n, gy\u00f3gyszer\u00e9sz. A Bolyai lic.-ban \u00e9retts\u00e9gizett \u00e9s a MOGYI Fogorvosi Kar\u00e1n v\u00e9gzett. \u00dczemi fogorvos az Elektromaros gy\u00e1rban, az Egyetem udvar\u00e1n lev\u0151 fog\u00e1szati j\u00e1r\u00f3beteg-rendel\u0151ben nyugd\u00edjaz\u00e1s\u00e1ig, majd a Carit-San mag\u00e1nrendel\u0151ben dolgozott. <br \/><strong>Irod.:<\/strong> Kiss Cs. M 4.<\/br><\/p>\n","protected":false},"excerpt":{"rendered":"<p>Mv., 1943., \u2020 Mv., 2021.: fog\u00e1sz. \u2013 F\u00e9rje: H\u00e9ritz Istv\u00e1n, gy\u00f3gyszer\u00e9sz. A Bolyai lic.-ban \u00e9retts\u00e9gizett \u00e9s a MOGYI Fogorvosi Kar\u00e1n v\u00e9gzett. \u00dczemi fogorvos az Elektromaros gy\u00e1rban, az Egyetem udvar\u00e1n lev\u0151 fog\u00e1szati j\u00e1r\u00f3beteg-rendel\u0151ben nyugd\u00edjaz\u00e1s\u00e1ig, majd a Carit-San mag\u00e1nrendel\u0151ben dolgozott. Irod.: Kiss Cs. M 4.<\/p>\n","protected":false},"featured_media":0,"comment_status":"open","ping_status":"closed","template":"","meta":[],"product_brand":[],"product_cat":[137],"product_tag":[],"class_list":{"0":"post-10668","1":"product","2":"type-product","3":"status-publish","5":"product_cat-maros-megyei-eletrajzi-lexikon","7":"first","8":"instock","9":"shipping-taxable","10":"product-type-simple"},"_links":{"self":[{"href":"https:\/\/uj.adatbank.ro\/lexikon\/wp-json\/wp\/v2\/product\/10668","targetHints":{"allow":["GET"]}}],"collection":[{"href":"https:\/\/uj.adatbank.ro\/lexikon\/wp-json\/wp\/v2\/product"}],"about":[{"href":"https:\/\/uj.adatbank.ro\/lexikon\/wp-json\/wp\/v2\/types\/product"}],"replies":[{"embeddable":true,"href":"https:\/\/uj.adatbank.ro\/lexikon\/wp-json\/wp\/v2\/comments?post=10668"}],"wp:attachment":[{"href":"https:\/\/uj.adatbank.ro\/lexikon\/wp-json\/wp\/v2\/media?parent=10668"}],"wp:term":[{"taxonomy":"product_brand","embeddable":true,"href":"https:\/\/uj.adatbank.ro\/lexikon\/wp-json\/wp\/v2\/product_brand?post=10668"},{"taxonomy":"product_cat","embeddable":true,"href":"https:\/\/uj.adatbank.ro\/lexikon\/wp-json\/wp\/v2\/product_cat?post=10668"},{"taxonomy":"product_tag","embeddable":true,"href":"https:\/\/uj.adatbank.ro\/lexikon\/wp-json\/wp\/v2\/product_tag?post=10668"}],"curies":[{"name":"wp","href":"https:\/\/api.w.org\/{rel}","templated":true}]}}