{"id":10669,"date":"2025-06-29T13:27:42","date_gmt":"2025-06-29T11:27:42","guid":{"rendered":"https:\/\/uj.adatbank.ro\/lexikon\/termek\/jakab-mester\/"},"modified":"2025-06-29T13:27:42","modified_gmt":"2025-06-29T11:27:42","slug":"jakab-mester","status":"publish","type":"product","link":"https:\/\/uj.adatbank.ro\/lexikon\/termek\/jakab-mester\/","title":{"rendered":"JAKAB mester"},"content":{"rendered":"<p>? \u2020\u00a0?: bronz\u00f6nt\u0151 mester. \u2013 \u0150 k\u00e9sz\u00edtette a segesv\u00e1ri volt domonkos templom keresztel\u0151 medenc\u00e9j\u00e9t (1440). <br \/><strong>Irod.:<\/strong> Farcz\u00e1dy Elek: A mv.-i Bolyai Tudom\u00e1nyos K\u00f6nyvt\u00e1r  =  Eml\u00e9kk. K. L. 80<\/br><\/p>\n","protected":false},"excerpt":{"rendered":"<p>? \u2020\u00a0?: bronz\u00f6nt\u0151 mester. \u2013 \u0150 k\u00e9sz\u00edtette a segesv\u00e1ri volt domonkos templom keresztel\u0151 medenc\u00e9j\u00e9t (1440). Irod.: Farcz\u00e1dy Elek: A mv.-i Bolyai Tudom\u00e1nyos K\u00f6nyvt\u00e1r = Eml\u00e9kk. K. L. 80<\/p>\n","protected":false},"featured_media":0,"comment_status":"open","ping_status":"closed","template":"","meta":[],"product_brand":[],"product_cat":[137],"product_tag":[],"class_list":{"0":"post-10669","1":"product","2":"type-product","3":"status-publish","5":"product_cat-maros-megyei-eletrajzi-lexikon","7":"first","8":"instock","9":"shipping-taxable","10":"product-type-simple"},"_links":{"self":[{"href":"https:\/\/uj.adatbank.ro\/lexikon\/wp-json\/wp\/v2\/product\/10669","targetHints":{"allow":["GET"]}}],"collection":[{"href":"https:\/\/uj.adatbank.ro\/lexikon\/wp-json\/wp\/v2\/product"}],"about":[{"href":"https:\/\/uj.adatbank.ro\/lexikon\/wp-json\/wp\/v2\/types\/product"}],"replies":[{"embeddable":true,"href":"https:\/\/uj.adatbank.ro\/lexikon\/wp-json\/wp\/v2\/comments?post=10669"}],"wp:attachment":[{"href":"https:\/\/uj.adatbank.ro\/lexikon\/wp-json\/wp\/v2\/media?parent=10669"}],"wp:term":[{"taxonomy":"product_brand","embeddable":true,"href":"https:\/\/uj.adatbank.ro\/lexikon\/wp-json\/wp\/v2\/product_brand?post=10669"},{"taxonomy":"product_cat","embeddable":true,"href":"https:\/\/uj.adatbank.ro\/lexikon\/wp-json\/wp\/v2\/product_cat?post=10669"},{"taxonomy":"product_tag","embeddable":true,"href":"https:\/\/uj.adatbank.ro\/lexikon\/wp-json\/wp\/v2\/product_tag?post=10669"}],"curies":[{"name":"wp","href":"https:\/\/api.w.org\/{rel}","templated":true}]}}