{"id":10673,"date":"2025-06-29T13:27:51","date_gmt":"2025-06-29T11:27:51","guid":{"rendered":"https:\/\/uj.adatbank.ro\/lexikon\/termek\/jakab-mozes\/"},"modified":"2025-06-29T13:27:51","modified_gmt":"2025-06-29T11:27:51","slug":"jakab-mozes","status":"publish","type":"product","link":"https:\/\/uj.adatbank.ro\/lexikon\/termek\/jakab-mozes\/","title":{"rendered":"JAKAB M\u00f3zes"},"content":{"rendered":"<p>B\u00f6z\u00f6d, 1904., \u2020\u00a0? : szalmakalap-k\u00e9sz\u00edt\u0151. \u2013 Iskol\u00e1i elv\u00e9gz\u00e9se ut\u00e1n saj\u00e1t szorgalm\u00e1b\u00f3l \u00f6n\u00e1ll\u00f3 lett, a kalapk\u00e9sz\u00edt\u00e9st a csal\u00e1d seg\u00edts\u00e9g\u00e9vel v\u00e9gezte. Tekint\u00e9lyes polg\u00e1ra k\u00f6zs\u00e9g\u00e9nek, t\u00e1rsadalmi, kultur\u00e1lis, hazafias egyes\u00fcletek t\u00e1mogat\u00f3ja volt. <br \/><strong>Irod.:<\/strong> Sz\u00e9kelyf\u00f6ld \u00ed. k.<\/br><\/p>\n","protected":false},"excerpt":{"rendered":"<p>B\u00f6z\u00f6d, 1904., \u2020\u00a0? : szalmakalap-k\u00e9sz\u00edt\u0151. \u2013 Iskol\u00e1i elv\u00e9gz\u00e9se ut\u00e1n saj\u00e1t szorgalm\u00e1b\u00f3l \u00f6n\u00e1ll\u00f3 lett, a kalapk\u00e9sz\u00edt\u00e9st a csal\u00e1d seg\u00edts\u00e9g\u00e9vel v\u00e9gezte. Tekint\u00e9lyes polg\u00e1ra k\u00f6zs\u00e9g\u00e9nek, t\u00e1rsadalmi, kultur\u00e1lis, hazafias egyes\u00fcletek t\u00e1mogat\u00f3ja volt. Irod.: Sz\u00e9kelyf\u00f6ld \u00ed. k.<\/p>\n","protected":false},"featured_media":0,"comment_status":"open","ping_status":"closed","template":"","meta":[],"product_brand":[],"product_cat":[137],"product_tag":[],"class_list":{"0":"post-10673","1":"product","2":"type-product","3":"status-publish","5":"product_cat-maros-megyei-eletrajzi-lexikon","7":"first","8":"instock","9":"shipping-taxable","10":"product-type-simple"},"_links":{"self":[{"href":"https:\/\/uj.adatbank.ro\/lexikon\/wp-json\/wp\/v2\/product\/10673","targetHints":{"allow":["GET"]}}],"collection":[{"href":"https:\/\/uj.adatbank.ro\/lexikon\/wp-json\/wp\/v2\/product"}],"about":[{"href":"https:\/\/uj.adatbank.ro\/lexikon\/wp-json\/wp\/v2\/types\/product"}],"replies":[{"embeddable":true,"href":"https:\/\/uj.adatbank.ro\/lexikon\/wp-json\/wp\/v2\/comments?post=10673"}],"wp:attachment":[{"href":"https:\/\/uj.adatbank.ro\/lexikon\/wp-json\/wp\/v2\/media?parent=10673"}],"wp:term":[{"taxonomy":"product_brand","embeddable":true,"href":"https:\/\/uj.adatbank.ro\/lexikon\/wp-json\/wp\/v2\/product_brand?post=10673"},{"taxonomy":"product_cat","embeddable":true,"href":"https:\/\/uj.adatbank.ro\/lexikon\/wp-json\/wp\/v2\/product_cat?post=10673"},{"taxonomy":"product_tag","embeddable":true,"href":"https:\/\/uj.adatbank.ro\/lexikon\/wp-json\/wp\/v2\/product_tag?post=10673"}],"curies":[{"name":"wp","href":"https:\/\/api.w.org\/{rel}","templated":true}]}}