{"id":10678,"date":"2025-06-29T13:28:00","date_gmt":"2025-06-29T11:28:00","guid":{"rendered":"https:\/\/uj.adatbank.ro\/lexikon\/termek\/jakab-tibor\/"},"modified":"2025-06-29T13:28:00","modified_gmt":"2025-06-29T11:28:00","slug":"jakab-tibor","status":"publish","type":"product","link":"https:\/\/uj.adatbank.ro\/lexikon\/termek\/jakab-tibor\/","title":{"rendered":"JAKAB Tibor"},"content":{"rendered":"<p>Mv., 1933, okr. 1. \u2020\u00a0? : orvos. \u2013 Mv.-en k\u00f6z\u00e9piskol\u00e1s a Magyar Fi\u00falic.-ban \u00e9s a MOGYE orvos kar\u00e1n v\u00e9gzett. K\u00f6rorvos, f\u0151orvos, Mikh\u00e1z\u00e1n, majd a D\u00f3zsa Gy\u00f6rgy k\u00f6zs\u00e9gben. Csal\u00e1dorvos Mv.-en. Mo.-on F\u00fcl\u00f6pjakab k\u00f6rzetben orvos. <br \/><strong>Irod.:<\/strong> MOGYE<\/br><\/p>\n","protected":false},"excerpt":{"rendered":"<p>Mv., 1933, okr. 1. \u2020\u00a0? : orvos. \u2013 Mv.-en k\u00f6z\u00e9piskol\u00e1s a Magyar Fi\u00falic.-ban \u00e9s a MOGYE orvos kar\u00e1n v\u00e9gzett. K\u00f6rorvos, f\u0151orvos, Mikh\u00e1z\u00e1n, majd a D\u00f3zsa Gy\u00f6rgy k\u00f6zs\u00e9gben. Csal\u00e1dorvos Mv.-en. Mo.-on F\u00fcl\u00f6pjakab k\u00f6rzetben orvos. Irod.: MOGYE<\/p>\n","protected":false},"featured_media":0,"comment_status":"open","ping_status":"closed","template":"","meta":[],"product_brand":[],"product_cat":[137],"product_tag":[],"class_list":{"0":"post-10678","1":"product","2":"type-product","3":"status-publish","5":"product_cat-maros-megyei-eletrajzi-lexikon","7":"first","8":"instock","9":"shipping-taxable","10":"product-type-simple"},"_links":{"self":[{"href":"https:\/\/uj.adatbank.ro\/lexikon\/wp-json\/wp\/v2\/product\/10678","targetHints":{"allow":["GET"]}}],"collection":[{"href":"https:\/\/uj.adatbank.ro\/lexikon\/wp-json\/wp\/v2\/product"}],"about":[{"href":"https:\/\/uj.adatbank.ro\/lexikon\/wp-json\/wp\/v2\/types\/product"}],"replies":[{"embeddable":true,"href":"https:\/\/uj.adatbank.ro\/lexikon\/wp-json\/wp\/v2\/comments?post=10678"}],"wp:attachment":[{"href":"https:\/\/uj.adatbank.ro\/lexikon\/wp-json\/wp\/v2\/media?parent=10678"}],"wp:term":[{"taxonomy":"product_brand","embeddable":true,"href":"https:\/\/uj.adatbank.ro\/lexikon\/wp-json\/wp\/v2\/product_brand?post=10678"},{"taxonomy":"product_cat","embeddable":true,"href":"https:\/\/uj.adatbank.ro\/lexikon\/wp-json\/wp\/v2\/product_cat?post=10678"},{"taxonomy":"product_tag","embeddable":true,"href":"https:\/\/uj.adatbank.ro\/lexikon\/wp-json\/wp\/v2\/product_tag?post=10678"}],"curies":[{"name":"wp","href":"https:\/\/api.w.org\/{rel}","templated":true}]}}