{"id":10679,"date":"2025-06-29T13:28:01","date_gmt":"2025-06-29T11:28:01","guid":{"rendered":"https:\/\/uj.adatbank.ro\/lexikon\/termek\/jakab-zoltan-%c2%a7-szentgericzei\/"},"modified":"2025-06-29T13:28:01","modified_gmt":"2025-06-29T11:28:01","slug":"jakab-zoltan-%c2%a7-szentgericzei","status":"publish","type":"product","link":"https:\/\/uj.adatbank.ro\/lexikon\/termek\/jakab-zoltan-%c2%a7-szentgericzei\/","title":{"rendered":"JAKAB Zolt\u00e1n, \u00a7 szentgericzei"},"content":{"rendered":"<p>Mv, 1888., \u2020\u00a0?: hivat\u00e1sos katona, alezredes. \u2013 Apja t\u00e1blab\u00edr\u00f3. \u2013 Mag\u00e1n\u00faton \u00e9retts\u00e9gizett. Tanult a B\u00e9cs\u00fajhelyi Theresianum Kat. Akad, (1906\u201309). R\u00e9szt vett az I. vh.-ban mint cs. \u00e9s kir. f\u0151hadnagy a 8. husz\u00e1r ezredben. A Signum lauda tulajdonosa. Alezredesk\u00e9nt vonult nyugd\u00edjba. <br \/><strong>Irod.:<\/strong> Mv. \u00e9s a h\u00e1bor\u00fa 2., Szab\u00f3\u2013Simon\u2013Sz\u00f6gi<\/br><\/p>\n","protected":false},"excerpt":{"rendered":"<p>Mv, 1888., \u2020\u00a0?: hivat\u00e1sos katona, alezredes. \u2013 Apja t\u00e1blab\u00edr\u00f3. \u2013 Mag\u00e1n\u00faton \u00e9retts\u00e9gizett. Tanult a B\u00e9cs\u00fajhelyi Theresianum Kat. Akad, (1906\u201309). R\u00e9szt vett az I. vh.-ban mint cs. \u00e9s kir. f\u0151hadnagy a 8. husz\u00e1r ezredben. A Signum lauda tulajdonosa. Alezredesk\u00e9nt vonult nyugd\u00edjba. Irod.: Mv. \u00e9s a h\u00e1bor\u00fa 2., Szab\u00f3\u2013Simon\u2013Sz\u00f6gi<\/p>\n","protected":false},"featured_media":0,"comment_status":"open","ping_status":"closed","template":"","meta":[],"product_brand":[],"product_cat":[137],"product_tag":[],"class_list":{"0":"post-10679","1":"product","2":"type-product","3":"status-publish","5":"product_cat-maros-megyei-eletrajzi-lexikon","7":"first","8":"instock","9":"shipping-taxable","10":"product-type-simple"},"_links":{"self":[{"href":"https:\/\/uj.adatbank.ro\/lexikon\/wp-json\/wp\/v2\/product\/10679","targetHints":{"allow":["GET"]}}],"collection":[{"href":"https:\/\/uj.adatbank.ro\/lexikon\/wp-json\/wp\/v2\/product"}],"about":[{"href":"https:\/\/uj.adatbank.ro\/lexikon\/wp-json\/wp\/v2\/types\/product"}],"replies":[{"embeddable":true,"href":"https:\/\/uj.adatbank.ro\/lexikon\/wp-json\/wp\/v2\/comments?post=10679"}],"wp:attachment":[{"href":"https:\/\/uj.adatbank.ro\/lexikon\/wp-json\/wp\/v2\/media?parent=10679"}],"wp:term":[{"taxonomy":"product_brand","embeddable":true,"href":"https:\/\/uj.adatbank.ro\/lexikon\/wp-json\/wp\/v2\/product_brand?post=10679"},{"taxonomy":"product_cat","embeddable":true,"href":"https:\/\/uj.adatbank.ro\/lexikon\/wp-json\/wp\/v2\/product_cat?post=10679"},{"taxonomy":"product_tag","embeddable":true,"href":"https:\/\/uj.adatbank.ro\/lexikon\/wp-json\/wp\/v2\/product_tag?post=10679"}],"curies":[{"name":"wp","href":"https:\/\/api.w.org\/{rel}","templated":true}]}}