{"id":10682,"date":"2025-06-29T13:28:06","date_gmt":"2025-06-29T11:28:06","guid":{"rendered":"https:\/\/uj.adatbank.ro\/lexikon\/termek\/jakabffy-bela\/"},"modified":"2025-06-29T13:28:06","modified_gmt":"2025-06-29T11:28:06","slug":"jakabffy-bela","status":"publish","type":"product","link":"https:\/\/uj.adatbank.ro\/lexikon\/termek\/jakabffy-bela\/","title":{"rendered":"JAKABFFY B\u00e9la"},"content":{"rendered":"<p>Gyergy\u00f3alfalu, 1888. \u2020\u00a0Gyergy\u00f3, 1970 : f\u0151hadnagy. \u2013 feles\u00e9ge: Imets Jol\u00e1n (1890\u20131984). L\u00e1nyaik. Emilia Ferenczi Istv\u00e1nn\u00e9 (1910\u20131952) \u00e9s Erzs\u00e9bet dr. Heged\u0171s J\u00f3zsefn\u00e9 (1912\u20131954). \u2013 A tisztiiskol\u00e1t Nagyszebenben v\u00e9gezte. Az I. vil\u00e1gh\u00e1bor\u00faban f\u0151hadnagyk\u00e9nt harcolt az orosz fronton, k\u00e9tszer megsebes\u00fclt (1914. nov. 27. \u00e9s 1915. j\u00fan. 17.), majd hazat\u00e9rt. <br \/><strong>Irod.:<\/strong> Sz\u00e1va 2012<\/br><\/p>\n","protected":false},"excerpt":{"rendered":"<p>Gyergy\u00f3alfalu, 1888. \u2020\u00a0Gyergy\u00f3, 1970 : f\u0151hadnagy. \u2013 feles\u00e9ge: Imets Jol\u00e1n (1890\u20131984). L\u00e1nyaik. Emilia Ferenczi Istv\u00e1nn\u00e9 (1910\u20131952) \u00e9s Erzs\u00e9bet dr. Heged\u0171s J\u00f3zsefn\u00e9 (1912\u20131954). \u2013 A tisztiiskol\u00e1t Nagyszebenben v\u00e9gezte. Az I. vil\u00e1gh\u00e1bor\u00faban f\u0151hadnagyk\u00e9nt harcolt az orosz fronton, k\u00e9tszer megsebes\u00fclt (1914. nov. 27. \u00e9s 1915. j\u00fan. 17.), majd hazat\u00e9rt. Irod.: Sz\u00e1va 2012<\/p>\n","protected":false},"featured_media":0,"comment_status":"open","ping_status":"closed","template":"","meta":[],"product_brand":[],"product_cat":[137],"product_tag":[],"class_list":{"0":"post-10682","1":"product","2":"type-product","3":"status-publish","5":"product_cat-maros-megyei-eletrajzi-lexikon","7":"first","8":"instock","9":"shipping-taxable","10":"product-type-simple"},"_links":{"self":[{"href":"https:\/\/uj.adatbank.ro\/lexikon\/wp-json\/wp\/v2\/product\/10682","targetHints":{"allow":["GET"]}}],"collection":[{"href":"https:\/\/uj.adatbank.ro\/lexikon\/wp-json\/wp\/v2\/product"}],"about":[{"href":"https:\/\/uj.adatbank.ro\/lexikon\/wp-json\/wp\/v2\/types\/product"}],"replies":[{"embeddable":true,"href":"https:\/\/uj.adatbank.ro\/lexikon\/wp-json\/wp\/v2\/comments?post=10682"}],"wp:attachment":[{"href":"https:\/\/uj.adatbank.ro\/lexikon\/wp-json\/wp\/v2\/media?parent=10682"}],"wp:term":[{"taxonomy":"product_brand","embeddable":true,"href":"https:\/\/uj.adatbank.ro\/lexikon\/wp-json\/wp\/v2\/product_brand?post=10682"},{"taxonomy":"product_cat","embeddable":true,"href":"https:\/\/uj.adatbank.ro\/lexikon\/wp-json\/wp\/v2\/product_cat?post=10682"},{"taxonomy":"product_tag","embeddable":true,"href":"https:\/\/uj.adatbank.ro\/lexikon\/wp-json\/wp\/v2\/product_tag?post=10682"}],"curies":[{"name":"wp","href":"https:\/\/api.w.org\/{rel}","templated":true}]}}