{"id":10683,"date":"2025-06-29T13:28:09","date_gmt":"2025-06-29T11:28:09","guid":{"rendered":"https:\/\/uj.adatbank.ro\/lexikon\/termek\/jakabffy-dezso\/"},"modified":"2025-06-29T13:28:09","modified_gmt":"2025-06-29T11:28:09","slug":"jakabffy-dezso","status":"publish","type":"product","link":"https:\/\/uj.adatbank.ro\/lexikon\/termek\/jakabffy-dezso\/","title":{"rendered":"JAKABFFY Dezs\u0151"},"content":{"rendered":"<p>? \u2020\u00a0? : sz\u00edn\u00e9sz, rendez\u0151. \u2013 Mv.-en is m\u0171k\u00f6d\u00f6tt (1926\u201327). A Fekete-f\u00e9le t\u00e1rsulattal sz\u00edniel\u0151ad\u00e1st rendezett az Elba szigeten (1927. m\u00e1j. 22.). <br \/><strong>Irod.:<\/strong> Id\u0151t\u00e1r 3<\/br><\/p>\n","protected":false},"excerpt":{"rendered":"<p>? \u2020\u00a0? : sz\u00edn\u00e9sz, rendez\u0151. \u2013 Mv.-en is m\u0171k\u00f6d\u00f6tt (1926\u201327). A Fekete-f\u00e9le t\u00e1rsulattal sz\u00edniel\u0151ad\u00e1st rendezett az Elba szigeten (1927. m\u00e1j. 22.). Irod.: Id\u0151t\u00e1r 3<\/p>\n","protected":false},"featured_media":0,"comment_status":"open","ping_status":"closed","template":"","meta":[],"product_brand":[],"product_cat":[137],"product_tag":[],"class_list":{"0":"post-10683","1":"product","2":"type-product","3":"status-publish","5":"product_cat-maros-megyei-eletrajzi-lexikon","7":"first","8":"instock","9":"shipping-taxable","10":"product-type-simple"},"_links":{"self":[{"href":"https:\/\/uj.adatbank.ro\/lexikon\/wp-json\/wp\/v2\/product\/10683","targetHints":{"allow":["GET"]}}],"collection":[{"href":"https:\/\/uj.adatbank.ro\/lexikon\/wp-json\/wp\/v2\/product"}],"about":[{"href":"https:\/\/uj.adatbank.ro\/lexikon\/wp-json\/wp\/v2\/types\/product"}],"replies":[{"embeddable":true,"href":"https:\/\/uj.adatbank.ro\/lexikon\/wp-json\/wp\/v2\/comments?post=10683"}],"wp:attachment":[{"href":"https:\/\/uj.adatbank.ro\/lexikon\/wp-json\/wp\/v2\/media?parent=10683"}],"wp:term":[{"taxonomy":"product_brand","embeddable":true,"href":"https:\/\/uj.adatbank.ro\/lexikon\/wp-json\/wp\/v2\/product_brand?post=10683"},{"taxonomy":"product_cat","embeddable":true,"href":"https:\/\/uj.adatbank.ro\/lexikon\/wp-json\/wp\/v2\/product_cat?post=10683"},{"taxonomy":"product_tag","embeddable":true,"href":"https:\/\/uj.adatbank.ro\/lexikon\/wp-json\/wp\/v2\/product_tag?post=10683"}],"curies":[{"name":"wp","href":"https:\/\/api.w.org\/{rel}","templated":true}]}}