{"id":10688,"date":"2025-06-29T13:28:18","date_gmt":"2025-06-29T11:28:18","guid":{"rendered":"https:\/\/uj.adatbank.ro\/lexikon\/termek\/jakabffy-todor\/"},"modified":"2025-06-29T13:28:18","modified_gmt":"2025-06-29T11:28:18","slug":"jakabffy-todor","status":"publish","type":"product","link":"https:\/\/uj.adatbank.ro\/lexikon\/termek\/jakabffy-todor\/","title":{"rendered":"JAKABFFY T\u00f3dor"},"content":{"rendered":"<p>Kun\u00e1gota, 1879, \u2020 Szeged, 1941., : sz\u00e1zados. \u2013 Ludovika Akad. -t \u00e9s k\u00f6zponti lovasiskol\u00e1t v\u00e9gzett. A m. kir. szegedi 3. honv\u00e9d husz\u00e1rezredt\u0151l vez\u00e9relt\u00e9k \u00e1t Mv. -re. F\u0151dadnagy, sz\u00e1zadparancsnok (1911\u2013), sz\u00e1zados (1914. m\u00e1j. 1. \u2013), a fronton volt fogs\u00e1gba es\u00e9s\u00e9ig (1916. j\u00fal. 6. \u2013 1918. j\u00fal.), sebes\u00fclten hazak\u00fcldt\u00e9k. Vh. ut\u00e1n \u0151rnagy, Szegeden a k\u00f3rh\u00e1zban halt meg. <br \/><strong>Irod.:<\/strong> Koszta<\/br><\/p>\n","protected":false},"excerpt":{"rendered":"<p>Kun\u00e1gota, 1879, \u2020 Szeged, 1941., : sz\u00e1zados. \u2013 Ludovika Akad. -t \u00e9s k\u00f6zponti lovasiskol\u00e1t v\u00e9gzett. A m. kir. szegedi 3. honv\u00e9d husz\u00e1rezredt\u0151l vez\u00e9relt\u00e9k \u00e1t Mv. -re. F\u0151dadnagy, sz\u00e1zadparancsnok (1911\u2013), sz\u00e1zados (1914. m\u00e1j. 1. \u2013), a fronton volt fogs\u00e1gba es\u00e9s\u00e9ig (1916. j\u00fal. 6. \u2013 1918. j\u00fal.), sebes\u00fclten hazak\u00fcldt\u00e9k. Vh. ut\u00e1n \u0151rnagy, Szegeden a k\u00f3rh\u00e1zban halt meg. [&hellip;]<\/p>\n","protected":false},"featured_media":0,"comment_status":"open","ping_status":"closed","template":"","meta":[],"product_brand":[],"product_cat":[137],"product_tag":[],"class_list":{"0":"post-10688","1":"product","2":"type-product","3":"status-publish","5":"product_cat-maros-megyei-eletrajzi-lexikon","7":"first","8":"instock","9":"shipping-taxable","10":"product-type-simple"},"_links":{"self":[{"href":"https:\/\/uj.adatbank.ro\/lexikon\/wp-json\/wp\/v2\/product\/10688","targetHints":{"allow":["GET"]}}],"collection":[{"href":"https:\/\/uj.adatbank.ro\/lexikon\/wp-json\/wp\/v2\/product"}],"about":[{"href":"https:\/\/uj.adatbank.ro\/lexikon\/wp-json\/wp\/v2\/types\/product"}],"replies":[{"embeddable":true,"href":"https:\/\/uj.adatbank.ro\/lexikon\/wp-json\/wp\/v2\/comments?post=10688"}],"wp:attachment":[{"href":"https:\/\/uj.adatbank.ro\/lexikon\/wp-json\/wp\/v2\/media?parent=10688"}],"wp:term":[{"taxonomy":"product_brand","embeddable":true,"href":"https:\/\/uj.adatbank.ro\/lexikon\/wp-json\/wp\/v2\/product_brand?post=10688"},{"taxonomy":"product_cat","embeddable":true,"href":"https:\/\/uj.adatbank.ro\/lexikon\/wp-json\/wp\/v2\/product_cat?post=10688"},{"taxonomy":"product_tag","embeddable":true,"href":"https:\/\/uj.adatbank.ro\/lexikon\/wp-json\/wp\/v2\/product_tag?post=10688"}],"curies":[{"name":"wp","href":"https:\/\/api.w.org\/{rel}","templated":true}]}}