{"id":10689,"date":"2025-06-29T13:28:20","date_gmt":"2025-06-29T11:28:20","guid":{"rendered":"https:\/\/uj.adatbank.ro\/lexikon\/termek\/jakabfi-jozsef\/"},"modified":"2025-06-29T13:28:20","modified_gmt":"2025-06-29T11:28:20","slug":"jakabfi-jozsef","status":"publish","type":"product","link":"https:\/\/uj.adatbank.ro\/lexikon\/termek\/jakabfi-jozsef\/","title":{"rendered":"JAKABFI J\u00f3zsef"},"content":{"rendered":"<p>? \u2020\u00a0?: \u00f6rm\u00e9ny keresked\u0151. \u2013 Mv.-en ad\u00f3fizet\u0151keresked\u0151 (1830). Neje 1. Petr\u00e1sk\u00f3 Veronika (1798. jan. 27. \u2013 1839. dec. 7, a mv.-i Keresztel\u0151 Szent J\u00e1nos-pl\u00e9b\u00e1nia kript\u00e1j\u00e1ba temett\u00e9k). Gyermekeik: 4 fi\u00fa \u00e9s 3 le\u00e1ny: Gergely (1828. nov. 5. \u2013 1892. dec. 11), Ludovika (1830. szept. 9. \u2013), M\u00e1ria (1832. jan. 5. \u2013 ?), J\u00f3zsef K\u00e1roly (1833. jan. 28. \u2013), Ter\u00e9z (1834. j\u00fal. 11\u2013), M\u00e1rton (1836. aug. 15. \u2013), Ferenc (1839. febr. 19. \u2013). 2. feles\u00e9ge: Istv\u00e1nfi Anna. Gyermekeik: Veonika (1842. nov. 18.), J\u00e1nos (1844. \u00e1pr. 28. \u2013), Antal (1846. febr. 20. \u2013), Anna (1847. j\u00fal. 6. \u2013 1924). <br \/><strong>Irod.:<\/strong> Mv.-i Pl\u00e9b\u00e1niatemplom kript\u00e1ja; P\u00e1l-Antal S\u00e1ndor: \u00d6rm\u00e9nyek Mv.-en 1848 el\u0151tt=Pusk\u00e1s-Sz\u00e1sz \u00c1v\u00e9d<\/br><\/p>\n","protected":false},"excerpt":{"rendered":"<p>? \u2020\u00a0?: \u00f6rm\u00e9ny keresked\u0151. \u2013 Mv.-en ad\u00f3fizet\u0151keresked\u0151 (1830). Neje 1. Petr\u00e1sk\u00f3 Veronika (1798. jan. 27. \u2013 1839. dec. 7, a mv.-i Keresztel\u0151 Szent J\u00e1nos-pl\u00e9b\u00e1nia kript\u00e1j\u00e1ba temett\u00e9k). Gyermekeik: 4 fi\u00fa \u00e9s 3 le\u00e1ny: Gergely (1828. nov. 5. \u2013 1892. dec. 11), Ludovika (1830. szept. 9. \u2013), M\u00e1ria (1832. jan. 5. \u2013 ?), J\u00f3zsef K\u00e1roly (1833. jan. [&hellip;]<\/p>\n","protected":false},"featured_media":0,"comment_status":"open","ping_status":"closed","template":"","meta":[],"product_brand":[],"product_cat":[137],"product_tag":[],"class_list":{"0":"post-10689","1":"product","2":"type-product","3":"status-publish","5":"product_cat-maros-megyei-eletrajzi-lexikon","7":"first","8":"instock","9":"shipping-taxable","10":"product-type-simple"},"_links":{"self":[{"href":"https:\/\/uj.adatbank.ro\/lexikon\/wp-json\/wp\/v2\/product\/10689","targetHints":{"allow":["GET"]}}],"collection":[{"href":"https:\/\/uj.adatbank.ro\/lexikon\/wp-json\/wp\/v2\/product"}],"about":[{"href":"https:\/\/uj.adatbank.ro\/lexikon\/wp-json\/wp\/v2\/types\/product"}],"replies":[{"embeddable":true,"href":"https:\/\/uj.adatbank.ro\/lexikon\/wp-json\/wp\/v2\/comments?post=10689"}],"wp:attachment":[{"href":"https:\/\/uj.adatbank.ro\/lexikon\/wp-json\/wp\/v2\/media?parent=10689"}],"wp:term":[{"taxonomy":"product_brand","embeddable":true,"href":"https:\/\/uj.adatbank.ro\/lexikon\/wp-json\/wp\/v2\/product_brand?post=10689"},{"taxonomy":"product_cat","embeddable":true,"href":"https:\/\/uj.adatbank.ro\/lexikon\/wp-json\/wp\/v2\/product_cat?post=10689"},{"taxonomy":"product_tag","embeddable":true,"href":"https:\/\/uj.adatbank.ro\/lexikon\/wp-json\/wp\/v2\/product_tag?post=10689"}],"curies":[{"name":"wp","href":"https:\/\/api.w.org\/{rel}","templated":true}]}}