{"id":10691,"date":"2025-06-29T13:28:23","date_gmt":"2025-06-29T11:28:23","guid":{"rendered":"https:\/\/uj.adatbank.ro\/lexikon\/termek\/jakabos-sandor-v-jakabos-istvan\/"},"modified":"2025-06-29T13:28:23","modified_gmt":"2025-06-29T11:28:23","slug":"jakabos-sandor-v-jakabos-istvan","status":"publish","type":"product","link":"https:\/\/uj.adatbank.ro\/lexikon\/termek\/jakabos-sandor-v-jakabos-istvan\/","title":{"rendered":"JAKABOS S\u00e1ndor v., JAKABOS Istv\u00e1n"},"content":{"rendered":"<p>? \u2020\u00a0?: \u0151rnagy, v\u00e1rparancsnok. \u2013 A mv.-i v\u00e1rosi nemzet\u0151rs\u00e9g \u00e9l\u00e9re ker\u00fclt (1848. okt.). V\u00e1rparancsnok (1849. jan. 16). Ki\u00fcr\u00edtette a v\u00e1rat \u00e9s elvonult (1849. aug. 1.). <br \/><strong>Irod.:<\/strong> 1848\u20131849 Transilvania; Id\u0151t\u00e1r 2<\/br><\/p>\n","protected":false},"excerpt":{"rendered":"<p>? \u2020\u00a0?: \u0151rnagy, v\u00e1rparancsnok. \u2013 A mv.-i v\u00e1rosi nemzet\u0151rs\u00e9g \u00e9l\u00e9re ker\u00fclt (1848. okt.). V\u00e1rparancsnok (1849. jan. 16). Ki\u00fcr\u00edtette a v\u00e1rat \u00e9s elvonult (1849. aug. 1.). Irod.: 1848\u20131849 Transilvania; Id\u0151t\u00e1r 2<\/p>\n","protected":false},"featured_media":0,"comment_status":"open","ping_status":"closed","template":"","meta":[],"product_brand":[],"product_cat":[137],"product_tag":[],"class_list":{"0":"post-10691","1":"product","2":"type-product","3":"status-publish","5":"product_cat-maros-megyei-eletrajzi-lexikon","7":"first","8":"instock","9":"shipping-taxable","10":"product-type-simple"},"_links":{"self":[{"href":"https:\/\/uj.adatbank.ro\/lexikon\/wp-json\/wp\/v2\/product\/10691","targetHints":{"allow":["GET"]}}],"collection":[{"href":"https:\/\/uj.adatbank.ro\/lexikon\/wp-json\/wp\/v2\/product"}],"about":[{"href":"https:\/\/uj.adatbank.ro\/lexikon\/wp-json\/wp\/v2\/types\/product"}],"replies":[{"embeddable":true,"href":"https:\/\/uj.adatbank.ro\/lexikon\/wp-json\/wp\/v2\/comments?post=10691"}],"wp:attachment":[{"href":"https:\/\/uj.adatbank.ro\/lexikon\/wp-json\/wp\/v2\/media?parent=10691"}],"wp:term":[{"taxonomy":"product_brand","embeddable":true,"href":"https:\/\/uj.adatbank.ro\/lexikon\/wp-json\/wp\/v2\/product_brand?post=10691"},{"taxonomy":"product_cat","embeddable":true,"href":"https:\/\/uj.adatbank.ro\/lexikon\/wp-json\/wp\/v2\/product_cat?post=10691"},{"taxonomy":"product_tag","embeddable":true,"href":"https:\/\/uj.adatbank.ro\/lexikon\/wp-json\/wp\/v2\/product_tag?post=10691"}],"curies":[{"name":"wp","href":"https:\/\/api.w.org\/{rel}","templated":true}]}}