{"id":10694,"date":"2025-06-29T13:28:31","date_gmt":"2025-06-29T11:28:31","guid":{"rendered":"https:\/\/uj.adatbank.ro\/lexikon\/termek\/jakabovits-sandor-zseki\/"},"modified":"2025-07-31T06:47:38","modified_gmt":"2025-07-31T04:47:38","slug":"jakabovits-sandor-zseki","status":"publish","type":"product","link":"https:\/\/uj.adatbank.ro\/lexikon\/termek\/jakabovits-sandor-zseki\/","title":{"rendered":"JAKABOVITS S\u00e1ndor, Zseki"},"content":{"rendered":"<p>1913 ? \u2020 ? : asztaliteniszez\u0151. \u2013 Mint pingpongoz\u00f3 els\u0151 nyilv\u00e1nos m\u00e9rk\u0151z\u00e9s\u00e9t 12 \u00e9vesen j\u00e1tszotta (1925), a legkiemelked\u0151bb a mv.-i Dinamo csapat\u00e1ban volt, amikor \u00e9veken \u00e1t az orsz\u00e1g legjobbjaival egy oszt\u00e1lyban szerepelt. T\u00f6bbsz\u00f6r\u00f6s bajnok, szerepelt a mv.-i Makkabi zsid\u00f3 sportegyes\u00fclet orsz\u00e1gos asztalitenisz bajnoks\u00e1g\u00e1n a Makkabiad\u00e1n (1939). Az \u00e9vek sor\u00e1n j\u00e1tszott a vil\u00e1gbajnok Sid\u00f3val, sokszor volt megyei, tartom\u00e1nyi bajnok.<br \/>\n<strong>Irod.:<\/strong> Id\u0151t\u00e1r 3; (ws): V\u00e1s\u00e1rhelyi \u00f6regfi\u00fak: \u201eZseki\u201d (V. Z., 1971. szept. 15.)<\/p>\n","protected":false},"excerpt":{"rendered":"<p>1913 ? \u2020 ? : asztaliteniszez\u0151. \u2013 Mint pingpongoz\u00f3 els\u0151 nyilv\u00e1nos m\u00e9rk\u0151z\u00e9s\u00e9t 12 \u00e9vesen j\u00e1tszotta (1925), a legkiemelked\u0151bb a mv.-i Dinamo csapat\u00e1ban volt, amikor \u00e9veken \u00e1t az orsz\u00e1g legjobbjaival egy oszt\u00e1lyban szerepelt. T\u00f6bbsz\u00f6r\u00f6s bajnok, szerepelt a mv.-i Makkabi zsid\u00f3 sportegyes\u00fclet orsz\u00e1gos asztalitenisz bajnoks\u00e1g\u00e1n a Makkabiad\u00e1n (1939). Az \u00e9vek sor\u00e1n j\u00e1tszott a vil\u00e1gbajnok Sid\u00f3val, sokszor volt [&hellip;]<\/p>\n","protected":false},"featured_media":0,"comment_status":"open","ping_status":"closed","template":"","meta":[],"product_brand":[],"product_cat":[137],"product_tag":[],"class_list":{"0":"post-10694","1":"product","2":"type-product","3":"status-publish","5":"product_cat-maros-megyei-eletrajzi-lexikon","7":"first","8":"instock","9":"shipping-taxable","10":"product-type-simple"},"_links":{"self":[{"href":"https:\/\/uj.adatbank.ro\/lexikon\/wp-json\/wp\/v2\/product\/10694","targetHints":{"allow":["GET"]}}],"collection":[{"href":"https:\/\/uj.adatbank.ro\/lexikon\/wp-json\/wp\/v2\/product"}],"about":[{"href":"https:\/\/uj.adatbank.ro\/lexikon\/wp-json\/wp\/v2\/types\/product"}],"replies":[{"embeddable":true,"href":"https:\/\/uj.adatbank.ro\/lexikon\/wp-json\/wp\/v2\/comments?post=10694"}],"wp:attachment":[{"href":"https:\/\/uj.adatbank.ro\/lexikon\/wp-json\/wp\/v2\/media?parent=10694"}],"wp:term":[{"taxonomy":"product_brand","embeddable":true,"href":"https:\/\/uj.adatbank.ro\/lexikon\/wp-json\/wp\/v2\/product_brand?post=10694"},{"taxonomy":"product_cat","embeddable":true,"href":"https:\/\/uj.adatbank.ro\/lexikon\/wp-json\/wp\/v2\/product_cat?post=10694"},{"taxonomy":"product_tag","embeddable":true,"href":"https:\/\/uj.adatbank.ro\/lexikon\/wp-json\/wp\/v2\/product_tag?post=10694"}],"curies":[{"name":"wp","href":"https:\/\/api.w.org\/{rel}","templated":true}]}}