{"id":10696,"date":"2025-06-29T13:28:36","date_gmt":"2025-06-29T11:28:36","guid":{"rendered":"https:\/\/uj.adatbank.ro\/lexikon\/termek\/jako-gyorgy-jako-gyorgy\/"},"modified":"2025-06-29T13:28:36","modified_gmt":"2025-06-29T11:28:36","slug":"jako-gyorgy-jako-gyorgy","status":"publish","type":"product","link":"https:\/\/uj.adatbank.ro\/lexikon\/termek\/jako-gyorgy-jako-gyorgy\/","title":{"rendered":"JAK\u00d3 Gy\u00f6rgy, J\u00e1k\u00f3 Gy\u00f6rgy"},"content":{"rendered":"<p>K\u00e9zdiszentl\u00e9lek, ?, \u2020\u00a0Gyulafeh\u00e9rv\u00e1r, 1757. dec. 18.: r. k. pap. \u2013 Tanult Sz\u00e9kelyudvarhelyen (1713), Kv.-on a Jezsuita Gimn. \u00e9s Akad. -n \u00e9s Nagyszombaton (1720\u201322). Pl\u00e9b\u00e1nos volt Sz\u00e9kelyszentl\u00e9leken (1722), Sz\u00e9kelyhodoson (1731\u201341), Abosfalv\u00e1n (1741\u201343), Tord\u00e1n f\u0151esperes (1743\u201357). \u2013 Irod: Ferenczi S\u00e1ndor 2009<\/br><\/p>\n","protected":false},"excerpt":{"rendered":"<p>K\u00e9zdiszentl\u00e9lek, ?, \u2020\u00a0Gyulafeh\u00e9rv\u00e1r, 1757. dec. 18.: r. k. pap. \u2013 Tanult Sz\u00e9kelyudvarhelyen (1713), Kv.-on a Jezsuita Gimn. \u00e9s Akad. -n \u00e9s Nagyszombaton (1720\u201322). Pl\u00e9b\u00e1nos volt Sz\u00e9kelyszentl\u00e9leken (1722), Sz\u00e9kelyhodoson (1731\u201341), Abosfalv\u00e1n (1741\u201343), Tord\u00e1n f\u0151esperes (1743\u201357). \u2013 Irod: Ferenczi S\u00e1ndor 2009<\/p>\n","protected":false},"featured_media":0,"comment_status":"open","ping_status":"closed","template":"","meta":[],"product_brand":[],"product_cat":[137],"product_tag":[],"class_list":{"0":"post-10696","1":"product","2":"type-product","3":"status-publish","5":"product_cat-maros-megyei-eletrajzi-lexikon","7":"first","8":"instock","9":"shipping-taxable","10":"product-type-simple"},"_links":{"self":[{"href":"https:\/\/uj.adatbank.ro\/lexikon\/wp-json\/wp\/v2\/product\/10696","targetHints":{"allow":["GET"]}}],"collection":[{"href":"https:\/\/uj.adatbank.ro\/lexikon\/wp-json\/wp\/v2\/product"}],"about":[{"href":"https:\/\/uj.adatbank.ro\/lexikon\/wp-json\/wp\/v2\/types\/product"}],"replies":[{"embeddable":true,"href":"https:\/\/uj.adatbank.ro\/lexikon\/wp-json\/wp\/v2\/comments?post=10696"}],"wp:attachment":[{"href":"https:\/\/uj.adatbank.ro\/lexikon\/wp-json\/wp\/v2\/media?parent=10696"}],"wp:term":[{"taxonomy":"product_brand","embeddable":true,"href":"https:\/\/uj.adatbank.ro\/lexikon\/wp-json\/wp\/v2\/product_brand?post=10696"},{"taxonomy":"product_cat","embeddable":true,"href":"https:\/\/uj.adatbank.ro\/lexikon\/wp-json\/wp\/v2\/product_cat?post=10696"},{"taxonomy":"product_tag","embeddable":true,"href":"https:\/\/uj.adatbank.ro\/lexikon\/wp-json\/wp\/v2\/product_tag?post=10696"}],"curies":[{"name":"wp","href":"https:\/\/api.w.org\/{rel}","templated":true}]}}