{"id":10698,"date":"2025-06-29T13:28:41","date_gmt":"2025-06-29T11:28:41","guid":{"rendered":"https:\/\/uj.adatbank.ro\/lexikon\/termek\/jako-pal-lisznyai\/"},"modified":"2025-06-29T13:28:41","modified_gmt":"2025-06-29T11:28:41","slug":"jako-pal-lisznyai","status":"publish","type":"product","link":"https:\/\/uj.adatbank.ro\/lexikon\/termek\/jako-pal-lisznyai\/","title":{"rendered":"JAK\u00d3 P\u00e1l, lisznyai"},"content":{"rendered":"<p>1750., \u2020\u00a0Magyarp\u00e9terlaka, 1817. m\u00e1rc. 18.: ref. lelk\u00e9sz. \u2013 Feles\u00e9ge nagyernyei Sz\u0151ts M\u00e1ria (1768.?\u20131814). Enyeden subscrib\u00e1lt (1770). Oderafrankfurtban (1780) peregrin\u00e1lt. A s\u00e1rdi zsinaton szentelt\u00e1k pap\u00e1 (1783). A g\u00f6rg\u00e9nyi egyh\u00e1zmegy\u00e9be ker\u00fclt (1784. \u00e1pr. 23). Vajdaszentiv\u00e1nyon (1783\u20131785) \u00e9s Magyarp\u00e9terlak\u00e1n (1786\u20131798\u20131817.) volt lelk\u00e9sz. <br \/><strong>Irod.:<\/strong> B\u00f6jthe Andor; \u0150sz<\/br><\/p>\n","protected":false},"excerpt":{"rendered":"<p>1750., \u2020\u00a0Magyarp\u00e9terlaka, 1817. m\u00e1rc. 18.: ref. lelk\u00e9sz. \u2013 Feles\u00e9ge nagyernyei Sz\u0151ts M\u00e1ria (1768.?\u20131814). Enyeden subscrib\u00e1lt (1770). Oderafrankfurtban (1780) peregrin\u00e1lt. A s\u00e1rdi zsinaton szentelt\u00e1k pap\u00e1 (1783). A g\u00f6rg\u00e9nyi egyh\u00e1zmegy\u00e9be ker\u00fclt (1784. \u00e1pr. 23). Vajdaszentiv\u00e1nyon (1783\u20131785) \u00e9s Magyarp\u00e9terlak\u00e1n (1786\u20131798\u20131817.) volt lelk\u00e9sz. Irod.: B\u00f6jthe Andor; \u0150sz<\/p>\n","protected":false},"featured_media":0,"comment_status":"open","ping_status":"closed","template":"","meta":[],"product_brand":[],"product_cat":[137],"product_tag":[],"class_list":{"0":"post-10698","1":"product","2":"type-product","3":"status-publish","5":"product_cat-maros-megyei-eletrajzi-lexikon","7":"first","8":"instock","9":"shipping-taxable","10":"product-type-simple"},"_links":{"self":[{"href":"https:\/\/uj.adatbank.ro\/lexikon\/wp-json\/wp\/v2\/product\/10698","targetHints":{"allow":["GET"]}}],"collection":[{"href":"https:\/\/uj.adatbank.ro\/lexikon\/wp-json\/wp\/v2\/product"}],"about":[{"href":"https:\/\/uj.adatbank.ro\/lexikon\/wp-json\/wp\/v2\/types\/product"}],"replies":[{"embeddable":true,"href":"https:\/\/uj.adatbank.ro\/lexikon\/wp-json\/wp\/v2\/comments?post=10698"}],"wp:attachment":[{"href":"https:\/\/uj.adatbank.ro\/lexikon\/wp-json\/wp\/v2\/media?parent=10698"}],"wp:term":[{"taxonomy":"product_brand","embeddable":true,"href":"https:\/\/uj.adatbank.ro\/lexikon\/wp-json\/wp\/v2\/product_brand?post=10698"},{"taxonomy":"product_cat","embeddable":true,"href":"https:\/\/uj.adatbank.ro\/lexikon\/wp-json\/wp\/v2\/product_cat?post=10698"},{"taxonomy":"product_tag","embeddable":true,"href":"https:\/\/uj.adatbank.ro\/lexikon\/wp-json\/wp\/v2\/product_tag?post=10698"}],"curies":[{"name":"wp","href":"https:\/\/api.w.org\/{rel}","templated":true}]}}