{"id":10699,"date":"2025-06-29T13:28:43","date_gmt":"2025-06-29T11:28:43","guid":{"rendered":"https:\/\/uj.adatbank.ro\/lexikon\/termek\/jakob-samoila\/"},"modified":"2025-06-29T13:28:43","modified_gmt":"2025-06-29T11:28:43","slug":"jakob-samoila","status":"publish","type":"product","link":"https:\/\/uj.adatbank.ro\/lexikon\/termek\/jakob-samoila\/","title":{"rendered":"JAKOB Samoila"},"content":{"rendered":"<p>? \u2020\u00a0?: f\u00f6ldtulajdonos. \u2013 Sz\u00e1szn\u00e1dasban a f\u00f6ldoszt\u00e1s alkalm\u00e1val birtokaib\u00f3l kisaj\u00e1t\u00edtottak 72, 62 hold kasz\u00e1l\u00f3t \u00e9s legel\u0151t (1923. m\u00e1rc. 7.). A birtokos azel\u0151tt csak 30 holdat m\u0171velt meg saj\u00e1t r\u00e9sz\u00e9re, a t\u00f6bbi f\u00f6ld haszonb\u00e9rben vot kiadva (1918 el\u0151tt). <br \/><strong>Irod.:<\/strong> Prozan<\/br><\/p>\n","protected":false},"excerpt":{"rendered":"<p>? \u2020\u00a0?: f\u00f6ldtulajdonos. \u2013 Sz\u00e1szn\u00e1dasban a f\u00f6ldoszt\u00e1s alkalm\u00e1val birtokaib\u00f3l kisaj\u00e1t\u00edtottak 72, 62 hold kasz\u00e1l\u00f3t \u00e9s legel\u0151t (1923. m\u00e1rc. 7.). A birtokos azel\u0151tt csak 30 holdat m\u0171velt meg saj\u00e1t r\u00e9sz\u00e9re, a t\u00f6bbi f\u00f6ld haszonb\u00e9rben vot kiadva (1918 el\u0151tt). Irod.: Prozan<\/p>\n","protected":false},"featured_media":0,"comment_status":"open","ping_status":"closed","template":"","meta":[],"product_brand":[],"product_cat":[137],"product_tag":[],"class_list":{"0":"post-10699","1":"product","2":"type-product","3":"status-publish","5":"product_cat-maros-megyei-eletrajzi-lexikon","7":"first","8":"instock","9":"shipping-taxable","10":"product-type-simple"},"_links":{"self":[{"href":"https:\/\/uj.adatbank.ro\/lexikon\/wp-json\/wp\/v2\/product\/10699","targetHints":{"allow":["GET"]}}],"collection":[{"href":"https:\/\/uj.adatbank.ro\/lexikon\/wp-json\/wp\/v2\/product"}],"about":[{"href":"https:\/\/uj.adatbank.ro\/lexikon\/wp-json\/wp\/v2\/types\/product"}],"replies":[{"embeddable":true,"href":"https:\/\/uj.adatbank.ro\/lexikon\/wp-json\/wp\/v2\/comments?post=10699"}],"wp:attachment":[{"href":"https:\/\/uj.adatbank.ro\/lexikon\/wp-json\/wp\/v2\/media?parent=10699"}],"wp:term":[{"taxonomy":"product_brand","embeddable":true,"href":"https:\/\/uj.adatbank.ro\/lexikon\/wp-json\/wp\/v2\/product_brand?post=10699"},{"taxonomy":"product_cat","embeddable":true,"href":"https:\/\/uj.adatbank.ro\/lexikon\/wp-json\/wp\/v2\/product_cat?post=10699"},{"taxonomy":"product_tag","embeddable":true,"href":"https:\/\/uj.adatbank.ro\/lexikon\/wp-json\/wp\/v2\/product_tag?post=10699"}],"curies":[{"name":"wp","href":"https:\/\/api.w.org\/{rel}","templated":true}]}}