{"id":10703,"date":"2025-06-29T13:28:54","date_gmt":"2025-06-29T11:28:54","guid":{"rendered":"https:\/\/uj.adatbank.ro\/lexikon\/termek\/jakobovits-izidor-%c2%a7\/"},"modified":"2025-06-29T13:28:54","modified_gmt":"2025-06-29T11:28:54","slug":"jakobovits-izidor-%c2%a7","status":"publish","type":"product","link":"https:\/\/uj.adatbank.ro\/lexikon\/termek\/jakobovits-izidor-%c2%a7\/","title":{"rendered":"JAKOBOVITS Izidor, \u00a7"},"content":{"rendered":"<p>? \u2020 ?: keresked\u0151. \u2013 Testv\u00e9rei: Vilmos, J\u00f3zsef, M\u00f3r, Oszk\u00e1r. \u2013 Mv.-en volt keresked\u0151. Az I. vh.-ban az 50. gy. ezredben, majd \u00e1thelyezt\u00e9k a 47. k. gy. -hez (1914. aug. \u2013 18. nov.). Az orosz \u00e9s olasz hadseregben arcvonal- \u00e9s eg. -\u00fcgyi szolg\u00e1latban \u0151rmester. Kit\u00fcntet\u00e9se: K\u00e1roly cs. k., seb. \u00e9rem ig. a. <br \/><strong>Irod.:<\/strong> M. hadviselt zsid\u00f3k<\/br><\/p>\n","protected":false},"excerpt":{"rendered":"<p>? \u2020 ?: keresked\u0151. \u2013 Testv\u00e9rei: Vilmos, J\u00f3zsef, M\u00f3r, Oszk\u00e1r. \u2013 Mv.-en volt keresked\u0151. Az I. vh.-ban az 50. gy. ezredben, majd \u00e1thelyezt\u00e9k a 47. k. gy. -hez (1914. aug. \u2013 18. nov.). Az orosz \u00e9s olasz hadseregben arcvonal- \u00e9s eg. -\u00fcgyi szolg\u00e1latban \u0151rmester. Kit\u00fcntet\u00e9se: K\u00e1roly cs. k., seb. \u00e9rem ig. a. Irod.: M. hadviselt [&hellip;]<\/p>\n","protected":false},"featured_media":0,"comment_status":"open","ping_status":"closed","template":"","meta":[],"product_brand":[],"product_cat":[137],"product_tag":[],"class_list":{"0":"post-10703","1":"product","2":"type-product","3":"status-publish","5":"product_cat-maros-megyei-eletrajzi-lexikon","7":"first","8":"instock","9":"shipping-taxable","10":"product-type-simple"},"_links":{"self":[{"href":"https:\/\/uj.adatbank.ro\/lexikon\/wp-json\/wp\/v2\/product\/10703","targetHints":{"allow":["GET"]}}],"collection":[{"href":"https:\/\/uj.adatbank.ro\/lexikon\/wp-json\/wp\/v2\/product"}],"about":[{"href":"https:\/\/uj.adatbank.ro\/lexikon\/wp-json\/wp\/v2\/types\/product"}],"replies":[{"embeddable":true,"href":"https:\/\/uj.adatbank.ro\/lexikon\/wp-json\/wp\/v2\/comments?post=10703"}],"wp:attachment":[{"href":"https:\/\/uj.adatbank.ro\/lexikon\/wp-json\/wp\/v2\/media?parent=10703"}],"wp:term":[{"taxonomy":"product_brand","embeddable":true,"href":"https:\/\/uj.adatbank.ro\/lexikon\/wp-json\/wp\/v2\/product_brand?post=10703"},{"taxonomy":"product_cat","embeddable":true,"href":"https:\/\/uj.adatbank.ro\/lexikon\/wp-json\/wp\/v2\/product_cat?post=10703"},{"taxonomy":"product_tag","embeddable":true,"href":"https:\/\/uj.adatbank.ro\/lexikon\/wp-json\/wp\/v2\/product_tag?post=10703"}],"curies":[{"name":"wp","href":"https:\/\/api.w.org\/{rel}","templated":true}]}}