{"id":10704,"date":"2025-06-29T13:28:58","date_gmt":"2025-06-29T11:28:58","guid":{"rendered":"https:\/\/uj.adatbank.ro\/lexikon\/termek\/jakobovits-jozsef\/"},"modified":"2025-06-29T13:28:58","modified_gmt":"2025-06-29T11:28:58","slug":"jakobovits-jozsef","status":"publish","type":"product","link":"https:\/\/uj.adatbank.ro\/lexikon\/termek\/jakobovits-jozsef\/","title":{"rendered":"JAKOBOVITS J\u00f3zsef"},"content":{"rendered":"<p>? \u2020 ?: v\u00e1llalkoz\u00f3. \u2013 Mv.-en volt aut\u00f3buszv\u00e1llalata. Az I. vh.-ban a haditenger\u00e9szet Ferdin\u00e1nd Max, Zrinyi, Radetzky csatahaj\u00f3kon teljes\u00edtett szolg\u00e1latot (1912\u201318. nov.). <strong>Kit\u00fcntet\u00e9sei:<\/strong> K\u00e1roly csapatkereszt cs. k. ig. a., 1912\/13 e. k. <br \/><strong>Irod.:<\/strong> M. hadviselt zsid\u00f3k<\/br><\/p>\n","protected":false},"excerpt":{"rendered":"<p>? \u2020 ?: v\u00e1llalkoz\u00f3. \u2013 Mv.-en volt aut\u00f3buszv\u00e1llalata. Az I. vh.-ban a haditenger\u00e9szet Ferdin\u00e1nd Max, Zrinyi, Radetzky csatahaj\u00f3kon teljes\u00edtett szolg\u00e1latot (1912\u201318. nov.). Kit\u00fcntet\u00e9sei: K\u00e1roly csapatkereszt cs. k. ig. a., 1912\/13 e. k. Irod.: M. hadviselt zsid\u00f3k<\/p>\n","protected":false},"featured_media":0,"comment_status":"open","ping_status":"closed","template":"","meta":[],"product_brand":[],"product_cat":[137],"product_tag":[],"class_list":{"0":"post-10704","1":"product","2":"type-product","3":"status-publish","5":"product_cat-maros-megyei-eletrajzi-lexikon","7":"first","8":"instock","9":"shipping-taxable","10":"product-type-simple"},"_links":{"self":[{"href":"https:\/\/uj.adatbank.ro\/lexikon\/wp-json\/wp\/v2\/product\/10704","targetHints":{"allow":["GET"]}}],"collection":[{"href":"https:\/\/uj.adatbank.ro\/lexikon\/wp-json\/wp\/v2\/product"}],"about":[{"href":"https:\/\/uj.adatbank.ro\/lexikon\/wp-json\/wp\/v2\/types\/product"}],"replies":[{"embeddable":true,"href":"https:\/\/uj.adatbank.ro\/lexikon\/wp-json\/wp\/v2\/comments?post=10704"}],"wp:attachment":[{"href":"https:\/\/uj.adatbank.ro\/lexikon\/wp-json\/wp\/v2\/media?parent=10704"}],"wp:term":[{"taxonomy":"product_brand","embeddable":true,"href":"https:\/\/uj.adatbank.ro\/lexikon\/wp-json\/wp\/v2\/product_brand?post=10704"},{"taxonomy":"product_cat","embeddable":true,"href":"https:\/\/uj.adatbank.ro\/lexikon\/wp-json\/wp\/v2\/product_cat?post=10704"},{"taxonomy":"product_tag","embeddable":true,"href":"https:\/\/uj.adatbank.ro\/lexikon\/wp-json\/wp\/v2\/product_tag?post=10704"}],"curies":[{"name":"wp","href":"https:\/\/api.w.org\/{rel}","templated":true}]}}