{"id":10705,"date":"2025-06-29T13:29:00","date_gmt":"2025-06-29T11:29:00","guid":{"rendered":"https:\/\/uj.adatbank.ro\/lexikon\/termek\/jakobovits-oszkar-%c2%a7\/"},"modified":"2025-06-29T13:29:00","modified_gmt":"2025-06-29T11:29:00","slug":"jakobovits-oszkar-%c2%a7","status":"publish","type":"product","link":"https:\/\/uj.adatbank.ro\/lexikon\/termek\/jakobovits-oszkar-%c2%a7\/","title":{"rendered":"JAKOBOVITS Oszk\u00e1r, \u00a7"},"content":{"rendered":"<p>? \u2020\u00a0?: keresked\u0151. \u2013 Mv.-en volt keresked\u0151. Az I. vh.-ban az olasz harct\u00e9ren volt a t\u00e1v\u00edr\u00f3ezredn\u00e9l szakaszvezet\u0151 (1916. \u00e1pr. \u2013 18. nov.). Megsebes\u00fclt. <strong>Kit\u00fcntet\u00e9sei:<\/strong> O 2, Ob, K\u00e1roly csapatkereszt cs. k. ig. a. k\u00e9tszer. <br \/><strong>Irod.:<\/strong> M. hadviselt zsid\u00f3k<\/br><\/p>\n","protected":false},"excerpt":{"rendered":"<p>? \u2020\u00a0?: keresked\u0151. \u2013 Mv.-en volt keresked\u0151. Az I. vh.-ban az olasz harct\u00e9ren volt a t\u00e1v\u00edr\u00f3ezredn\u00e9l szakaszvezet\u0151 (1916. \u00e1pr. \u2013 18. nov.). Megsebes\u00fclt. Kit\u00fcntet\u00e9sei: O 2, Ob, K\u00e1roly csapatkereszt cs. k. ig. a. k\u00e9tszer. Irod.: M. hadviselt zsid\u00f3k<\/p>\n","protected":false},"featured_media":0,"comment_status":"open","ping_status":"closed","template":"","meta":[],"product_brand":[],"product_cat":[137],"product_tag":[],"class_list":{"0":"post-10705","1":"product","2":"type-product","3":"status-publish","5":"product_cat-maros-megyei-eletrajzi-lexikon","7":"first","8":"instock","9":"shipping-taxable","10":"product-type-simple"},"_links":{"self":[{"href":"https:\/\/uj.adatbank.ro\/lexikon\/wp-json\/wp\/v2\/product\/10705","targetHints":{"allow":["GET"]}}],"collection":[{"href":"https:\/\/uj.adatbank.ro\/lexikon\/wp-json\/wp\/v2\/product"}],"about":[{"href":"https:\/\/uj.adatbank.ro\/lexikon\/wp-json\/wp\/v2\/types\/product"}],"replies":[{"embeddable":true,"href":"https:\/\/uj.adatbank.ro\/lexikon\/wp-json\/wp\/v2\/comments?post=10705"}],"wp:attachment":[{"href":"https:\/\/uj.adatbank.ro\/lexikon\/wp-json\/wp\/v2\/media?parent=10705"}],"wp:term":[{"taxonomy":"product_brand","embeddable":true,"href":"https:\/\/uj.adatbank.ro\/lexikon\/wp-json\/wp\/v2\/product_brand?post=10705"},{"taxonomy":"product_cat","embeddable":true,"href":"https:\/\/uj.adatbank.ro\/lexikon\/wp-json\/wp\/v2\/product_cat?post=10705"},{"taxonomy":"product_tag","embeddable":true,"href":"https:\/\/uj.adatbank.ro\/lexikon\/wp-json\/wp\/v2\/product_tag?post=10705"}],"curies":[{"name":"wp","href":"https:\/\/api.w.org\/{rel}","templated":true}]}}