{"id":10708,"date":"2025-06-29T13:29:04","date_gmt":"2025-06-29T11:29:04","guid":{"rendered":"https:\/\/uj.adatbank.ro\/lexikon\/termek\/jambor-erzsebet\/"},"modified":"2025-06-29T13:29:04","modified_gmt":"2025-06-29T11:29:04","slug":"jambor-erzsebet","status":"publish","type":"product","link":"https:\/\/uj.adatbank.ro\/lexikon\/termek\/jambor-erzsebet\/","title":{"rendered":"J\u00c1MBOR Erzs\u00e9bet"},"content":{"rendered":"<p>Mv., 1901., \u2020 Tel Aviv, 1952.: sz\u00ednm\u0171\u00edr\u00f3. \u2013 A Continental R. t. c. t\u00e1rsadalmi dr\u00e1m\u00e1j\u00e1t a: Kv-i M. Sz\u00ednh\u00e1z mutatta be (1935. jan. 26). Anyai sz\u00edv c. dr\u00e1m\u00e1j\u00e1nak egy r\u00e9szlete a Korunkban jelent meg (1935\/2.). Az evroni Eml\u00e9kh\u00e1zban Anna \u00e1rtatlan (v\u00edgj\u00e1t\u00e9k, Kv. 1934) \u00e9s Nem \u00e9n \u00f6ltem c. darabjainak g\u00e9p\u00edr\u00e1sosp\u00e9ld\u00e1ny\u00e1t \u0151rzik. <br \/><strong>Irod.:<\/strong> RMIL<\/br><\/p>\n","protected":false},"excerpt":{"rendered":"<p>Mv., 1901., \u2020 Tel Aviv, 1952.: sz\u00ednm\u0171\u00edr\u00f3. \u2013 A Continental R. t. c. t\u00e1rsadalmi dr\u00e1m\u00e1j\u00e1t a: Kv-i M. Sz\u00ednh\u00e1z mutatta be (1935. jan. 26). Anyai sz\u00edv c. dr\u00e1m\u00e1j\u00e1nak egy r\u00e9szlete a Korunkban jelent meg (1935\/2.). Az evroni Eml\u00e9kh\u00e1zban Anna \u00e1rtatlan (v\u00edgj\u00e1t\u00e9k, Kv. 1934) \u00e9s Nem \u00e9n \u00f6ltem c. darabjainak g\u00e9p\u00edr\u00e1sosp\u00e9ld\u00e1ny\u00e1t \u0151rzik. Irod.: RMIL<\/p>\n","protected":false},"featured_media":0,"comment_status":"open","ping_status":"closed","template":"","meta":[],"product_brand":[],"product_cat":[137],"product_tag":[],"class_list":{"0":"post-10708","1":"product","2":"type-product","3":"status-publish","5":"product_cat-maros-megyei-eletrajzi-lexikon","7":"first","8":"instock","9":"shipping-taxable","10":"product-type-simple"},"_links":{"self":[{"href":"https:\/\/uj.adatbank.ro\/lexikon\/wp-json\/wp\/v2\/product\/10708","targetHints":{"allow":["GET"]}}],"collection":[{"href":"https:\/\/uj.adatbank.ro\/lexikon\/wp-json\/wp\/v2\/product"}],"about":[{"href":"https:\/\/uj.adatbank.ro\/lexikon\/wp-json\/wp\/v2\/types\/product"}],"replies":[{"embeddable":true,"href":"https:\/\/uj.adatbank.ro\/lexikon\/wp-json\/wp\/v2\/comments?post=10708"}],"wp:attachment":[{"href":"https:\/\/uj.adatbank.ro\/lexikon\/wp-json\/wp\/v2\/media?parent=10708"}],"wp:term":[{"taxonomy":"product_brand","embeddable":true,"href":"https:\/\/uj.adatbank.ro\/lexikon\/wp-json\/wp\/v2\/product_brand?post=10708"},{"taxonomy":"product_cat","embeddable":true,"href":"https:\/\/uj.adatbank.ro\/lexikon\/wp-json\/wp\/v2\/product_cat?post=10708"},{"taxonomy":"product_tag","embeddable":true,"href":"https:\/\/uj.adatbank.ro\/lexikon\/wp-json\/wp\/v2\/product_tag?post=10708"}],"curies":[{"name":"wp","href":"https:\/\/api.w.org\/{rel}","templated":true}]}}