{"id":10709,"date":"2025-06-29T13:29:05","date_gmt":"2025-06-29T11:29:05","guid":{"rendered":"https:\/\/uj.adatbank.ro\/lexikon\/termek\/jambor-ferenc\/"},"modified":"2025-06-29T13:29:05","modified_gmt":"2025-06-29T11:29:05","slug":"jambor-ferenc","status":"publish","type":"product","link":"https:\/\/uj.adatbank.ro\/lexikon\/termek\/jambor-ferenc\/","title":{"rendered":"J\u00c1MBOR Ferenc"},"content":{"rendered":"<p>? \u2020\u00a0? : \u00fajs\u00e1g\u00edr\u00f3, cionista vezet\u0151. \u2013 Kv.-i \u00fajs\u00e1g\u00edr\u00f3., a Zsid\u00f3 P\u00e1rt tartom\u00e1nyi k\u00f6zpontj\u00e1nak titk\u00e1ra, egy\u00fctt dr. Klein Miksa \u00fcgyvezet\u0151 eln\u00f6kkel tagtoborz\u00f3 nagygy\u0171l\u00e9st szervezett Mv.-en (1931. okt. 25.), \u00e9rtekezletet tartottak (1937. nov. 21.). <br \/><strong>Irod.:<\/strong> Id\u0151t\u00e1r 3<\/br><\/p>\n","protected":false},"excerpt":{"rendered":"<p>? \u2020\u00a0? : \u00fajs\u00e1g\u00edr\u00f3, cionista vezet\u0151. \u2013 Kv.-i \u00fajs\u00e1g\u00edr\u00f3., a Zsid\u00f3 P\u00e1rt tartom\u00e1nyi k\u00f6zpontj\u00e1nak titk\u00e1ra, egy\u00fctt dr. Klein Miksa \u00fcgyvezet\u0151 eln\u00f6kkel tagtoborz\u00f3 nagygy\u0171l\u00e9st szervezett Mv.-en (1931. okt. 25.), \u00e9rtekezletet tartottak (1937. nov. 21.). Irod.: Id\u0151t\u00e1r 3<\/p>\n","protected":false},"featured_media":0,"comment_status":"open","ping_status":"closed","template":"","meta":[],"product_brand":[],"product_cat":[137],"product_tag":[],"class_list":{"0":"post-10709","1":"product","2":"type-product","3":"status-publish","5":"product_cat-maros-megyei-eletrajzi-lexikon","7":"first","8":"instock","9":"shipping-taxable","10":"product-type-simple"},"_links":{"self":[{"href":"https:\/\/uj.adatbank.ro\/lexikon\/wp-json\/wp\/v2\/product\/10709","targetHints":{"allow":["GET"]}}],"collection":[{"href":"https:\/\/uj.adatbank.ro\/lexikon\/wp-json\/wp\/v2\/product"}],"about":[{"href":"https:\/\/uj.adatbank.ro\/lexikon\/wp-json\/wp\/v2\/types\/product"}],"replies":[{"embeddable":true,"href":"https:\/\/uj.adatbank.ro\/lexikon\/wp-json\/wp\/v2\/comments?post=10709"}],"wp:attachment":[{"href":"https:\/\/uj.adatbank.ro\/lexikon\/wp-json\/wp\/v2\/media?parent=10709"}],"wp:term":[{"taxonomy":"product_brand","embeddable":true,"href":"https:\/\/uj.adatbank.ro\/lexikon\/wp-json\/wp\/v2\/product_brand?post=10709"},{"taxonomy":"product_cat","embeddable":true,"href":"https:\/\/uj.adatbank.ro\/lexikon\/wp-json\/wp\/v2\/product_cat?post=10709"},{"taxonomy":"product_tag","embeddable":true,"href":"https:\/\/uj.adatbank.ro\/lexikon\/wp-json\/wp\/v2\/product_tag?post=10709"}],"curies":[{"name":"wp","href":"https:\/\/api.w.org\/{rel}","templated":true}]}}