{"id":10810,"date":"2025-06-29T13:32:13","date_gmt":"2025-06-29T11:32:13","guid":{"rendered":"https:\/\/uj.adatbank.ro\/lexikon\/termek\/janossy-matyas-kisgorgenyi\/"},"modified":"2025-06-29T13:32:13","modified_gmt":"2025-06-29T11:32:13","slug":"janossy-matyas-kisgorgenyi","status":"publish","type":"product","link":"https:\/\/uj.adatbank.ro\/lexikon\/termek\/janossy-matyas-kisgorgenyi\/","title":{"rendered":"J\u00c1NOSSY M\u00e1ty\u00e1s, kisg\u00f6rg\u00e9nyi"},"content":{"rendered":"<p>K\u00fck\u00fcll\u0151v\u00e1r, 1794, \u2020 Mv., 1862. jan. 2.: test\u0151r, katonatiszt. \u2013 A test\u0151rs\u0151gben szolg\u00e1lt (1815\u20131818), a hadseregben husz\u00e1r\u0151rnagyi rangot szerzett. Nyugd\u00edjba vonult (1834). <br \/><strong>Irod.:<\/strong> MTN<\/br><\/p>\n","protected":false},"excerpt":{"rendered":"<p>K\u00fck\u00fcll\u0151v\u00e1r, 1794, \u2020 Mv., 1862. jan. 2.: test\u0151r, katonatiszt. \u2013 A test\u0151rs\u0151gben szolg\u00e1lt (1815\u20131818), a hadseregben husz\u00e1r\u0151rnagyi rangot szerzett. Nyugd\u00edjba vonult (1834). Irod.: MTN<\/p>\n","protected":false},"featured_media":0,"comment_status":"open","ping_status":"closed","template":"","meta":[],"product_brand":[],"product_cat":[137],"product_tag":[],"class_list":{"0":"post-10810","1":"product","2":"type-product","3":"status-publish","5":"product_cat-maros-megyei-eletrajzi-lexikon","7":"first","8":"instock","9":"shipping-taxable","10":"product-type-simple"},"_links":{"self":[{"href":"https:\/\/uj.adatbank.ro\/lexikon\/wp-json\/wp\/v2\/product\/10810","targetHints":{"allow":["GET"]}}],"collection":[{"href":"https:\/\/uj.adatbank.ro\/lexikon\/wp-json\/wp\/v2\/product"}],"about":[{"href":"https:\/\/uj.adatbank.ro\/lexikon\/wp-json\/wp\/v2\/types\/product"}],"replies":[{"embeddable":true,"href":"https:\/\/uj.adatbank.ro\/lexikon\/wp-json\/wp\/v2\/comments?post=10810"}],"wp:attachment":[{"href":"https:\/\/uj.adatbank.ro\/lexikon\/wp-json\/wp\/v2\/media?parent=10810"}],"wp:term":[{"taxonomy":"product_brand","embeddable":true,"href":"https:\/\/uj.adatbank.ro\/lexikon\/wp-json\/wp\/v2\/product_brand?post=10810"},{"taxonomy":"product_cat","embeddable":true,"href":"https:\/\/uj.adatbank.ro\/lexikon\/wp-json\/wp\/v2\/product_cat?post=10810"},{"taxonomy":"product_tag","embeddable":true,"href":"https:\/\/uj.adatbank.ro\/lexikon\/wp-json\/wp\/v2\/product_tag?post=10810"}],"curies":[{"name":"wp","href":"https:\/\/api.w.org\/{rel}","templated":true}]}}