{"id":10814,"date":"2025-06-29T13:32:21","date_gmt":"2025-06-29T11:32:21","guid":{"rendered":"https:\/\/uj.adatbank.ro\/lexikon\/termek\/janosy-samuel-folyfalvi-janosy-samu\/"},"modified":"2025-06-29T13:32:21","modified_gmt":"2025-06-29T11:32:21","slug":"janosy-samuel-folyfalvi-janosy-samu","status":"publish","type":"product","link":"https:\/\/uj.adatbank.ro\/lexikon\/termek\/janosy-samuel-folyfalvi-janosy-samu\/","title":{"rendered":"J\u00c1NOSY S\u00e1muel, folyfalvi, J\u00e1nosy Samu"},"content":{"rendered":"<p>1861.? \u2020\u00a0Kv., 1917. \u00e1pr. 21: tan\u00e1r. \u2013 J. S\u00e1muel \u00e9s Tr\u00f3znai Julianna (1848 \u2013 T\u00f6vis, 1910. dec. 18.) fia. Feles\u00e9ge: Kakasy Jol\u00e1n. Gyermekeik: Piroska, Zolt\u00e1n, Jol\u00e1n, Ilona, Margit. \u2013 A mv.-i ref. polg\u00e1ri le\u00e1nyiskola igazgat\u00f3ja. \u2013 <strong>F. m.:<\/strong> <strong>t\u00e1rssz.:<\/strong> Eml\u00e9klapok De\u00e1k Lajos huszon\u00f6t\u00e9ves jubileuma alkalm\u00e1b\u00f3l (Mv., 1908). <br \/><strong>Irod.:<\/strong> Gy\u00e1szjelent\u0151; Kakasy M\u00e1rton: Naplemente (Mv., 1931)<\/br><\/p>\n","protected":false},"excerpt":{"rendered":"<p>1861.? \u2020\u00a0Kv., 1917. \u00e1pr. 21: tan\u00e1r. \u2013 J. S\u00e1muel \u00e9s Tr\u00f3znai Julianna (1848 \u2013 T\u00f6vis, 1910. dec. 18.) fia. Feles\u00e9ge: Kakasy Jol\u00e1n. Gyermekeik: Piroska, Zolt\u00e1n, Jol\u00e1n, Ilona, Margit. \u2013 A mv.-i ref. polg\u00e1ri le\u00e1nyiskola igazgat\u00f3ja. \u2013 F. m.: t\u00e1rssz.: Eml\u00e9klapok De\u00e1k Lajos huszon\u00f6t\u00e9ves jubileuma alkalm\u00e1b\u00f3l (Mv., 1908). Irod.: Gy\u00e1szjelent\u0151; Kakasy M\u00e1rton: Naplemente (Mv., 1931)<\/p>\n","protected":false},"featured_media":0,"comment_status":"open","ping_status":"closed","template":"","meta":[],"product_brand":[],"product_cat":[137],"product_tag":[],"class_list":{"0":"post-10814","1":"product","2":"type-product","3":"status-publish","5":"product_cat-maros-megyei-eletrajzi-lexikon","7":"first","8":"instock","9":"shipping-taxable","10":"product-type-simple"},"_links":{"self":[{"href":"https:\/\/uj.adatbank.ro\/lexikon\/wp-json\/wp\/v2\/product\/10814","targetHints":{"allow":["GET"]}}],"collection":[{"href":"https:\/\/uj.adatbank.ro\/lexikon\/wp-json\/wp\/v2\/product"}],"about":[{"href":"https:\/\/uj.adatbank.ro\/lexikon\/wp-json\/wp\/v2\/types\/product"}],"replies":[{"embeddable":true,"href":"https:\/\/uj.adatbank.ro\/lexikon\/wp-json\/wp\/v2\/comments?post=10814"}],"wp:attachment":[{"href":"https:\/\/uj.adatbank.ro\/lexikon\/wp-json\/wp\/v2\/media?parent=10814"}],"wp:term":[{"taxonomy":"product_brand","embeddable":true,"href":"https:\/\/uj.adatbank.ro\/lexikon\/wp-json\/wp\/v2\/product_brand?post=10814"},{"taxonomy":"product_cat","embeddable":true,"href":"https:\/\/uj.adatbank.ro\/lexikon\/wp-json\/wp\/v2\/product_cat?post=10814"},{"taxonomy":"product_tag","embeddable":true,"href":"https:\/\/uj.adatbank.ro\/lexikon\/wp-json\/wp\/v2\/product_tag?post=10814"}],"curies":[{"name":"wp","href":"https:\/\/api.w.org\/{rel}","templated":true}]}}