{"id":10816,"date":"2025-06-29T13:32:24","date_gmt":"2025-06-29T11:32:24","guid":{"rendered":"https:\/\/uj.adatbank.ro\/lexikon\/termek\/jantso-jozsef-jantso-josephus-jancso-jozsef-gidofalvi\/"},"modified":"2025-06-29T13:32:24","modified_gmt":"2025-06-29T11:32:24","slug":"jantso-jozsef-jantso-josephus-jancso-jozsef-gidofalvi","status":"publish","type":"product","link":"https:\/\/uj.adatbank.ro\/lexikon\/termek\/jantso-jozsef-jantso-josephus-jancso-jozsef-gidofalvi\/","title":{"rendered":"JANTS\u00d3 J\u00f3zsef, Jantso Josephus; Jancs\u00f3 J\u00f3zsef, gid\u00f3falvi"},"content":{"rendered":"<p>Mv., 1753., 1749, \u2020\u00a0?: lelk\u00e9sz. \u2013 Tanult Mv.-en (1762), Enyeden (1768\u2013), ott k\u00f6nyvt\u00e1ros is. Marburgban (1774), Leidenben (1778) peregrin\u00e1lt. Papp\u00e1 szentelt\u00e9k (1783) mint nagyszebeni lelk\u00e9szt (1784\u201387), Marosv\u00e9csen (1784\u201387), Harasztoson, Felvincen volt m\u00e9g lelk\u00e9sz. (\u20131806). <br \/><strong>Irod.:<\/strong> \u0150sz; Szab\u00f3\u2013Sz\u00f6gi<\/br><\/p>\n","protected":false},"excerpt":{"rendered":"<p>Mv., 1753., 1749, \u2020\u00a0?: lelk\u00e9sz. \u2013 Tanult Mv.-en (1762), Enyeden (1768\u2013), ott k\u00f6nyvt\u00e1ros is. Marburgban (1774), Leidenben (1778) peregrin\u00e1lt. Papp\u00e1 szentelt\u00e9k (1783) mint nagyszebeni lelk\u00e9szt (1784\u201387), Marosv\u00e9csen (1784\u201387), Harasztoson, Felvincen volt m\u00e9g lelk\u00e9sz. (\u20131806). Irod.: \u0150sz; Szab\u00f3\u2013Sz\u00f6gi<\/p>\n","protected":false},"featured_media":0,"comment_status":"open","ping_status":"closed","template":"","meta":[],"product_brand":[],"product_cat":[137],"product_tag":[],"class_list":{"0":"post-10816","1":"product","2":"type-product","3":"status-publish","5":"product_cat-maros-megyei-eletrajzi-lexikon","7":"first","8":"instock","9":"shipping-taxable","10":"product-type-simple"},"_links":{"self":[{"href":"https:\/\/uj.adatbank.ro\/lexikon\/wp-json\/wp\/v2\/product\/10816","targetHints":{"allow":["GET"]}}],"collection":[{"href":"https:\/\/uj.adatbank.ro\/lexikon\/wp-json\/wp\/v2\/product"}],"about":[{"href":"https:\/\/uj.adatbank.ro\/lexikon\/wp-json\/wp\/v2\/types\/product"}],"replies":[{"embeddable":true,"href":"https:\/\/uj.adatbank.ro\/lexikon\/wp-json\/wp\/v2\/comments?post=10816"}],"wp:attachment":[{"href":"https:\/\/uj.adatbank.ro\/lexikon\/wp-json\/wp\/v2\/media?parent=10816"}],"wp:term":[{"taxonomy":"product_brand","embeddable":true,"href":"https:\/\/uj.adatbank.ro\/lexikon\/wp-json\/wp\/v2\/product_brand?post=10816"},{"taxonomy":"product_cat","embeddable":true,"href":"https:\/\/uj.adatbank.ro\/lexikon\/wp-json\/wp\/v2\/product_cat?post=10816"},{"taxonomy":"product_tag","embeddable":true,"href":"https:\/\/uj.adatbank.ro\/lexikon\/wp-json\/wp\/v2\/product_tag?post=10816"}],"curies":[{"name":"wp","href":"https:\/\/api.w.org\/{rel}","templated":true}]}}