{"id":10817,"date":"2025-06-29T13:32:26","date_gmt":"2025-06-29T11:32:26","guid":{"rendered":"https:\/\/uj.adatbank.ro\/lexikon\/termek\/jantso-mihaly-gidofalvi-jantso-michael-gidofalvi-jantso-mihaly\/"},"modified":"2025-06-29T13:32:26","modified_gmt":"2025-06-29T11:32:26","slug":"jantso-mihaly-gidofalvi-jantso-michael-gidofalvi-jantso-mihaly","status":"publish","type":"product","link":"https:\/\/uj.adatbank.ro\/lexikon\/termek\/jantso-mihaly-gidofalvi-jantso-michael-gidofalvi-jantso-mihaly\/","title":{"rendered":"JANTS\u00d3 Mih\u00e1ly, gid\u00f3falvi; Jantso Michael; Gid\u00f3falvi Jants\u00f3 Mih\u00e1ly"},"content":{"rendered":"<p>1783., \u2020\u00a0Sz\u00e1szcs\u00e1v\u00e1s, 1789. dec. 26.: ref. lelk\u00e9sz. \u2013 Tanulm\u00e1nyait a mv.-i koll. v\u00e9gezte (1764), Marburgba peregrin\u00e1lt (1774). V\u00e1mosgalfalv\u00e1n lelk\u00e9sz (1777\u201383. m\u00e1rc. 16.), innen h\u00edvt\u00e1k meg \u00e9s lelkip\u00e1sztornak v\u00e1lasztott\u00e1k Sz\u00e1szcs\u00e1v\u00e1son (1783. m\u00e1rc. 17. \u2013 1789). Cs\u00e1v\u00e1son kiv\u00e1l\u00f3 igehirdet\u0151 volt, a templomot restaur\u00e1ltatta \u00e9s fel\u00e9p\u00edtette az \u00faj par\u00f3ki\u00e1t. <br \/><strong>Irod.:<\/strong> Cs\u00e1v\u00e1s; Cs\u00e1v\u00e1si eml\u00e9kk\u00f6nyv; K\u00fck\u00fcll\u0151i Ref. Egyh\u00e1zm. 1., 4; Szab\u00f3\u2013Sz\u00f6gi<\/br><\/p>\n","protected":false},"excerpt":{"rendered":"<p>1783., \u2020\u00a0Sz\u00e1szcs\u00e1v\u00e1s, 1789. dec. 26.: ref. lelk\u00e9sz. \u2013 Tanulm\u00e1nyait a mv.-i koll. v\u00e9gezte (1764), Marburgba peregrin\u00e1lt (1774). V\u00e1mosgalfalv\u00e1n lelk\u00e9sz (1777\u201383. m\u00e1rc. 16.), innen h\u00edvt\u00e1k meg \u00e9s lelkip\u00e1sztornak v\u00e1lasztott\u00e1k Sz\u00e1szcs\u00e1v\u00e1son (1783. m\u00e1rc. 17. \u2013 1789). Cs\u00e1v\u00e1son kiv\u00e1l\u00f3 igehirdet\u0151 volt, a templomot restaur\u00e1ltatta \u00e9s fel\u00e9p\u00edtette az \u00faj par\u00f3ki\u00e1t. Irod.: Cs\u00e1v\u00e1s; Cs\u00e1v\u00e1si eml\u00e9kk\u00f6nyv; K\u00fck\u00fcll\u0151i Ref. Egyh\u00e1zm. 1., 4; [&hellip;]<\/p>\n","protected":false},"featured_media":0,"comment_status":"open","ping_status":"closed","template":"","meta":[],"product_brand":[],"product_cat":[137],"product_tag":[],"class_list":{"0":"post-10817","1":"product","2":"type-product","3":"status-publish","5":"product_cat-maros-megyei-eletrajzi-lexikon","7":"first","8":"instock","9":"shipping-taxable","10":"product-type-simple"},"_links":{"self":[{"href":"https:\/\/uj.adatbank.ro\/lexikon\/wp-json\/wp\/v2\/product\/10817","targetHints":{"allow":["GET"]}}],"collection":[{"href":"https:\/\/uj.adatbank.ro\/lexikon\/wp-json\/wp\/v2\/product"}],"about":[{"href":"https:\/\/uj.adatbank.ro\/lexikon\/wp-json\/wp\/v2\/types\/product"}],"replies":[{"embeddable":true,"href":"https:\/\/uj.adatbank.ro\/lexikon\/wp-json\/wp\/v2\/comments?post=10817"}],"wp:attachment":[{"href":"https:\/\/uj.adatbank.ro\/lexikon\/wp-json\/wp\/v2\/media?parent=10817"}],"wp:term":[{"taxonomy":"product_brand","embeddable":true,"href":"https:\/\/uj.adatbank.ro\/lexikon\/wp-json\/wp\/v2\/product_brand?post=10817"},{"taxonomy":"product_cat","embeddable":true,"href":"https:\/\/uj.adatbank.ro\/lexikon\/wp-json\/wp\/v2\/product_cat?post=10817"},{"taxonomy":"product_tag","embeddable":true,"href":"https:\/\/uj.adatbank.ro\/lexikon\/wp-json\/wp\/v2\/product_tag?post=10817"}],"curies":[{"name":"wp","href":"https:\/\/api.w.org\/{rel}","templated":true}]}}