{"id":10822,"date":"2025-06-29T13:32:35","date_gmt":"2025-06-29T11:32:35","guid":{"rendered":"https:\/\/uj.adatbank.ro\/lexikon\/termek\/jaray-robert\/"},"modified":"2025-06-29T13:32:35","modified_gmt":"2025-06-29T11:32:35","slug":"jaray-robert","status":"publish","type":"product","link":"https:\/\/uj.adatbank.ro\/lexikon\/termek\/jaray-robert\/","title":{"rendered":"J\u00c1RAY R\u00f3bert"},"content":{"rendered":"<p>? \u2020 ?: f\u00f6ldbirtokos. \u2013 D\u00e9sfalv\u00e1n \u00e9p\u00edtetett k\u00fari\u00e1t (1850 k.) \u00e9s itt 26 hold sz\u0151l\u0151birtokkal is rendelkezett. D\u00e9sfalv\u00e1n \u00e9p\u00edtetett m\u00e9g egy k\u00fari\u00e1t, ami \u00f6r\u00f6ks\u00e9g r\u00e9v\u00e9n ker\u00fclt a Felszeghy csal\u00e1d birtok\u00e1ba, a csal\u00e1d lesz\u00e1rmazottai eladt\u00e1k (1970-es \u00e9vekben). <br \/><strong>Irod.:<\/strong> Cs\u00e1vossy; Keresztes Gyula: \u00d6r\u00f6ks\u00e9g\u00fcnk 29.: A n\u00e9gy d\u00e9sfalvi k\u00faria (N\u00fa., 1992. dec. 4.)<\/br><\/p>\n","protected":false},"excerpt":{"rendered":"<p>? \u2020 ?: f\u00f6ldbirtokos. \u2013 D\u00e9sfalv\u00e1n \u00e9p\u00edtetett k\u00fari\u00e1t (1850 k.) \u00e9s itt 26 hold sz\u0151l\u0151birtokkal is rendelkezett. D\u00e9sfalv\u00e1n \u00e9p\u00edtetett m\u00e9g egy k\u00fari\u00e1t, ami \u00f6r\u00f6ks\u00e9g r\u00e9v\u00e9n ker\u00fclt a Felszeghy csal\u00e1d birtok\u00e1ba, a csal\u00e1d lesz\u00e1rmazottai eladt\u00e1k (1970-es \u00e9vekben). Irod.: Cs\u00e1vossy; Keresztes Gyula: \u00d6r\u00f6ks\u00e9g\u00fcnk 29.: A n\u00e9gy d\u00e9sfalvi k\u00faria (N\u00fa., 1992. dec. 4.)<\/p>\n","protected":false},"featured_media":0,"comment_status":"open","ping_status":"closed","template":"","meta":[],"product_brand":[],"product_cat":[137],"product_tag":[],"class_list":{"0":"post-10822","1":"product","2":"type-product","3":"status-publish","5":"product_cat-maros-megyei-eletrajzi-lexikon","7":"first","8":"instock","9":"shipping-taxable","10":"product-type-simple"},"_links":{"self":[{"href":"https:\/\/uj.adatbank.ro\/lexikon\/wp-json\/wp\/v2\/product\/10822","targetHints":{"allow":["GET"]}}],"collection":[{"href":"https:\/\/uj.adatbank.ro\/lexikon\/wp-json\/wp\/v2\/product"}],"about":[{"href":"https:\/\/uj.adatbank.ro\/lexikon\/wp-json\/wp\/v2\/types\/product"}],"replies":[{"embeddable":true,"href":"https:\/\/uj.adatbank.ro\/lexikon\/wp-json\/wp\/v2\/comments?post=10822"}],"wp:attachment":[{"href":"https:\/\/uj.adatbank.ro\/lexikon\/wp-json\/wp\/v2\/media?parent=10822"}],"wp:term":[{"taxonomy":"product_brand","embeddable":true,"href":"https:\/\/uj.adatbank.ro\/lexikon\/wp-json\/wp\/v2\/product_brand?post=10822"},{"taxonomy":"product_cat","embeddable":true,"href":"https:\/\/uj.adatbank.ro\/lexikon\/wp-json\/wp\/v2\/product_cat?post=10822"},{"taxonomy":"product_tag","embeddable":true,"href":"https:\/\/uj.adatbank.ro\/lexikon\/wp-json\/wp\/v2\/product_tag?post=10822"}],"curies":[{"name":"wp","href":"https:\/\/api.w.org\/{rel}","templated":true}]}}