{"id":10826,"date":"2025-06-29T13:32:44","date_gmt":"2025-06-29T11:32:44","guid":{"rendered":"https:\/\/uj.adatbank.ro\/lexikon\/termek\/jarmi-daniel-jarmy-daniel\/"},"modified":"2025-06-29T13:32:44","modified_gmt":"2025-06-29T11:32:44","slug":"jarmi-daniel-jarmy-daniel","status":"publish","type":"product","link":"https:\/\/uj.adatbank.ro\/lexikon\/termek\/jarmi-daniel-jarmy-daniel\/","title":{"rendered":"J\u00c1RMI D\u00e1niel, J\u00e1rmy D\u00e1niel"},"content":{"rendered":"<p>? \u2020\u00a01853. okt. 8.: szolgab\u00edr\u00f3. \u2013 J. Gy\u00f6rgy fia. Testv\u00e9rei: S\u00e1ndor (\u2020\u00a01860 k.) \u00e9s Karolina, D\u00f3zs\u00e1n\u00e9. Feles\u00e9ge: Szentkir\u00e1lyi Veronika. \u2013 K\u00fck\u00fcll\u0151 v\u00e1rmegye szolgab\u00edr\u00e1ja (1830\u2013). B\u00faz\u00e1sbeseny\u0151ben nagybirtokos testv\u00e9r\u00e9vel egy\u00fctt, Karolina r\u00e9v\u00e9n B\u00faz\u00e1sbeseny\u0151 a D\u00f3zs\u00e1kra sz\u00e1llt. Feles\u00e9ge, Veronika saj\u00e1t k\u00f6lts\u00e9g\u00e9n tette rendbe a d\u00e9sfalvi r. k. templomot(1871). <br \/><strong>Irod.:<\/strong> B\u00e1lint Zsigmond 2010; Kempelen; Kom\u00e1n J\u00e1nos: Egy magyardell\u0151i J\u00e1rmi \u00e9s a Bolyai gyermek (N\u00fa., 2023. febr. 10.); K\u0151v\u00e1ry; K\u0151v\u00e1ry L\u00e1szl\u00f3 1899; Nagy Iv\u00e1n<\/br><\/p>\n","protected":false},"excerpt":{"rendered":"<p>? \u2020\u00a01853. okt. 8.: szolgab\u00edr\u00f3. \u2013 J. Gy\u00f6rgy fia. Testv\u00e9rei: S\u00e1ndor (\u2020\u00a01860 k.) \u00e9s Karolina, D\u00f3zs\u00e1n\u00e9. Feles\u00e9ge: Szentkir\u00e1lyi Veronika. \u2013 K\u00fck\u00fcll\u0151 v\u00e1rmegye szolgab\u00edr\u00e1ja (1830\u2013). B\u00faz\u00e1sbeseny\u0151ben nagybirtokos testv\u00e9r\u00e9vel egy\u00fctt, Karolina r\u00e9v\u00e9n B\u00faz\u00e1sbeseny\u0151 a D\u00f3zs\u00e1kra sz\u00e1llt. Feles\u00e9ge, Veronika saj\u00e1t k\u00f6lts\u00e9g\u00e9n tette rendbe a d\u00e9sfalvi r. k. templomot(1871). Irod.: B\u00e1lint Zsigmond 2010; Kempelen; Kom\u00e1n J\u00e1nos: Egy magyardell\u0151i J\u00e1rmi [&hellip;]<\/p>\n","protected":false},"featured_media":0,"comment_status":"open","ping_status":"closed","template":"","meta":[],"product_brand":[],"product_cat":[137],"product_tag":[],"class_list":{"0":"post-10826","1":"product","2":"type-product","3":"status-publish","5":"product_cat-maros-megyei-eletrajzi-lexikon","7":"first","8":"instock","9":"shipping-taxable","10":"product-type-simple"},"_links":{"self":[{"href":"https:\/\/uj.adatbank.ro\/lexikon\/wp-json\/wp\/v2\/product\/10826","targetHints":{"allow":["GET"]}}],"collection":[{"href":"https:\/\/uj.adatbank.ro\/lexikon\/wp-json\/wp\/v2\/product"}],"about":[{"href":"https:\/\/uj.adatbank.ro\/lexikon\/wp-json\/wp\/v2\/types\/product"}],"replies":[{"embeddable":true,"href":"https:\/\/uj.adatbank.ro\/lexikon\/wp-json\/wp\/v2\/comments?post=10826"}],"wp:attachment":[{"href":"https:\/\/uj.adatbank.ro\/lexikon\/wp-json\/wp\/v2\/media?parent=10826"}],"wp:term":[{"taxonomy":"product_brand","embeddable":true,"href":"https:\/\/uj.adatbank.ro\/lexikon\/wp-json\/wp\/v2\/product_brand?post=10826"},{"taxonomy":"product_cat","embeddable":true,"href":"https:\/\/uj.adatbank.ro\/lexikon\/wp-json\/wp\/v2\/product_cat?post=10826"},{"taxonomy":"product_tag","embeddable":true,"href":"https:\/\/uj.adatbank.ro\/lexikon\/wp-json\/wp\/v2\/product_tag?post=10826"}],"curies":[{"name":"wp","href":"https:\/\/api.w.org\/{rel}","templated":true}]}}