{"id":10828,"date":"2025-06-29T13:32:47","date_gmt":"2025-06-29T11:32:47","guid":{"rendered":"https:\/\/uj.adatbank.ro\/lexikon\/termek\/jarmi-miklos-jarmy-miklos-magyardelloi\/"},"modified":"2025-06-29T13:32:47","modified_gmt":"2025-06-29T11:32:47","slug":"jarmi-miklos-jarmy-miklos-magyardelloi","status":"publish","type":"product","link":"https:\/\/uj.adatbank.ro\/lexikon\/termek\/jarmi-miklos-jarmy-miklos-magyardelloi\/","title":{"rendered":"J\u00c1RMI Mikl\u00f3s, J\u00e1rmy Mikl\u00f3s, magyardell\u0151i"},"content":{"rendered":"<p>? \u2020\u00a01657.: mezei kapit\u00e1ny. \u2013 J. Mikl\u00f3s \u00e9s Petrichevich Horv\u00e1th Anna fia. Ferenc v\u00e1radi alkapit\u00e1ny testv\u00e9re. \u2013 A magyardell\u0151i el\u0151nevet kezdte haszn\u00e1lni (1630.), a Maros ment\u00e9n fekv\u0151 hasonl\u00f3 nev\u0171 birtok\u00e1r\u00f3l. Udvarh\u00e1za volt Marosdell\u0151n. <br \/><strong>Irod.:<\/strong> Keresztes Gyula: \u00d6r\u00f6ks\u00e9g\u00fcnk 70.: Udvarh\u00e1zak Mv. -t\u0151l d\u00e9lre (N\u00fa., 1995. jan. 7.); K\u0151v\u00e1ry L\u00e1szl\u00f3 1899; Kraus: Erd\u00e9lyi kr\u00f3nika<\/br><\/p>\n","protected":false},"excerpt":{"rendered":"<p>? \u2020\u00a01657.: mezei kapit\u00e1ny. \u2013 J. Mikl\u00f3s \u00e9s Petrichevich Horv\u00e1th Anna fia. Ferenc v\u00e1radi alkapit\u00e1ny testv\u00e9re. \u2013 A magyardell\u0151i el\u0151nevet kezdte haszn\u00e1lni (1630.), a Maros ment\u00e9n fekv\u0151 hasonl\u00f3 nev\u0171 birtok\u00e1r\u00f3l. Udvarh\u00e1za volt Marosdell\u0151n. Irod.: Keresztes Gyula: \u00d6r\u00f6ks\u00e9g\u00fcnk 70.: Udvarh\u00e1zak Mv. -t\u0151l d\u00e9lre (N\u00fa., 1995. jan. 7.); K\u0151v\u00e1ry L\u00e1szl\u00f3 1899; Kraus: Erd\u00e9lyi kr\u00f3nika<\/p>\n","protected":false},"featured_media":0,"comment_status":"open","ping_status":"closed","template":"","meta":[],"product_brand":[],"product_cat":[137],"product_tag":[],"class_list":{"0":"post-10828","1":"product","2":"type-product","3":"status-publish","5":"product_cat-maros-megyei-eletrajzi-lexikon","7":"first","8":"instock","9":"shipping-taxable","10":"product-type-simple"},"_links":{"self":[{"href":"https:\/\/uj.adatbank.ro\/lexikon\/wp-json\/wp\/v2\/product\/10828","targetHints":{"allow":["GET"]}}],"collection":[{"href":"https:\/\/uj.adatbank.ro\/lexikon\/wp-json\/wp\/v2\/product"}],"about":[{"href":"https:\/\/uj.adatbank.ro\/lexikon\/wp-json\/wp\/v2\/types\/product"}],"replies":[{"embeddable":true,"href":"https:\/\/uj.adatbank.ro\/lexikon\/wp-json\/wp\/v2\/comments?post=10828"}],"wp:attachment":[{"href":"https:\/\/uj.adatbank.ro\/lexikon\/wp-json\/wp\/v2\/media?parent=10828"}],"wp:term":[{"taxonomy":"product_brand","embeddable":true,"href":"https:\/\/uj.adatbank.ro\/lexikon\/wp-json\/wp\/v2\/product_brand?post=10828"},{"taxonomy":"product_cat","embeddable":true,"href":"https:\/\/uj.adatbank.ro\/lexikon\/wp-json\/wp\/v2\/product_cat?post=10828"},{"taxonomy":"product_tag","embeddable":true,"href":"https:\/\/uj.adatbank.ro\/lexikon\/wp-json\/wp\/v2\/product_tag?post=10828"}],"curies":[{"name":"wp","href":"https:\/\/api.w.org\/{rel}","templated":true}]}}