{"id":10831,"date":"2025-06-29T13:32:53","date_gmt":"2025-06-29T11:32:53","guid":{"rendered":"https:\/\/uj.adatbank.ro\/lexikon\/termek\/jaszai-mari\/"},"modified":"2025-06-29T13:32:53","modified_gmt":"2025-06-29T11:32:53","slug":"jaszai-mari","status":"publish","type":"product","link":"https:\/\/uj.adatbank.ro\/lexikon\/termek\/jaszai-mari\/","title":{"rendered":"J\u00c1SZAI Mari"},"content":{"rendered":"<p>\u00c1sz\u00e1r (Mo.), 1850. febr. 24., \u2020 Bp., 1926. okt. 5.: sz\u00edn\u00e9szn\u0151. \u2013 F\u00e9rj\u00e9vel Kassai Vidorral n\u00e9gy egym\u00e1stk\u00f6vet\u0151 szezonban szerepelt Mv.-en. a kv.-i Feh\u00e9rv\u00e1ry Antal t\u00e1rsulat\u00e1val (1869. m\u00e1j., okt.; 1870 j\u00fal., szept, ; 1871. j\u00fan., szept.; 1872. m\u00e1rc.). <br \/><strong>Irod.:<\/strong> Fodor-Bal\u00e1zs; Kr\u00f3n F\u00fcz. (1937. 2\/2); Kusz\u00e1lik-Zal\u00e1nyi<\/br><\/p>\n","protected":false},"excerpt":{"rendered":"<p>\u00c1sz\u00e1r (Mo.), 1850. febr. 24., \u2020 Bp., 1926. okt. 5.: sz\u00edn\u00e9szn\u0151. \u2013 F\u00e9rj\u00e9vel Kassai Vidorral n\u00e9gy egym\u00e1stk\u00f6vet\u0151 szezonban szerepelt Mv.-en. a kv.-i Feh\u00e9rv\u00e1ry Antal t\u00e1rsulat\u00e1val (1869. m\u00e1j., okt.; 1870 j\u00fal., szept, ; 1871. j\u00fan., szept.; 1872. m\u00e1rc.). Irod.: Fodor-Bal\u00e1zs; Kr\u00f3n F\u00fcz. (1937. 2\/2); Kusz\u00e1lik-Zal\u00e1nyi<\/p>\n","protected":false},"featured_media":0,"comment_status":"open","ping_status":"closed","template":"","meta":[],"product_brand":[],"product_cat":[137],"product_tag":[],"class_list":{"0":"post-10831","1":"product","2":"type-product","3":"status-publish","5":"product_cat-maros-megyei-eletrajzi-lexikon","7":"first","8":"instock","9":"shipping-taxable","10":"product-type-simple"},"_links":{"self":[{"href":"https:\/\/uj.adatbank.ro\/lexikon\/wp-json\/wp\/v2\/product\/10831","targetHints":{"allow":["GET"]}}],"collection":[{"href":"https:\/\/uj.adatbank.ro\/lexikon\/wp-json\/wp\/v2\/product"}],"about":[{"href":"https:\/\/uj.adatbank.ro\/lexikon\/wp-json\/wp\/v2\/types\/product"}],"replies":[{"embeddable":true,"href":"https:\/\/uj.adatbank.ro\/lexikon\/wp-json\/wp\/v2\/comments?post=10831"}],"wp:attachment":[{"href":"https:\/\/uj.adatbank.ro\/lexikon\/wp-json\/wp\/v2\/media?parent=10831"}],"wp:term":[{"taxonomy":"product_brand","embeddable":true,"href":"https:\/\/uj.adatbank.ro\/lexikon\/wp-json\/wp\/v2\/product_brand?post=10831"},{"taxonomy":"product_cat","embeddable":true,"href":"https:\/\/uj.adatbank.ro\/lexikon\/wp-json\/wp\/v2\/product_cat?post=10831"},{"taxonomy":"product_tag","embeddable":true,"href":"https:\/\/uj.adatbank.ro\/lexikon\/wp-json\/wp\/v2\/product_tag?post=10831"}],"curies":[{"name":"wp","href":"https:\/\/api.w.org\/{rel}","templated":true}]}}