{"id":10833,"date":"2025-06-29T13:32:57","date_gmt":"2025-06-29T11:32:57","guid":{"rendered":"https:\/\/uj.adatbank.ro\/lexikon\/termek\/jaszberenyi-janos\/"},"modified":"2025-06-29T13:32:57","modified_gmt":"2025-06-29T11:32:57","slug":"jaszberenyi-janos","status":"publish","type":"product","link":"https:\/\/uj.adatbank.ro\/lexikon\/termek\/jaszberenyi-janos\/","title":{"rendered":"J\u00c1SZBER\u00c9NYI J\u00e1nos"},"content":{"rendered":"<p>Zichifalva, 1903., \u2020 ?: tan\u00edt\u00f3-igazgat\u00f3. \u2013 A k\u00f6z\u00e9piskol\u00e1t Kecskem\u00e9ten, a tan\u00edt\u00f3k\u00e9pz\u0151t Nagyenyeden v\u00e9gezte. A marosszentgy\u00f6rgyi iskola igazgat\u00f3ja (1941\u2013), a Hangya sz\u00f6vetkezet \u00fcgyvezet\u0151 igazgat\u00f3ja. <br \/><strong>Irod.:<\/strong> Erd\u00e9lyi v\u00e1rmegy\u00e9k<\/br><\/p>\n","protected":false},"excerpt":{"rendered":"<p>Zichifalva, 1903., \u2020 ?: tan\u00edt\u00f3-igazgat\u00f3. \u2013 A k\u00f6z\u00e9piskol\u00e1t Kecskem\u00e9ten, a tan\u00edt\u00f3k\u00e9pz\u0151t Nagyenyeden v\u00e9gezte. A marosszentgy\u00f6rgyi iskola igazgat\u00f3ja (1941\u2013), a Hangya sz\u00f6vetkezet \u00fcgyvezet\u0151 igazgat\u00f3ja. Irod.: Erd\u00e9lyi v\u00e1rmegy\u00e9k<\/p>\n","protected":false},"featured_media":0,"comment_status":"open","ping_status":"closed","template":"","meta":[],"product_brand":[],"product_cat":[137],"product_tag":[],"class_list":{"0":"post-10833","1":"product","2":"type-product","3":"status-publish","5":"product_cat-maros-megyei-eletrajzi-lexikon","7":"first","8":"instock","9":"shipping-taxable","10":"product-type-simple"},"_links":{"self":[{"href":"https:\/\/uj.adatbank.ro\/lexikon\/wp-json\/wp\/v2\/product\/10833","targetHints":{"allow":["GET"]}}],"collection":[{"href":"https:\/\/uj.adatbank.ro\/lexikon\/wp-json\/wp\/v2\/product"}],"about":[{"href":"https:\/\/uj.adatbank.ro\/lexikon\/wp-json\/wp\/v2\/types\/product"}],"replies":[{"embeddable":true,"href":"https:\/\/uj.adatbank.ro\/lexikon\/wp-json\/wp\/v2\/comments?post=10833"}],"wp:attachment":[{"href":"https:\/\/uj.adatbank.ro\/lexikon\/wp-json\/wp\/v2\/media?parent=10833"}],"wp:term":[{"taxonomy":"product_brand","embeddable":true,"href":"https:\/\/uj.adatbank.ro\/lexikon\/wp-json\/wp\/v2\/product_brand?post=10833"},{"taxonomy":"product_cat","embeddable":true,"href":"https:\/\/uj.adatbank.ro\/lexikon\/wp-json\/wp\/v2\/product_cat?post=10833"},{"taxonomy":"product_tag","embeddable":true,"href":"https:\/\/uj.adatbank.ro\/lexikon\/wp-json\/wp\/v2\/product_tag?post=10833"}],"curies":[{"name":"wp","href":"https:\/\/api.w.org\/{rel}","templated":true}]}}