{"id":10836,"date":"2025-06-29T13:33:04","date_gmt":"2025-06-29T11:33:04","guid":{"rendered":"https:\/\/uj.adatbank.ro\/lexikon\/termek\/jeddi-lajos\/"},"modified":"2025-06-29T13:33:04","modified_gmt":"2025-06-29T11:33:04","slug":"jeddi-lajos","status":"publish","type":"product","link":"https:\/\/uj.adatbank.ro\/lexikon\/termek\/jeddi-lajos\/","title":{"rendered":"JEDDI Lajos"},"content":{"rendered":"<p>Mv., 1885. v. 6, \u2020 Mv., 1960. \u00e1pr. 25.: k\u0151m\u0171ves. \u2013 Testv\u00e9re Jeddi S\u00e1ndor (Mv. 1890\u20131949). Az I. vh.-ban szakaszvezet\u0151. Vit\u00e9zi avat\u00e1si id\u0151pont: 1942. dec. 6. <br \/><strong>Irod.:<\/strong> Berekm\u00e9ri\u2013Nemes<\/br><\/p>\n","protected":false},"excerpt":{"rendered":"<p>Mv., 1885. v. 6, \u2020 Mv., 1960. \u00e1pr. 25.: k\u0151m\u0171ves. \u2013 Testv\u00e9re Jeddi S\u00e1ndor (Mv. 1890\u20131949). Az I. vh.-ban szakaszvezet\u0151. Vit\u00e9zi avat\u00e1si id\u0151pont: 1942. dec. 6. Irod.: Berekm\u00e9ri\u2013Nemes<\/p>\n","protected":false},"featured_media":0,"comment_status":"open","ping_status":"closed","template":"","meta":[],"product_brand":[],"product_cat":[137],"product_tag":[],"class_list":{"0":"post-10836","1":"product","2":"type-product","3":"status-publish","5":"product_cat-maros-megyei-eletrajzi-lexikon","7":"first","8":"instock","9":"shipping-taxable","10":"product-type-simple"},"_links":{"self":[{"href":"https:\/\/uj.adatbank.ro\/lexikon\/wp-json\/wp\/v2\/product\/10836","targetHints":{"allow":["GET"]}}],"collection":[{"href":"https:\/\/uj.adatbank.ro\/lexikon\/wp-json\/wp\/v2\/product"}],"about":[{"href":"https:\/\/uj.adatbank.ro\/lexikon\/wp-json\/wp\/v2\/types\/product"}],"replies":[{"embeddable":true,"href":"https:\/\/uj.adatbank.ro\/lexikon\/wp-json\/wp\/v2\/comments?post=10836"}],"wp:attachment":[{"href":"https:\/\/uj.adatbank.ro\/lexikon\/wp-json\/wp\/v2\/media?parent=10836"}],"wp:term":[{"taxonomy":"product_brand","embeddable":true,"href":"https:\/\/uj.adatbank.ro\/lexikon\/wp-json\/wp\/v2\/product_brand?post=10836"},{"taxonomy":"product_cat","embeddable":true,"href":"https:\/\/uj.adatbank.ro\/lexikon\/wp-json\/wp\/v2\/product_cat?post=10836"},{"taxonomy":"product_tag","embeddable":true,"href":"https:\/\/uj.adatbank.ro\/lexikon\/wp-json\/wp\/v2\/product_tag?post=10836"}],"curies":[{"name":"wp","href":"https:\/\/api.w.org\/{rel}","templated":true}]}}