{"id":10842,"date":"2025-06-29T13:33:15","date_gmt":"2025-06-29T11:33:15","guid":{"rendered":"https:\/\/uj.adatbank.ro\/lexikon\/termek\/jekelius-maria-mestrovicne\/"},"modified":"2025-06-29T13:33:15","modified_gmt":"2025-06-29T11:33:15","slug":"jekelius-maria-mestrovicne","status":"publish","type":"product","link":"https:\/\/uj.adatbank.ro\/lexikon\/termek\/jekelius-maria-mestrovicne\/","title":{"rendered":"JEKELIUS Maria, Mestrovicn\u00e9"},"content":{"rendered":"<p>? \u2020\u00a0? : \u00f3v\u00f3n\u0151. \u2013 Az els\u0151 \u00f3v\u00f3n\u0151 volt Sz\u00e1szr\u00e9genben (1886). <br \/><strong>Irod.:<\/strong> S\u00e4chsisch-Regen<\/br><\/p>\n","protected":false},"excerpt":{"rendered":"<p>? \u2020\u00a0? : \u00f3v\u00f3n\u0151. \u2013 Az els\u0151 \u00f3v\u00f3n\u0151 volt Sz\u00e1szr\u00e9genben (1886). Irod.: S\u00e4chsisch-Regen<\/p>\n","protected":false},"featured_media":0,"comment_status":"open","ping_status":"closed","template":"","meta":[],"product_brand":[],"product_cat":[137],"product_tag":[],"class_list":{"0":"post-10842","1":"product","2":"type-product","3":"status-publish","5":"product_cat-maros-megyei-eletrajzi-lexikon","7":"first","8":"instock","9":"shipping-taxable","10":"product-type-simple"},"_links":{"self":[{"href":"https:\/\/uj.adatbank.ro\/lexikon\/wp-json\/wp\/v2\/product\/10842","targetHints":{"allow":["GET"]}}],"collection":[{"href":"https:\/\/uj.adatbank.ro\/lexikon\/wp-json\/wp\/v2\/product"}],"about":[{"href":"https:\/\/uj.adatbank.ro\/lexikon\/wp-json\/wp\/v2\/types\/product"}],"replies":[{"embeddable":true,"href":"https:\/\/uj.adatbank.ro\/lexikon\/wp-json\/wp\/v2\/comments?post=10842"}],"wp:attachment":[{"href":"https:\/\/uj.adatbank.ro\/lexikon\/wp-json\/wp\/v2\/media?parent=10842"}],"wp:term":[{"taxonomy":"product_brand","embeddable":true,"href":"https:\/\/uj.adatbank.ro\/lexikon\/wp-json\/wp\/v2\/product_brand?post=10842"},{"taxonomy":"product_cat","embeddable":true,"href":"https:\/\/uj.adatbank.ro\/lexikon\/wp-json\/wp\/v2\/product_cat?post=10842"},{"taxonomy":"product_tag","embeddable":true,"href":"https:\/\/uj.adatbank.ro\/lexikon\/wp-json\/wp\/v2\/product_tag?post=10842"}],"curies":[{"name":"wp","href":"https:\/\/api.w.org\/{rel}","templated":true}]}}