{"id":10846,"date":"2025-06-29T13:33:22","date_gmt":"2025-06-29T11:33:22","guid":{"rendered":"https:\/\/uj.adatbank.ro\/lexikon\/termek\/jenaki-ferenc\/"},"modified":"2025-06-29T13:33:22","modified_gmt":"2025-06-29T11:33:22","slug":"jenaki-ferenc","status":"publish","type":"product","link":"https:\/\/uj.adatbank.ro\/lexikon\/termek\/jenaki-ferenc\/","title":{"rendered":"J\u00c9N\u00c1KI Ferenc"},"content":{"rendered":"<p>Bereck, 1885. febr. 11., \u2020\u00a0Marosszentgy\u00f6rgy, 1970. dec. 31.: r. k. pap., dr. zenetud\u00f3s. \u2013 K\u00e9zdiv\u00e1s\u00e1rhelyen, Gyulafeh\u00e9rv\u00e1ron tanult. Kv.-on az egyetemen tan\u00e1rjel\u00f6lt. Gyulafeh\u00e9rv\u00e1ron szentelt\u00e9k papp\u00e1 (1908. j\u00fan. 27.), ferences szerzetes. K\u00e1pl\u00e1n Brass\u00f3ban (1908), tan\u00e1r K\u00e9zdiv\u00e1s\u00e1rhelyen, Cs\u00edkszered\u00e1ban (1912\u201315). T\u00e1bori lelk\u00e9sz (1915). Cs\u00edkszered\u00e1ban gimn. igazgat\u00f3 (1926), tan\u00e1r Brass\u00f3ban (1928). P\u00e1pai prel\u00e1tus (1943\u2013). Helyettes pl\u00e9b\u00e1nos Sz\u00e1szv\u00e1roson (1950). Marosszentgy\u00f6rgyi pap (1951. aug. \u201353. szept.), nyugd\u00edjas tan\u00e1r. Zenetud\u00f3sk\u00e9nt K\u00e1joni J\u00e1nos zenei hagyat\u00e9k\u00e1nak egyik els\u0151 modern elemz\u0151je. <br \/><strong>Irod.:<\/strong> Ferenczi S\u00e1ndor 2009; Id\u0151t\u00e1r 4.; Maros-k\u00fck\u00fcll\u0151i f\u0151esp.; Nemes Gyula: Szakr\u00e1lis eml\u00e9kek.  =  P\u00e1l-Antal \u2013 Simon<\/br><\/p>\n","protected":false},"excerpt":{"rendered":"<p>Bereck, 1885. febr. 11., \u2020\u00a0Marosszentgy\u00f6rgy, 1970. dec. 31.: r. k. pap., dr. zenetud\u00f3s. \u2013 K\u00e9zdiv\u00e1s\u00e1rhelyen, Gyulafeh\u00e9rv\u00e1ron tanult. Kv.-on az egyetemen tan\u00e1rjel\u00f6lt. Gyulafeh\u00e9rv\u00e1ron szentelt\u00e9k papp\u00e1 (1908. j\u00fan. 27.), ferences szerzetes. K\u00e1pl\u00e1n Brass\u00f3ban (1908), tan\u00e1r K\u00e9zdiv\u00e1s\u00e1rhelyen, Cs\u00edkszered\u00e1ban (1912\u201315). T\u00e1bori lelk\u00e9sz (1915). Cs\u00edkszered\u00e1ban gimn. igazgat\u00f3 (1926), tan\u00e1r Brass\u00f3ban (1928). P\u00e1pai prel\u00e1tus (1943\u2013). Helyettes pl\u00e9b\u00e1nos Sz\u00e1szv\u00e1roson (1950). Marosszentgy\u00f6rgyi pap [&hellip;]<\/p>\n","protected":false},"featured_media":0,"comment_status":"open","ping_status":"closed","template":"","meta":[],"product_brand":[],"product_cat":[137],"product_tag":[],"class_list":{"0":"post-10846","1":"product","2":"type-product","3":"status-publish","5":"product_cat-maros-megyei-eletrajzi-lexikon","7":"first","8":"instock","9":"shipping-taxable","10":"product-type-simple"},"_links":{"self":[{"href":"https:\/\/uj.adatbank.ro\/lexikon\/wp-json\/wp\/v2\/product\/10846","targetHints":{"allow":["GET"]}}],"collection":[{"href":"https:\/\/uj.adatbank.ro\/lexikon\/wp-json\/wp\/v2\/product"}],"about":[{"href":"https:\/\/uj.adatbank.ro\/lexikon\/wp-json\/wp\/v2\/types\/product"}],"replies":[{"embeddable":true,"href":"https:\/\/uj.adatbank.ro\/lexikon\/wp-json\/wp\/v2\/comments?post=10846"}],"wp:attachment":[{"href":"https:\/\/uj.adatbank.ro\/lexikon\/wp-json\/wp\/v2\/media?parent=10846"}],"wp:term":[{"taxonomy":"product_brand","embeddable":true,"href":"https:\/\/uj.adatbank.ro\/lexikon\/wp-json\/wp\/v2\/product_brand?post=10846"},{"taxonomy":"product_cat","embeddable":true,"href":"https:\/\/uj.adatbank.ro\/lexikon\/wp-json\/wp\/v2\/product_cat?post=10846"},{"taxonomy":"product_tag","embeddable":true,"href":"https:\/\/uj.adatbank.ro\/lexikon\/wp-json\/wp\/v2\/product_tag?post=10846"}],"curies":[{"name":"wp","href":"https:\/\/api.w.org\/{rel}","templated":true}]}}