{"id":10848,"date":"2025-06-29T13:33:25","date_gmt":"2025-06-29T11:33:25","guid":{"rendered":"https:\/\/uj.adatbank.ro\/lexikon\/termek\/jenei-imre\/"},"modified":"2025-06-29T13:33:25","modified_gmt":"2025-06-29T11:33:25","slug":"jenei-imre","status":"publish","type":"product","link":"https:\/\/uj.adatbank.ro\/lexikon\/termek\/jenei-imre\/","title":{"rendered":"JENEI Imre"},"content":{"rendered":"<p>Nagyernye, 1908. j\u00fal. 12., \u2020 Bp., 1996. okt. 28.: m\u0171\u00e9p\u00edt\u00e9sz , filmrendez\u0151, forgat\u00f3k\u00f6nyv\u00edr\u00f3. \u2013 J. S\u00e1ndor ref. lelk\u00e9sz \u00e9s Zolt\u00e1n Ilona fia. \u2013 Nagyenyeden v\u00e9gezte az elemi iskol\u00e1t, Mv.-en a Ref. Koll.-ban \u00e9retts\u00e9gizett (1926), majd a Bp.-i M\u0171egyetem \u00c9p\u00edt\u00e9szeti Kar\u00e1n szerzett diplom\u00e1t. Bp.-en nem \u00e9p\u00edt\u00e9szm\u00e9rn\u00f6kk\u00e9nt dolgozott, hanem filmforgat\u00f3k\u00f6nyveket \u00edrt. Seg\u00e9drendez\u0151, majd rendez\u0151. Forgat\u00f3k\u00f6nyvei: F\u00e9rjet keresek (1940), Balkezes Angyal (1941), Egy asszony elindul (1949); Mese 12 tal\u00e1latr\u00f3l (1956). Seg\u00e9drendez\u0151: a k\u00f6v. filmek elk\u00e9sz\u00edt\u00e9s\u00e9n\u00e9l: Semmelweis (1940), F\u00e9rjet keresek (1940), J\u00f6jj\u00f6n elsej\u00e9n! (1940), A szerelem nem sz\u00e9gyen (1941), Lelki klinika (1941), Fr\u00e1ter L\u00f3r\u00e1nt (1942), A 2000 pezsg\u0151s f\u00e9rfi (1942), F\u00e9rfih\u0171s\u00e9g (1942), Szerelmil l\u00e1z (1943), Fi\u00fa vagy l\u00e1ny (1944). Rendez\u0151: N\u00e9gy lovas hint\u00f3 (1942), \u00c9s a vakok l\u00e1tnak (1944), Egy asszony elindul (1948), c. filmekn\u00e9l. T\u00e1rsrendez\u0151: Gyurkovits fi\u00fak (1941), Gyarmat a f\u00f6ld alatt (Sz\u0151cs Istv\u00e1nnal; 1952). A neorealizmus el\u0151fut\u00e1ra volt. A hatalomv\u00e1lt\u00e1s ut\u00e1n eltiltott\u00e1k a filmez\u00e9st\u0151l. B\u00e9keffy Istv\u00e1nnal \u00e9s Turai Id\u00e1val Ausztri\u00e1ban, N\u00e9meto. -ban, Sv\u00e1jcban \u00e9s Spanyolo.-ban dolgozott a filmszakm\u00e1ban. <br \/><strong>Irod.:<\/strong> Nagyernye; Nemes Gyula: 100 \u00e9ve sz\u00fcletett J. I. (N\u00fa., Sz\u00ednes Vil\u00e1g, 2008. j\u00fal. 12.)<\/br><\/p>\n","protected":false},"excerpt":{"rendered":"<p>Nagyernye, 1908. j\u00fal. 12., \u2020 Bp., 1996. okt. 28.: m\u0171\u00e9p\u00edt\u00e9sz , filmrendez\u0151, forgat\u00f3k\u00f6nyv\u00edr\u00f3. \u2013 J. S\u00e1ndor ref. lelk\u00e9sz \u00e9s Zolt\u00e1n Ilona fia. \u2013 Nagyenyeden v\u00e9gezte az elemi iskol\u00e1t, Mv.-en a Ref. Koll.-ban \u00e9retts\u00e9gizett (1926), majd a Bp.-i M\u0171egyetem \u00c9p\u00edt\u00e9szeti Kar\u00e1n szerzett diplom\u00e1t. Bp.-en nem \u00e9p\u00edt\u00e9szm\u00e9rn\u00f6kk\u00e9nt dolgozott, hanem filmforgat\u00f3k\u00f6nyveket \u00edrt. Seg\u00e9drendez\u0151, majd rendez\u0151. Forgat\u00f3k\u00f6nyvei: F\u00e9rjet keresek [&hellip;]<\/p>\n","protected":false},"featured_media":0,"comment_status":"open","ping_status":"closed","template":"","meta":[],"product_brand":[],"product_cat":[137],"product_tag":[],"class_list":{"0":"post-10848","1":"product","2":"type-product","3":"status-publish","5":"product_cat-maros-megyei-eletrajzi-lexikon","7":"first","8":"instock","9":"shipping-taxable","10":"product-type-simple"},"_links":{"self":[{"href":"https:\/\/uj.adatbank.ro\/lexikon\/wp-json\/wp\/v2\/product\/10848","targetHints":{"allow":["GET"]}}],"collection":[{"href":"https:\/\/uj.adatbank.ro\/lexikon\/wp-json\/wp\/v2\/product"}],"about":[{"href":"https:\/\/uj.adatbank.ro\/lexikon\/wp-json\/wp\/v2\/types\/product"}],"replies":[{"embeddable":true,"href":"https:\/\/uj.adatbank.ro\/lexikon\/wp-json\/wp\/v2\/comments?post=10848"}],"wp:attachment":[{"href":"https:\/\/uj.adatbank.ro\/lexikon\/wp-json\/wp\/v2\/media?parent=10848"}],"wp:term":[{"taxonomy":"product_brand","embeddable":true,"href":"https:\/\/uj.adatbank.ro\/lexikon\/wp-json\/wp\/v2\/product_brand?post=10848"},{"taxonomy":"product_cat","embeddable":true,"href":"https:\/\/uj.adatbank.ro\/lexikon\/wp-json\/wp\/v2\/product_cat?post=10848"},{"taxonomy":"product_tag","embeddable":true,"href":"https:\/\/uj.adatbank.ro\/lexikon\/wp-json\/wp\/v2\/product_tag?post=10848"}],"curies":[{"name":"wp","href":"https:\/\/api.w.org\/{rel}","templated":true}]}}