{"id":10852,"date":"2025-06-29T13:33:31","date_gmt":"2025-06-29T11:33:31","guid":{"rendered":"https:\/\/uj.adatbank.ro\/lexikon\/termek\/jenei-katalin\/"},"modified":"2025-06-29T13:33:31","modified_gmt":"2025-06-29T11:33:31","slug":"jenei-katalin","status":"publish","type":"product","link":"https:\/\/uj.adatbank.ro\/lexikon\/termek\/jenei-katalin\/","title":{"rendered":"JENEI Katalin"},"content":{"rendered":"<p>1954., \u2020\u00a0Mv., 2007. j\u00fal. 2.: tan\u00e1r. \u2013 tesnevel\u0151tan\u00e1r. <br \/><strong>Irod.:<\/strong> [Nekrol\u00f3g] (N\u00fa., 2007. j\u00fal.)<\/br><\/p>\n","protected":false},"excerpt":{"rendered":"<p>1954., \u2020\u00a0Mv., 2007. j\u00fal. 2.: tan\u00e1r. \u2013 tesnevel\u0151tan\u00e1r. Irod.: [Nekrol\u00f3g] (N\u00fa., 2007. j\u00fal.)<\/p>\n","protected":false},"featured_media":0,"comment_status":"open","ping_status":"closed","template":"","meta":[],"product_brand":[],"product_cat":[137],"product_tag":[],"class_list":{"0":"post-10852","1":"product","2":"type-product","3":"status-publish","5":"product_cat-maros-megyei-eletrajzi-lexikon","7":"first","8":"instock","9":"shipping-taxable","10":"product-type-simple"},"_links":{"self":[{"href":"https:\/\/uj.adatbank.ro\/lexikon\/wp-json\/wp\/v2\/product\/10852","targetHints":{"allow":["GET"]}}],"collection":[{"href":"https:\/\/uj.adatbank.ro\/lexikon\/wp-json\/wp\/v2\/product"}],"about":[{"href":"https:\/\/uj.adatbank.ro\/lexikon\/wp-json\/wp\/v2\/types\/product"}],"replies":[{"embeddable":true,"href":"https:\/\/uj.adatbank.ro\/lexikon\/wp-json\/wp\/v2\/comments?post=10852"}],"wp:attachment":[{"href":"https:\/\/uj.adatbank.ro\/lexikon\/wp-json\/wp\/v2\/media?parent=10852"}],"wp:term":[{"taxonomy":"product_brand","embeddable":true,"href":"https:\/\/uj.adatbank.ro\/lexikon\/wp-json\/wp\/v2\/product_brand?post=10852"},{"taxonomy":"product_cat","embeddable":true,"href":"https:\/\/uj.adatbank.ro\/lexikon\/wp-json\/wp\/v2\/product_cat?post=10852"},{"taxonomy":"product_tag","embeddable":true,"href":"https:\/\/uj.adatbank.ro\/lexikon\/wp-json\/wp\/v2\/product_tag?post=10852"}],"curies":[{"name":"wp","href":"https:\/\/api.w.org\/{rel}","templated":true}]}}