{"id":10856,"date":"2025-06-29T13:33:36","date_gmt":"2025-06-29T11:33:36","guid":{"rendered":"https:\/\/uj.adatbank.ro\/lexikon\/termek\/jeney-albert-nagyenyedi-jenei-albert\/"},"modified":"2025-06-29T13:33:36","modified_gmt":"2025-06-29T11:33:36","slug":"jeney-albert-nagyenyedi-jenei-albert","status":"publish","type":"product","link":"https:\/\/uj.adatbank.ro\/lexikon\/termek\/jeney-albert-nagyenyedi-jenei-albert\/","title":{"rendered":"JENEY Albert, nagyenyedi, Jenei Albert"},"content":{"rendered":"<p>Mv., 1833. m\u00e1rc. 16., \u2020\u00a0Mv., 1877. dec. 2.: gy\u00f3gyszer\u00e9sz, takar\u00e9kp\u00e9nzt\u00e1ri igazgat\u00f3. \u2013 J. J\u00f3zsef jog\u00e1sz (1783\u20131865) \u00e9s Zudor R\u00e1chel fia. A gy\u00e1szjelent\u00e9s szerint anyja \u00f6zv. Bartha J\u00e1nosn\u00e9. Testv\u00e9rei: Zs\u00e1net Magyari P\u00e1ln\u00e9; J\u00f3zsef k\u00e9pvisel\u0151 (1821\u201380), K\u00e1roly, gy\u00f3gyszer\u00e9sz; Rachel Szolga Mikl\u00f3sn\u00e9; Krisztina Prekup Aureln\u00e9; D\u00e9nes, feles\u00e9ge S\u00e1ndor Izabella; Lajos; Victor (1840\u20131887). Feles\u00e9ge: nagyborosny\u00f3i Bartha R\u00f3za (1837. jan. 25. \u2013 1906). Gyermekeik: Ilona Bucher K\u00e1rolyn\u00e9; Zolt\u00e1n, husz\u00e1rtiszt. \u2013 B\u00e9csben szerzett gy\u00f3gyszer\u00e9sz oklevelet (1855\u201356). A M. Orvosok \u00e9s Term\u00e9szetvizsg\u00e1l\u00f3k X. Nagygy\u0171l\u00e9s\u00e9n Mv.-en (1864. aug. 26. -szept. 2.) egy orsz\u00e1gos gy\u00f3gyszer\u00e9sz-egyes\u00fclet l\u00e9trehoz\u00e1s\u00e1t tervezt\u00e9k, a kidolgozott alapszab\u00e1lyzat egyik erd\u00e9lyi al\u00e1\u00edr\u00f3ja volt. Gy\u00f3gyszer\u00e9sz, az Arany Szarvas gy\u00f3gyszert\u00e1rat b\u00e9relte G\u00f6r\u00f6g J\u00f3zseft\u0151l Mv.-en (1865\u201377), amit Bern\u00e1dy D\u00e1niel vett b\u00e9rbe (1878. aug.). A M. Korona gy\u00f3gyszert\u00e1r tulajdonosa b\u00e1tyj\u00e1val J. K\u00e1rollyal (1865\u201378). Takar\u00e9kp\u00e9nzt\u00e1ri igazgat\u00f3, v\u00e1rosi t\u00f6rv\u00e9nyhat\u00f3s\u00e1gi bizotts\u00e1gi tag, v\u00e1rosi- \u00e9s egyh\u00e1zi k\u00e9pvisel\u0151. Az \u00c1ltal\u00e1nos Mo.-i Gy\u00f3gyszer\u00e9szek Erd\u00e9lyi ter\u00fclet\u00e9re es\u0151 VI. ker\u00fclet 2. mv.-i j\u00e1r\u00e1s\u00e1nak eln\u00f6ke volt (1874\u201377). <br \/><strong>Irod.:<\/strong> Bern\u00e1dy; csal\u00e1di inf.; Gy\u00e1szjelent\u0151; Mv. -Bal\u00e1s; P\u00e1lmay; P\u00e1lmay J\u00f3zsef; P\u00e9ter H. M.; P\u00e9ter H. M. 2013, Szab\u00f3\u2013Simon\u2013Sz\u00f6gi<\/br><\/p>\n","protected":false},"excerpt":{"rendered":"<p>Mv., 1833. m\u00e1rc. 16., \u2020\u00a0Mv., 1877. dec. 2.: gy\u00f3gyszer\u00e9sz, takar\u00e9kp\u00e9nzt\u00e1ri igazgat\u00f3. \u2013 J. J\u00f3zsef jog\u00e1sz (1783\u20131865) \u00e9s Zudor R\u00e1chel fia. A gy\u00e1szjelent\u00e9s szerint anyja \u00f6zv. Bartha J\u00e1nosn\u00e9. Testv\u00e9rei: Zs\u00e1net Magyari P\u00e1ln\u00e9; J\u00f3zsef k\u00e9pvisel\u0151 (1821\u201380), K\u00e1roly, gy\u00f3gyszer\u00e9sz; Rachel Szolga Mikl\u00f3sn\u00e9; Krisztina Prekup Aureln\u00e9; D\u00e9nes, feles\u00e9ge S\u00e1ndor Izabella; Lajos; Victor (1840\u20131887). Feles\u00e9ge: nagyborosny\u00f3i Bartha R\u00f3za (1837. jan. [&hellip;]<\/p>\n","protected":false},"featured_media":0,"comment_status":"open","ping_status":"closed","template":"","meta":[],"product_brand":[],"product_cat":[137],"product_tag":[],"class_list":{"0":"post-10856","1":"product","2":"type-product","3":"status-publish","5":"product_cat-maros-megyei-eletrajzi-lexikon","7":"first","8":"instock","9":"shipping-taxable","10":"product-type-simple"},"_links":{"self":[{"href":"https:\/\/uj.adatbank.ro\/lexikon\/wp-json\/wp\/v2\/product\/10856","targetHints":{"allow":["GET"]}}],"collection":[{"href":"https:\/\/uj.adatbank.ro\/lexikon\/wp-json\/wp\/v2\/product"}],"about":[{"href":"https:\/\/uj.adatbank.ro\/lexikon\/wp-json\/wp\/v2\/types\/product"}],"replies":[{"embeddable":true,"href":"https:\/\/uj.adatbank.ro\/lexikon\/wp-json\/wp\/v2\/comments?post=10856"}],"wp:attachment":[{"href":"https:\/\/uj.adatbank.ro\/lexikon\/wp-json\/wp\/v2\/media?parent=10856"}],"wp:term":[{"taxonomy":"product_brand","embeddable":true,"href":"https:\/\/uj.adatbank.ro\/lexikon\/wp-json\/wp\/v2\/product_brand?post=10856"},{"taxonomy":"product_cat","embeddable":true,"href":"https:\/\/uj.adatbank.ro\/lexikon\/wp-json\/wp\/v2\/product_cat?post=10856"},{"taxonomy":"product_tag","embeddable":true,"href":"https:\/\/uj.adatbank.ro\/lexikon\/wp-json\/wp\/v2\/product_tag?post=10856"}],"curies":[{"name":"wp","href":"https:\/\/api.w.org\/{rel}","templated":true}]}}