{"id":10858,"date":"2025-06-29T13:33:42","date_gmt":"2025-06-29T11:33:42","guid":{"rendered":"https:\/\/uj.adatbank.ro\/lexikon\/termek\/jeney-bela-jenei-bela-nagyenyedi\/"},"modified":"2025-06-29T13:33:42","modified_gmt":"2025-06-29T11:33:42","slug":"jeney-bela-jenei-bela-nagyenyedi","status":"publish","type":"product","link":"https:\/\/uj.adatbank.ro\/lexikon\/termek\/jeney-bela-jenei-bela-nagyenyedi\/","title":{"rendered":"JENEY B\u00e9la, Jenei B\u00e9la, nagyenyedi"},"content":{"rendered":"<p>1865.? \u2020 Sz\u00e9kelyudvarhely, 1897. aug. 3. Mv.-en temett\u00e9k aug. 5.: f\u00f6ldbirtokos. \u2013 Apja: J. Lajos. Testv\u00e9rei: Emma Eperjesi Gy\u00f6rgyn\u00e9; Irma S\u00e1nta K\u00e1rolyn\u00e9; if. Lajos; Ilona. Feles\u00e9ge: D\u00f3zsa Emma. <br \/><strong>Irod.:<\/strong> Gy\u00e1szjelent\u0151<\/br><\/p>\n","protected":false},"excerpt":{"rendered":"<p>1865.? \u2020 Sz\u00e9kelyudvarhely, 1897. aug. 3. Mv.-en temett\u00e9k aug. 5.: f\u00f6ldbirtokos. \u2013 Apja: J. Lajos. Testv\u00e9rei: Emma Eperjesi Gy\u00f6rgyn\u00e9; Irma S\u00e1nta K\u00e1rolyn\u00e9; if. Lajos; Ilona. Feles\u00e9ge: D\u00f3zsa Emma. Irod.: Gy\u00e1szjelent\u0151<\/p>\n","protected":false},"featured_media":0,"comment_status":"open","ping_status":"closed","template":"","meta":[],"product_brand":[],"product_cat":[137],"product_tag":[],"class_list":{"0":"post-10858","1":"product","2":"type-product","3":"status-publish","5":"product_cat-maros-megyei-eletrajzi-lexikon","7":"first","8":"instock","9":"shipping-taxable","10":"product-type-simple"},"_links":{"self":[{"href":"https:\/\/uj.adatbank.ro\/lexikon\/wp-json\/wp\/v2\/product\/10858","targetHints":{"allow":["GET"]}}],"collection":[{"href":"https:\/\/uj.adatbank.ro\/lexikon\/wp-json\/wp\/v2\/product"}],"about":[{"href":"https:\/\/uj.adatbank.ro\/lexikon\/wp-json\/wp\/v2\/types\/product"}],"replies":[{"embeddable":true,"href":"https:\/\/uj.adatbank.ro\/lexikon\/wp-json\/wp\/v2\/comments?post=10858"}],"wp:attachment":[{"href":"https:\/\/uj.adatbank.ro\/lexikon\/wp-json\/wp\/v2\/media?parent=10858"}],"wp:term":[{"taxonomy":"product_brand","embeddable":true,"href":"https:\/\/uj.adatbank.ro\/lexikon\/wp-json\/wp\/v2\/product_brand?post=10858"},{"taxonomy":"product_cat","embeddable":true,"href":"https:\/\/uj.adatbank.ro\/lexikon\/wp-json\/wp\/v2\/product_cat?post=10858"},{"taxonomy":"product_tag","embeddable":true,"href":"https:\/\/uj.adatbank.ro\/lexikon\/wp-json\/wp\/v2\/product_tag?post=10858"}],"curies":[{"name":"wp","href":"https:\/\/api.w.org\/{rel}","templated":true}]}}