{"id":10860,"date":"2025-06-29T13:33:47","date_gmt":"2025-06-29T11:33:47","guid":{"rendered":"https:\/\/uj.adatbank.ro\/lexikon\/termek\/jeney-denes-nagyenyedi\/"},"modified":"2025-06-29T13:33:47","modified_gmt":"2025-06-29T11:33:47","slug":"jeney-denes-nagyenyedi","status":"publish","type":"product","link":"https:\/\/uj.adatbank.ro\/lexikon\/termek\/jeney-denes-nagyenyedi\/","title":{"rendered":"JENEY D\u00e9nes, nagyenyedi"},"content":{"rendered":"<p>1835. okt., \u2020 Mv., 1879. okt. 18.: j\u00e1r\u00e1sb\u00edr\u00f3. \u2013 J. J\u00f3zsef \u00e9s Zudor R\u00e1chel fia. Testv\u00e9rei: J\u00f3zsef; Zsanett Magyari P\u00e1ln\u00e9; K\u00e1roly; Krisztina Prekup Aureln\u00e9; Lajos, Viktor; Albert, feles\u00e9ge: Bartha R\u00f3za. Feles\u00e9ge: S\u00e1ndor Izabella (1847. \u00e1pr. 1. \u2013). Gyermekeik: \u00c1rp\u00e1d, h\u00edrlap\u00edr\u00f3; Jen\u0151, Izabella, Erzs\u00e9bet. \u2013 Kir. alb\u00edr\u00f3 Mv.-en. <br \/><strong>Irod.:<\/strong> csal\u00e1di inf.; Gy\u00e1szjelent\u0151; P\u00e1lmay; P\u00e1lmay J\u00f3zsef<\/br><\/p>\n","protected":false},"excerpt":{"rendered":"<p>1835. okt., \u2020 Mv., 1879. okt. 18.: j\u00e1r\u00e1sb\u00edr\u00f3. \u2013 J. J\u00f3zsef \u00e9s Zudor R\u00e1chel fia. Testv\u00e9rei: J\u00f3zsef; Zsanett Magyari P\u00e1ln\u00e9; K\u00e1roly; Krisztina Prekup Aureln\u00e9; Lajos, Viktor; Albert, feles\u00e9ge: Bartha R\u00f3za. Feles\u00e9ge: S\u00e1ndor Izabella (1847. \u00e1pr. 1. \u2013). Gyermekeik: \u00c1rp\u00e1d, h\u00edrlap\u00edr\u00f3; Jen\u0151, Izabella, Erzs\u00e9bet. \u2013 Kir. alb\u00edr\u00f3 Mv.-en. Irod.: csal\u00e1di inf.; Gy\u00e1szjelent\u0151; P\u00e1lmay; P\u00e1lmay J\u00f3zsef<\/p>\n","protected":false},"featured_media":0,"comment_status":"open","ping_status":"closed","template":"","meta":[],"product_brand":[],"product_cat":[137],"product_tag":[],"class_list":{"0":"post-10860","1":"product","2":"type-product","3":"status-publish","5":"product_cat-maros-megyei-eletrajzi-lexikon","7":"first","8":"instock","9":"shipping-taxable","10":"product-type-simple"},"_links":{"self":[{"href":"https:\/\/uj.adatbank.ro\/lexikon\/wp-json\/wp\/v2\/product\/10860","targetHints":{"allow":["GET"]}}],"collection":[{"href":"https:\/\/uj.adatbank.ro\/lexikon\/wp-json\/wp\/v2\/product"}],"about":[{"href":"https:\/\/uj.adatbank.ro\/lexikon\/wp-json\/wp\/v2\/types\/product"}],"replies":[{"embeddable":true,"href":"https:\/\/uj.adatbank.ro\/lexikon\/wp-json\/wp\/v2\/comments?post=10860"}],"wp:attachment":[{"href":"https:\/\/uj.adatbank.ro\/lexikon\/wp-json\/wp\/v2\/media?parent=10860"}],"wp:term":[{"taxonomy":"product_brand","embeddable":true,"href":"https:\/\/uj.adatbank.ro\/lexikon\/wp-json\/wp\/v2\/product_brand?post=10860"},{"taxonomy":"product_cat","embeddable":true,"href":"https:\/\/uj.adatbank.ro\/lexikon\/wp-json\/wp\/v2\/product_cat?post=10860"},{"taxonomy":"product_tag","embeddable":true,"href":"https:\/\/uj.adatbank.ro\/lexikon\/wp-json\/wp\/v2\/product_tag?post=10860"}],"curies":[{"name":"wp","href":"https:\/\/api.w.org\/{rel}","templated":true}]}}