{"id":10863,"date":"2025-06-29T13:33:54","date_gmt":"2025-06-29T11:33:54","guid":{"rendered":"https:\/\/uj.adatbank.ro\/lexikon\/termek\/jeney-geza-nagyenyedi\/"},"modified":"2025-06-29T13:33:54","modified_gmt":"2025-06-29T11:33:54","slug":"jeney-geza-nagyenyedi","status":"publish","type":"product","link":"https:\/\/uj.adatbank.ro\/lexikon\/termek\/jeney-geza-nagyenyedi\/","title":{"rendered":"JENEY G\u00e9za, nagyenyedi"},"content":{"rendered":"<p>1873., \u2020\u00a01921.: m\u00e9rn\u00f6k. \u2013 J. J\u00f3zsef (1783\u20131865) \u00e9s Zudor Rachel fia. Feles\u00e9ge uzoni Ben\u0151 Ilona (\u20201933). \u2013 Mv.-en m\u0171k\u00f6d\u00f6tt mint okl. m\u00e9rn\u00f6k. <br \/><strong>Irod.:<\/strong> csal\u00e1di inf.; P\u00e1lmay<\/br><\/p>\n","protected":false},"excerpt":{"rendered":"<p>1873., \u2020\u00a01921.: m\u00e9rn\u00f6k. \u2013 J. J\u00f3zsef (1783\u20131865) \u00e9s Zudor Rachel fia. Feles\u00e9ge uzoni Ben\u0151 Ilona (\u20201933). \u2013 Mv.-en m\u0171k\u00f6d\u00f6tt mint okl. m\u00e9rn\u00f6k. Irod.: csal\u00e1di inf.; P\u00e1lmay<\/p>\n","protected":false},"featured_media":0,"comment_status":"open","ping_status":"closed","template":"","meta":[],"product_brand":[],"product_cat":[137],"product_tag":[],"class_list":{"0":"post-10863","1":"product","2":"type-product","3":"status-publish","5":"product_cat-maros-megyei-eletrajzi-lexikon","7":"first","8":"instock","9":"shipping-taxable","10":"product-type-simple"},"_links":{"self":[{"href":"https:\/\/uj.adatbank.ro\/lexikon\/wp-json\/wp\/v2\/product\/10863","targetHints":{"allow":["GET"]}}],"collection":[{"href":"https:\/\/uj.adatbank.ro\/lexikon\/wp-json\/wp\/v2\/product"}],"about":[{"href":"https:\/\/uj.adatbank.ro\/lexikon\/wp-json\/wp\/v2\/types\/product"}],"replies":[{"embeddable":true,"href":"https:\/\/uj.adatbank.ro\/lexikon\/wp-json\/wp\/v2\/comments?post=10863"}],"wp:attachment":[{"href":"https:\/\/uj.adatbank.ro\/lexikon\/wp-json\/wp\/v2\/media?parent=10863"}],"wp:term":[{"taxonomy":"product_brand","embeddable":true,"href":"https:\/\/uj.adatbank.ro\/lexikon\/wp-json\/wp\/v2\/product_brand?post=10863"},{"taxonomy":"product_cat","embeddable":true,"href":"https:\/\/uj.adatbank.ro\/lexikon\/wp-json\/wp\/v2\/product_cat?post=10863"},{"taxonomy":"product_tag","embeddable":true,"href":"https:\/\/uj.adatbank.ro\/lexikon\/wp-json\/wp\/v2\/product_tag?post=10863"}],"curies":[{"name":"wp","href":"https:\/\/api.w.org\/{rel}","templated":true}]}}