{"id":10866,"date":"2025-06-29T13:33:59","date_gmt":"2025-06-29T11:33:59","guid":{"rendered":"https:\/\/uj.adatbank.ro\/lexikon\/termek\/jeney-istvan-nagyenyedi\/"},"modified":"2025-06-29T13:33:59","modified_gmt":"2025-06-29T11:33:59","slug":"jeney-istvan-nagyenyedi","status":"publish","type":"product","link":"https:\/\/uj.adatbank.ro\/lexikon\/termek\/jeney-istvan-nagyenyedi\/","title":{"rendered":"JENEY Istv\u00e1n, nagyenyedi"},"content":{"rendered":"<p>Mez\u0151cs\u00e1v\u00e1s, 1776., \u2020 1846. Feles\u00e9ge: nagybaconi Keresztes Borb\u00e1la. \u2013 Gr. Rh\u00e9dei Ferenccel Tasn\u00e1dsz\u00e1nt\u00f3ra k\u00f6lt\u00f6ztek (1818). <br \/><strong>Irod.:<\/strong> csal\u00e1di inf.<\/br><\/p>\n","protected":false},"excerpt":{"rendered":"<p>Mez\u0151cs\u00e1v\u00e1s, 1776., \u2020 1846. Feles\u00e9ge: nagybaconi Keresztes Borb\u00e1la. \u2013 Gr. Rh\u00e9dei Ferenccel Tasn\u00e1dsz\u00e1nt\u00f3ra k\u00f6lt\u00f6ztek (1818). Irod.: csal\u00e1di inf.<\/p>\n","protected":false},"featured_media":0,"comment_status":"open","ping_status":"closed","template":"","meta":[],"product_brand":[],"product_cat":[137],"product_tag":[],"class_list":{"0":"post-10866","1":"product","2":"type-product","3":"status-publish","5":"product_cat-maros-megyei-eletrajzi-lexikon","7":"first","8":"instock","9":"shipping-taxable","10":"product-type-simple"},"_links":{"self":[{"href":"https:\/\/uj.adatbank.ro\/lexikon\/wp-json\/wp\/v2\/product\/10866","targetHints":{"allow":["GET"]}}],"collection":[{"href":"https:\/\/uj.adatbank.ro\/lexikon\/wp-json\/wp\/v2\/product"}],"about":[{"href":"https:\/\/uj.adatbank.ro\/lexikon\/wp-json\/wp\/v2\/types\/product"}],"replies":[{"embeddable":true,"href":"https:\/\/uj.adatbank.ro\/lexikon\/wp-json\/wp\/v2\/comments?post=10866"}],"wp:attachment":[{"href":"https:\/\/uj.adatbank.ro\/lexikon\/wp-json\/wp\/v2\/media?parent=10866"}],"wp:term":[{"taxonomy":"product_brand","embeddable":true,"href":"https:\/\/uj.adatbank.ro\/lexikon\/wp-json\/wp\/v2\/product_brand?post=10866"},{"taxonomy":"product_cat","embeddable":true,"href":"https:\/\/uj.adatbank.ro\/lexikon\/wp-json\/wp\/v2\/product_cat?post=10866"},{"taxonomy":"product_tag","embeddable":true,"href":"https:\/\/uj.adatbank.ro\/lexikon\/wp-json\/wp\/v2\/product_tag?post=10866"}],"curies":[{"name":"wp","href":"https:\/\/api.w.org\/{rel}","templated":true}]}}