{"id":10868,"date":"2025-06-29T13:34:05","date_gmt":"2025-06-29T11:34:05","guid":{"rendered":"https:\/\/uj.adatbank.ro\/lexikon\/termek\/jeney-istvan-nagyenyedi-3\/"},"modified":"2025-06-29T13:34:05","modified_gmt":"2025-06-29T11:34:05","slug":"jeney-istvan-nagyenyedi-3","status":"publish","type":"product","link":"https:\/\/uj.adatbank.ro\/lexikon\/termek\/jeney-istvan-nagyenyedi-3\/","title":{"rendered":"JENEY Istv\u00e1n, nagyenyedi"},"content":{"rendered":"<p>1898. j\u00fan. 22., \u2020\u00a0Mv., 1991. szept. 6.: jog\u00e1sz, birtokos dr. \u2013 J. J\u00f3zsef Istv\u00e1n \u00e9s Kiss Ilona fia. Feles\u00e9ge farkaslaki Hints Edit (1903. m\u00e1rc. 4. -Mv., 1983. j\u00fan. 10.). Esk\u00fcv\u0151: 1925. \u00e1pr. 4. Le\u00e1nyuk: Ilona Fl\u00f3ri\u00e1n G\u00e9z\u00e1n\u00e9. \u2013 Honv\u00e9d husz\u00e1rhadnagy, \u00e1rvasz\u00e9ki \u00fcln\u00f6k, t\u00f6bb kit\u00fcntet\u00e9s tulajdonosa. Birtokos Mez\u0151cs\u00e1v\u00e1son az \u00e1llamos\u00edt\u00e1sig. Az \u00e1llamos\u00edt\u00e1s ut\u00e1n csipkebogy\u00f3 feldolgoz\u00f3 Mv.-en. <br \/><strong>Irod.:<\/strong> csal\u00e1di inf.; [Nekrol\u00f3g](N\u00fa., 1991. szept. 10.); P\u00e1lmay; P\u00e9ter H. M.; Ref. temet\u0151<\/br><\/p>\n","protected":false},"excerpt":{"rendered":"<p>1898. j\u00fan. 22., \u2020\u00a0Mv., 1991. szept. 6.: jog\u00e1sz, birtokos dr. \u2013 J. J\u00f3zsef Istv\u00e1n \u00e9s Kiss Ilona fia. Feles\u00e9ge farkaslaki Hints Edit (1903. m\u00e1rc. 4. -Mv., 1983. j\u00fan. 10.). Esk\u00fcv\u0151: 1925. \u00e1pr. 4. Le\u00e1nyuk: Ilona Fl\u00f3ri\u00e1n G\u00e9z\u00e1n\u00e9. \u2013 Honv\u00e9d husz\u00e1rhadnagy, \u00e1rvasz\u00e9ki \u00fcln\u00f6k, t\u00f6bb kit\u00fcntet\u00e9s tulajdonosa. Birtokos Mez\u0151cs\u00e1v\u00e1son az \u00e1llamos\u00edt\u00e1sig. Az \u00e1llamos\u00edt\u00e1s ut\u00e1n csipkebogy\u00f3 feldolgoz\u00f3 Mv.-en. [&hellip;]<\/p>\n","protected":false},"featured_media":0,"comment_status":"open","ping_status":"closed","template":"","meta":[],"product_brand":[],"product_cat":[137],"product_tag":[],"class_list":{"0":"post-10868","1":"product","2":"type-product","3":"status-publish","5":"product_cat-maros-megyei-eletrajzi-lexikon","7":"first","8":"instock","9":"shipping-taxable","10":"product-type-simple"},"_links":{"self":[{"href":"https:\/\/uj.adatbank.ro\/lexikon\/wp-json\/wp\/v2\/product\/10868","targetHints":{"allow":["GET"]}}],"collection":[{"href":"https:\/\/uj.adatbank.ro\/lexikon\/wp-json\/wp\/v2\/product"}],"about":[{"href":"https:\/\/uj.adatbank.ro\/lexikon\/wp-json\/wp\/v2\/types\/product"}],"replies":[{"embeddable":true,"href":"https:\/\/uj.adatbank.ro\/lexikon\/wp-json\/wp\/v2\/comments?post=10868"}],"wp:attachment":[{"href":"https:\/\/uj.adatbank.ro\/lexikon\/wp-json\/wp\/v2\/media?parent=10868"}],"wp:term":[{"taxonomy":"product_brand","embeddable":true,"href":"https:\/\/uj.adatbank.ro\/lexikon\/wp-json\/wp\/v2\/product_brand?post=10868"},{"taxonomy":"product_cat","embeddable":true,"href":"https:\/\/uj.adatbank.ro\/lexikon\/wp-json\/wp\/v2\/product_cat?post=10868"},{"taxonomy":"product_tag","embeddable":true,"href":"https:\/\/uj.adatbank.ro\/lexikon\/wp-json\/wp\/v2\/product_tag?post=10868"}],"curies":[{"name":"wp","href":"https:\/\/api.w.org\/{rel}","templated":true}]}}