{"id":10871,"date":"2025-06-29T13:34:09","date_gmt":"2025-06-29T11:34:09","guid":{"rendered":"https:\/\/uj.adatbank.ro\/lexikon\/termek\/jeney-jozsef-istvan-nagyenyedi-jeney-joska\/"},"modified":"2025-06-29T13:34:09","modified_gmt":"2025-06-29T11:34:09","slug":"jeney-jozsef-istvan-nagyenyedi-jeney-joska","status":"publish","type":"product","link":"https:\/\/uj.adatbank.ro\/lexikon\/termek\/jeney-jozsef-istvan-nagyenyedi-jeney-joska\/","title":{"rendered":"JENEY J\u00f3zsef Istv\u00e1n, nagyenyedi, Jeney J\u00f3ska"},"content":{"rendered":"<p>1864. aug. 18., \u2020 Mez\u0151cvs\u00e1v\u00e1s, 1931. szept. 4.: f\u00f6lbirtokos. \u2013 Testv\u00e9rei: R\u00f3za, hossz\u00famezei Nagy Istv\u00e1nn\u00e9; Margit, nagyajtai Husz\u00e1r Gyul\u00e1n\u00e9. Feles\u00e9ge: 1. magyarb\u00f6lk\u00e9nyi Kiss Ilona (1869. szept. 17. \u2013 1941. nov. 19.), gyermekeik: J. Ilona (1890. m\u00e1j. 6. \u2013 1957. \u00e1pr. 4.), J\u00f3zsef (1897. jan. 30. \u2013 1955. dec. 20.), Istv\u00e1n (1898. j\u00fan. 22. \u2013); 2. Gattajai Gorove Anna (1870\u20131936), fi\u00fak: Zolt\u00e1n (1903. febr. 28. \u2013 1960. j\u00fan. 10.). \u2013 Mez\u0151cs\u00e1v\u00e1son f\u00f6ldbirtokos. H\u00edres kortes volt, gr. Bethlen Istv\u00e1n minisztereln\u00f6k j\u00f3 bar\u00e1tja. <br \/><strong>Irod.:<\/strong> csal\u00e1di inf.; Gy\u00e1szjelent\u0151; Malonyai: A magyar n\u00e9p m\u0171v\u00e9szete (Bp., 1907\u201312); P\u00e1lmay; P\u00e9ter H. M. 2013<\/br><\/p>\n","protected":false},"excerpt":{"rendered":"<p>1864. aug. 18., \u2020 Mez\u0151cvs\u00e1v\u00e1s, 1931. szept. 4.: f\u00f6lbirtokos. \u2013 Testv\u00e9rei: R\u00f3za, hossz\u00famezei Nagy Istv\u00e1nn\u00e9; Margit, nagyajtai Husz\u00e1r Gyul\u00e1n\u00e9. Feles\u00e9ge: 1. magyarb\u00f6lk\u00e9nyi Kiss Ilona (1869. szept. 17. \u2013 1941. nov. 19.), gyermekeik: J. Ilona (1890. m\u00e1j. 6. \u2013 1957. \u00e1pr. 4.), J\u00f3zsef (1897. jan. 30. \u2013 1955. dec. 20.), Istv\u00e1n (1898. j\u00fan. 22. \u2013); 2. [&hellip;]<\/p>\n","protected":false},"featured_media":0,"comment_status":"open","ping_status":"closed","template":"","meta":[],"product_brand":[],"product_cat":[137],"product_tag":[],"class_list":{"0":"post-10871","1":"product","2":"type-product","3":"status-publish","5":"product_cat-maros-megyei-eletrajzi-lexikon","7":"first","8":"instock","9":"shipping-taxable","10":"product-type-simple"},"_links":{"self":[{"href":"https:\/\/uj.adatbank.ro\/lexikon\/wp-json\/wp\/v2\/product\/10871","targetHints":{"allow":["GET"]}}],"collection":[{"href":"https:\/\/uj.adatbank.ro\/lexikon\/wp-json\/wp\/v2\/product"}],"about":[{"href":"https:\/\/uj.adatbank.ro\/lexikon\/wp-json\/wp\/v2\/types\/product"}],"replies":[{"embeddable":true,"href":"https:\/\/uj.adatbank.ro\/lexikon\/wp-json\/wp\/v2\/comments?post=10871"}],"wp:attachment":[{"href":"https:\/\/uj.adatbank.ro\/lexikon\/wp-json\/wp\/v2\/media?parent=10871"}],"wp:term":[{"taxonomy":"product_brand","embeddable":true,"href":"https:\/\/uj.adatbank.ro\/lexikon\/wp-json\/wp\/v2\/product_brand?post=10871"},{"taxonomy":"product_cat","embeddable":true,"href":"https:\/\/uj.adatbank.ro\/lexikon\/wp-json\/wp\/v2\/product_cat?post=10871"},{"taxonomy":"product_tag","embeddable":true,"href":"https:\/\/uj.adatbank.ro\/lexikon\/wp-json\/wp\/v2\/product_tag?post=10871"}],"curies":[{"name":"wp","href":"https:\/\/api.w.org\/{rel}","templated":true}]}}