{"id":10872,"date":"2025-06-29T13:34:11","date_gmt":"2025-06-29T11:34:11","guid":{"rendered":"https:\/\/uj.adatbank.ro\/lexikon\/termek\/jeney-jozsef-%c2%a7-nagyenyedi\/"},"modified":"2025-06-29T13:34:11","modified_gmt":"2025-06-29T11:34:11","slug":"jeney-jozsef-%c2%a7-nagyenyedi","status":"publish","type":"product","link":"https:\/\/uj.adatbank.ro\/lexikon\/termek\/jeney-jozsef-%c2%a7-nagyenyedi\/","title":{"rendered":"JENEY J\u00f3zsef, \u00a7 nagyenyedi"},"content":{"rendered":"<p>Mez\u0151cs\u00e1v\u00e1s, 1783., \u2020 Mv., 1865. jan. 16.: jog\u00e1sz. \u2013 J. Istv\u00e1n mez\u0151cs\u00e1v\u00e1si f\u00f6ldbirtokos fia. Testv\u00e9re: D\u00e1niel, tan\u00e1r. Feles\u00e9ge: los\u00e1di Zudor Rachel (1801\u20131874. jan. 27), t\u00edz gyermek\u00fck volt: Johanna; J\u00f3zsef; K\u00e1roly (gy\u00f3gyszer\u00e9sz); Polixenia Eke K\u00e1rolyn\u00e9 (1819 \u2013 Mv., 1862. dec. 17); Albert (gy\u00f3gyszer\u00e9sz), Krisztina, Rakhel, D\u00e9nes, Lajos, Viktor (egyetemi tan\u00e1r). \u2013 Kir. t\u00e1blai not\u00e1rius, irnok (1811), Marossz\u00e9k assessora, \u00fcln\u00f6ke, \u00e9s a Ref. Koll. p\u00e9nzt\u00e1rnoka. H\u00e1za a mv.-i Szentgy\u00f6rgy u. 14. sz. <br \/><strong>Irod.:<\/strong> csal\u00e1di inf.; Gy\u00e1szjelent\u0151; Keresztes Gyula: \u00d6r\u00f6ks\u00e9g\u00fcnk 79.: A mez\u0151cs\u00e1v\u00e1si udvarh\u00e1z (N\u00fa., 1995. j\u00fan. 24.); Kr\u00f3n. F\u00fcz. (1939. 4\/6); Ol\u00e1h-G\u00e1l R\u00f3bert: A Jeneiek \u00e9s a Bolyaiak (N\u00fa., 2011. \u00e1pr. 2.); P\u00e1lmay; P\u00e9ter H. M.<\/br><\/p>\n","protected":false},"excerpt":{"rendered":"<p>Mez\u0151cs\u00e1v\u00e1s, 1783., \u2020 Mv., 1865. jan. 16.: jog\u00e1sz. \u2013 J. Istv\u00e1n mez\u0151cs\u00e1v\u00e1si f\u00f6ldbirtokos fia. Testv\u00e9re: D\u00e1niel, tan\u00e1r. Feles\u00e9ge: los\u00e1di Zudor Rachel (1801\u20131874. jan. 27), t\u00edz gyermek\u00fck volt: Johanna; J\u00f3zsef; K\u00e1roly (gy\u00f3gyszer\u00e9sz); Polixenia Eke K\u00e1rolyn\u00e9 (1819 \u2013 Mv., 1862. dec. 17); Albert (gy\u00f3gyszer\u00e9sz), Krisztina, Rakhel, D\u00e9nes, Lajos, Viktor (egyetemi tan\u00e1r). \u2013 Kir. t\u00e1blai not\u00e1rius, irnok (1811), [&hellip;]<\/p>\n","protected":false},"featured_media":0,"comment_status":"open","ping_status":"closed","template":"","meta":[],"product_brand":[],"product_cat":[137],"product_tag":[],"class_list":{"0":"post-10872","1":"product","2":"type-product","3":"status-publish","5":"product_cat-maros-megyei-eletrajzi-lexikon","7":"first","8":"instock","9":"shipping-taxable","10":"product-type-simple"},"_links":{"self":[{"href":"https:\/\/uj.adatbank.ro\/lexikon\/wp-json\/wp\/v2\/product\/10872","targetHints":{"allow":["GET"]}}],"collection":[{"href":"https:\/\/uj.adatbank.ro\/lexikon\/wp-json\/wp\/v2\/product"}],"about":[{"href":"https:\/\/uj.adatbank.ro\/lexikon\/wp-json\/wp\/v2\/types\/product"}],"replies":[{"embeddable":true,"href":"https:\/\/uj.adatbank.ro\/lexikon\/wp-json\/wp\/v2\/comments?post=10872"}],"wp:attachment":[{"href":"https:\/\/uj.adatbank.ro\/lexikon\/wp-json\/wp\/v2\/media?parent=10872"}],"wp:term":[{"taxonomy":"product_brand","embeddable":true,"href":"https:\/\/uj.adatbank.ro\/lexikon\/wp-json\/wp\/v2\/product_brand?post=10872"},{"taxonomy":"product_cat","embeddable":true,"href":"https:\/\/uj.adatbank.ro\/lexikon\/wp-json\/wp\/v2\/product_cat?post=10872"},{"taxonomy":"product_tag","embeddable":true,"href":"https:\/\/uj.adatbank.ro\/lexikon\/wp-json\/wp\/v2\/product_tag?post=10872"}],"curies":[{"name":"wp","href":"https:\/\/api.w.org\/{rel}","templated":true}]}}